{"id":11693,"date":"2019-06-03T15:44:37","date_gmt":"2019-06-03T12:44:37","guid":{"rendered":"https:\/\/www.lekogroup.fi\/www\/?page_id=11693"},"modified":"2024-03-14T13:30:11","modified_gmt":"2024-03-14T11:30:11","slug":"leko-group-2","status":"publish","type":"page","link":"https:\/\/www.lekogroup.fi\/www\/de\/leko-group-2\/","title":{"rendered":"LEKO Group"},"content":{"rendered":"<p><img decoding=\"async\" class=\"alignnone wp-image-10845 size-large lazyload\" data-src=\"https:\/\/www.lekogroup.fi\/www\/wp-content\/uploads\/2019\/04\/LEKO_GROUP_1-1-1024x456.jpg\" alt=\"\" width=\"1024\" height=\"456\" data-srcset=\"https:\/\/www.lekogroup.fi\/www\/wp-content\/uploads\/2019\/04\/LEKO_GROUP_1-1-1024x456.jpg 1024w, https:\/\/www.lekogroup.fi\/www\/wp-content\/uploads\/2019\/04\/LEKO_GROUP_1-1-300x134.jpg 300w, https:\/\/www.lekogroup.fi\/www\/wp-content\/uploads\/2019\/04\/LEKO_GROUP_1-1-768x342.jpg 768w, https:\/\/www.lekogroup.fi\/www\/wp-content\/uploads\/2019\/04\/LEKO_GROUP_1-1.jpg 1950w\" data-sizes=\"(max-width: 1024px) 100vw, 1024px\" src=\"data:image\/svg+xml;base64,PHN2ZyB3aWR0aD0iMSIgaGVpZ2h0PSIxIiB4bWxucz0iaHR0cDovL3d3dy53My5vcmcvMjAwMC9zdmciPjwvc3ZnPg==\" style=\"--smush-placeholder-width: 1024px; --smush-placeholder-aspect-ratio: 1024\/456;\" \/><\/p>\n<h1>LEKO Group<\/h1>\n<p>Die LEKO Group Gmbh ist f\u00fcr die Verwaltung der Gruppe verantwortlich. Die LEKO-Gruppe besteht aus der Schwermaschinenwerkstatt Lehtosen Konepaja Gmbh, der mittelschweren Maschinenwerkstatt Vilmet Gmbh und den Unternehmen, die ihre eigenen Produkte herstellen, Siirtoruuvi Gmbh und LEKO Fans Gmbh. Unsere eigenen Produkte sind Transferschnecken und Schneckenf\u00f6rderer, diverse LEKO F\u00f6rderer und F\u00f6rdersystembaugruppen sowie industrielle Ventilatorl\u00f6sungen.<\/p>\n<h3>Vier Servicebereiche sind auf herausfordernde industrielle L\u00f6sungen spezialisiert<\/h3>\n<p>Gemeinsame Inhaberbasis, Verwaltung und Gesch\u00e4ftsfelder vereinen eine Gruppe mit starkem Fokus auf gro\u00dfe Industriel\u00f6sungen. Die Unternehmen der LEKO Group arbeiten mit hoher Synergie zusammen und unsere Fachgebiete unterst\u00fctzen sich gegenseitig. Wir sind gemeinsam f\u00e4hig, selbst herausfordernde und komplexe Projekte umzusetzen.<\/p>\n<h3>Qualit\u00e4t auf dem Meer, f\u00fcr H\u00e4fen und den Industriebau<\/h3>\n<p>Die LEKO Group verf\u00fcgt \u00fcber eine lange Geschichte in der Abwicklung von herausfordernden Projekten auf See, in Docks, der D\u00fcngemittelindustrie, fossilen und erneuerbaren Energieerzeugung sowie Industriebau und industriellen Fertigung.<\/p>\n<p>Wir sind f\u00fcr Qualit\u00e4t, langfristige bew\u00e4hrte Zusammenarbeit und dem kompromisslosen Wunsch f\u00fcr Verbesserung bekannt. Wir sind ein beliebter Arbeitgeber, verl\u00e4sslicher Partner und ein finanziell starkes Unternehmen. Wir respektieren die Natur und sch\u00e4tzen Sicherheit. Unsere Gesch\u00e4ftst\u00e4tigkeiten zeichnen sich durch Integrit\u00e4t, Offenheit und faires Gesch\u00e4ftsgebaren aus. Wir sind eine aktive Kraft und St\u00fctze hinsichtlich die allgemeine Gesellschaft betreffenden Angelegenheiten.<\/p>\n<p>&nbsp;<\/p>\n<p><iframe data-src=\"https:\/\/www.youtube.com\/embed\/pqq5XJHWPp0\" width=\"880\" height=\"495\" frameborder=\"0\" allowfullscreen=\"allowfullscreen\" src=\"data:image\/svg+xml;base64,PHN2ZyB3aWR0aD0iMSIgaGVpZ2h0PSIxIiB4bWxucz0iaHR0cDovL3d3dy53My5vcmcvMjAwMC9zdmciPjwvc3ZnPg==\" class=\"lazyload\" data-load-mode=\"1\"><\/iframe><\/p>\n","protected":false},"excerpt":{"rendered":"<p>LEKO Group Die LEKO Group Gmbh ist f\u00fcr die Verwaltung der Gruppe verantwortlich. Die LEKO-Gruppe besteht aus der Schwermaschinenwerkstatt Lehtosen Konepaja Gmbh, der mittelschweren Maschinenwerkstatt Vilmet Gmbh und den Unternehmen, die ihre eigenen Produkte herstellen, Siirtoruuvi Gmbh und LEKO Fans Gmbh. Unsere eigenen Produkte sind Transferschnecken und Schneckenf\u00f6rderer, diverse LEKO F\u00f6rderer und F\u00f6rdersystembaugruppen sowie industrielle &hellip; <\/p>\n<p class=\"link-more\"><a href=\"https:\/\/www.lekogroup.fi\/www\/de\/leko-group-2\/\" class=\"more-link\">Read More <span class=\"screen-reader-text\"> &#8221;LEKO Group&#8221;<\/span><\/a><\/p>\n","protected":false},"author":1,"featured_media":0,"parent":0,"menu_order":0,"comment_status":"closed","ping_status":"closed","template":"","meta":{"_monsterinsights_skip_tracking":false,"_monsterinsights_sitenote_active":false,"_monsterinsights_sitenote_note":"","_monsterinsights_sitenote_category":0,"ngg_post_thumbnail":0,"footnotes":""},"class_list":["post-11693","page","type-page","status-publish","hentry"],"yoast_head":"<!-- This site is optimized with the Yoast SEO plugin v27.0 - https:\/\/yoast.com\/product\/yoast-seo-wordpress\/ -->\n<title>LEKO Group - Raskaan teollisuuden monipuolinen kumppani - LekoGroup<\/title>\n<meta name=\"robots\" content=\"index, follow, max-snippet:-1, max-image-preview:large, max-video-preview:-1\" \/>\n<link rel=\"canonical\" href=\"https:\/\/www.lekogroup.fi\/www\/de\/leko-group-2\/\" \/>\n<meta property=\"og:locale\" content=\"fi_FI\" \/>\n<meta property=\"og:type\" content=\"article\" \/>\n<meta property=\"og:title\" content=\"LEKO Group - Raskaan teollisuuden monipuolinen kumppani - LekoGroup\" \/>\n<meta property=\"og:description\" content=\"LEKO Group Die LEKO Group Gmbh ist f\u00fcr die Verwaltung der Gruppe verantwortlich. Die LEKO-Gruppe besteht aus der Schwermaschinenwerkstatt Lehtosen Konepaja Gmbh, der mittelschweren Maschinenwerkstatt Vilmet Gmbh und den Unternehmen, die ihre eigenen Produkte herstellen, Siirtoruuvi Gmbh und LEKO Fans Gmbh. Unsere eigenen Produkte sind Transferschnecken und Schneckenf\u00f6rderer, diverse LEKO F\u00f6rderer und F\u00f6rdersystembaugruppen sowie industrielle &hellip; Read More &quot;LEKO Group&quot;\" \/>\n<meta property=\"og:url\" content=\"https:\/\/www.lekogroup.fi\/www\/de\/leko-group-2\/\" \/>\n<meta property=\"og:site_name\" content=\"Raskaan teollisuuden monipuolinen kumppani - LekoGroup\" \/>\n<meta property=\"article:modified_time\" content=\"2024-03-14T11:30:11+00:00\" \/>\n<meta property=\"og:image\" content=\"https:\/\/www.lekogroup.fi\/www\/wp-content\/uploads\/2019\/04\/LEKO_GROUP_1-1-1024x456.jpg\" \/>\n<meta name=\"twitter:card\" content=\"summary_large_image\" \/>\n<meta name=\"twitter:label1\" content=\"Arvioitu lukuaika\" \/>\n\t<meta name=\"twitter:data1\" content=\"2 minuuttia\" \/>\n<script type=\"application\/ld+json\" class=\"yoast-schema-graph\">{\"@context\":\"https:\/\/schema.org\",\"@graph\":[{\"@type\":\"WebPage\",\"@id\":\"https:\/\/www.lekogroup.fi\/www\/de\/leko-group-2\/\",\"url\":\"https:\/\/www.lekogroup.fi\/www\/de\/leko-group-2\/\",\"name\":\"LEKO Group - Raskaan teollisuuden monipuolinen kumppani - LekoGroup\",\"isPartOf\":{\"@id\":\"https:\/\/www.lekogroup.fi\/www\/#website\"},\"primaryImageOfPage\":{\"@id\":\"https:\/\/www.lekogroup.fi\/www\/de\/leko-group-2\/#primaryimage\"},\"image\":{\"@id\":\"https:\/\/www.lekogroup.fi\/www\/de\/leko-group-2\/#primaryimage\"},\"thumbnailUrl\":\"https:\/\/www.lekogroup.fi\/www\/wp-content\/uploads\/2019\/04\/LEKO_GROUP_1-1-1024x456.jpg\",\"datePublished\":\"2019-06-03T12:44:37+00:00\",\"dateModified\":\"2024-03-14T11:30:11+00:00\",\"breadcrumb\":{\"@id\":\"https:\/\/www.lekogroup.fi\/www\/de\/leko-group-2\/#breadcrumb\"},\"inLanguage\":\"fi\",\"potentialAction\":[{\"@type\":\"ReadAction\",\"target\":[\"https:\/\/www.lekogroup.fi\/www\/de\/leko-group-2\/\"]}]},{\"@type\":\"ImageObject\",\"inLanguage\":\"fi\",\"@id\":\"https:\/\/www.lekogroup.fi\/www\/de\/leko-group-2\/#primaryimage\",\"url\":\"https:\/\/www.lekogroup.fi\/www\/wp-content\/uploads\/2019\/04\/LEKO_GROUP_1-1.jpg\",\"contentUrl\":\"https:\/\/www.lekogroup.fi\/www\/wp-content\/uploads\/2019\/04\/LEKO_GROUP_1-1.jpg\",\"width\":1950,\"height\":868},{\"@type\":\"BreadcrumbList\",\"@id\":\"https:\/\/www.lekogroup.fi\/www\/de\/leko-group-2\/#breadcrumb\",\"itemListElement\":[{\"@type\":\"ListItem\",\"position\":1,\"name\":\"Home\",\"item\":\"https:\/\/www.lekogroup.fi\/www\/fi\/etusivu\/\"},{\"@type\":\"ListItem\",\"position\":2,\"name\":\"LEKO Group\"}]},{\"@type\":\"WebSite\",\"@id\":\"https:\/\/www.lekogroup.fi\/www\/#website\",\"url\":\"https:\/\/www.lekogroup.fi\/www\/\",\"name\":\"Raskaan teollisuuden monipuolinen kumppani - LekoGroup\",\"description\":\"\",\"publisher\":{\"@id\":\"https:\/\/www.lekogroup.fi\/www\/#organization\"},\"potentialAction\":[{\"@type\":\"SearchAction\",\"target\":{\"@type\":\"EntryPoint\",\"urlTemplate\":\"https:\/\/www.lekogroup.fi\/www\/?s={search_term_string}\"},\"query-input\":{\"@type\":\"PropertyValueSpecification\",\"valueRequired\":true,\"valueName\":\"search_term_string\"}}],\"inLanguage\":\"fi\"},{\"@type\":\"Organization\",\"@id\":\"https:\/\/www.lekogroup.fi\/www\/#organization\",\"name\":\"Raskaan teollisuuden monipuolinen kumppani - LekoGroup\",\"url\":\"https:\/\/www.lekogroup.fi\/www\/\",\"logo\":{\"@type\":\"ImageObject\",\"inLanguage\":\"fi\",\"@id\":\"https:\/\/www.lekogroup.fi\/www\/#\/schema\/logo\/image\/\",\"url\":\"https:\/\/www.lekogroup.fi\/www\/wp-content\/uploads\/2022\/12\/cropped-leko_group_logo.png\",\"contentUrl\":\"https:\/\/www.lekogroup.fi\/www\/wp-content\/uploads\/2022\/12\/cropped-leko_group_logo.png\",\"width\":833,\"height\":250,\"caption\":\"Raskaan teollisuuden monipuolinen kumppani - LekoGroup\"},\"image\":{\"@id\":\"https:\/\/www.lekogroup.fi\/www\/#\/schema\/logo\/image\/\"}}]}<\/script>\n<!-- \/ Yoast SEO plugin. -->","yoast_head_json":{"title":"LEKO Group - Raskaan teollisuuden monipuolinen kumppani - LekoGroup","robots":{"index":"index","follow":"follow","max-snippet":"max-snippet:-1","max-image-preview":"max-image-preview:large","max-video-preview":"max-video-preview:-1"},"canonical":"https:\/\/www.lekogroup.fi\/www\/de\/leko-group-2\/","og_locale":"fi_FI","og_type":"article","og_title":"LEKO Group - Raskaan teollisuuden monipuolinen kumppani - LekoGroup","og_description":"LEKO Group Die LEKO Group Gmbh ist f\u00fcr die Verwaltung der Gruppe verantwortlich. Die LEKO-Gruppe besteht aus der Schwermaschinenwerkstatt Lehtosen Konepaja Gmbh, der mittelschweren Maschinenwerkstatt Vilmet Gmbh und den Unternehmen, die ihre eigenen Produkte herstellen, Siirtoruuvi Gmbh und LEKO Fans Gmbh. Unsere eigenen Produkte sind Transferschnecken und Schneckenf\u00f6rderer, diverse LEKO F\u00f6rderer und F\u00f6rdersystembaugruppen sowie industrielle &hellip; Read More \"LEKO Group\"","og_url":"https:\/\/www.lekogroup.fi\/www\/de\/leko-group-2\/","og_site_name":"Raskaan teollisuuden monipuolinen kumppani - LekoGroup","article_modified_time":"2024-03-14T11:30:11+00:00","og_image":[{"url":"https:\/\/www.lekogroup.fi\/www\/wp-content\/uploads\/2019\/04\/LEKO_GROUP_1-1-1024x456.jpg","type":"","width":"","height":""}],"twitter_card":"summary_large_image","twitter_misc":{"Arvioitu lukuaika":"2 minuuttia"},"schema":{"@context":"https:\/\/schema.org","@graph":[{"@type":"WebPage","@id":"https:\/\/www.lekogroup.fi\/www\/de\/leko-group-2\/","url":"https:\/\/www.lekogroup.fi\/www\/de\/leko-group-2\/","name":"LEKO Group - Raskaan teollisuuden monipuolinen kumppani - LekoGroup","isPartOf":{"@id":"https:\/\/www.lekogroup.fi\/www\/#website"},"primaryImageOfPage":{"@id":"https:\/\/www.lekogroup.fi\/www\/de\/leko-group-2\/#primaryimage"},"image":{"@id":"https:\/\/www.lekogroup.fi\/www\/de\/leko-group-2\/#primaryimage"},"thumbnailUrl":"https:\/\/www.lekogroup.fi\/www\/wp-content\/uploads\/2019\/04\/LEKO_GROUP_1-1-1024x456.jpg","datePublished":"2019-06-03T12:44:37+00:00","dateModified":"2024-03-14T11:30:11+00:00","breadcrumb":{"@id":"https:\/\/www.lekogroup.fi\/www\/de\/leko-group-2\/#breadcrumb"},"inLanguage":"fi","potentialAction":[{"@type":"ReadAction","target":["https:\/\/www.lekogroup.fi\/www\/de\/leko-group-2\/"]}]},{"@type":"ImageObject","inLanguage":"fi","@id":"https:\/\/www.lekogroup.fi\/www\/de\/leko-group-2\/#primaryimage","url":"https:\/\/www.lekogroup.fi\/www\/wp-content\/uploads\/2019\/04\/LEKO_GROUP_1-1.jpg","contentUrl":"https:\/\/www.lekogroup.fi\/www\/wp-content\/uploads\/2019\/04\/LEKO_GROUP_1-1.jpg","width":1950,"height":868},{"@type":"BreadcrumbList","@id":"https:\/\/www.lekogroup.fi\/www\/de\/leko-group-2\/#breadcrumb","itemListElement":[{"@type":"ListItem","position":1,"name":"Home","item":"https:\/\/www.lekogroup.fi\/www\/fi\/etusivu\/"},{"@type":"ListItem","position":2,"name":"LEKO Group"}]},{"@type":"WebSite","@id":"https:\/\/www.lekogroup.fi\/www\/#website","url":"https:\/\/www.lekogroup.fi\/www\/","name":"Raskaan teollisuuden monipuolinen kumppani - LekoGroup","description":"","publisher":{"@id":"https:\/\/www.lekogroup.fi\/www\/#organization"},"potentialAction":[{"@type":"SearchAction","target":{"@type":"EntryPoint","urlTemplate":"https:\/\/www.lekogroup.fi\/www\/?s={search_term_string}"},"query-input":{"@type":"PropertyValueSpecification","valueRequired":true,"valueName":"search_term_string"}}],"inLanguage":"fi"},{"@type":"Organization","@id":"https:\/\/www.lekogroup.fi\/www\/#organization","name":"Raskaan teollisuuden monipuolinen kumppani - LekoGroup","url":"https:\/\/www.lekogroup.fi\/www\/","logo":{"@type":"ImageObject","inLanguage":"fi","@id":"https:\/\/www.lekogroup.fi\/www\/#\/schema\/logo\/image\/","url":"https:\/\/www.lekogroup.fi\/www\/wp-content\/uploads\/2022\/12\/cropped-leko_group_logo.png","contentUrl":"https:\/\/www.lekogroup.fi\/www\/wp-content\/uploads\/2022\/12\/cropped-leko_group_logo.png","width":833,"height":250,"caption":"Raskaan teollisuuden monipuolinen kumppani - LekoGroup"},"image":{"@id":"https:\/\/www.lekogroup.fi\/www\/#\/schema\/logo\/image\/"}}]}},"_links":{"self":[{"href":"https:\/\/www.lekogroup.fi\/www\/wp-json\/wp\/v2\/pages\/11693","targetHints":{"allow":["GET"]}}],"collection":[{"href":"https:\/\/www.lekogroup.fi\/www\/wp-json\/wp\/v2\/pages"}],"about":[{"href":"https:\/\/www.lekogroup.fi\/www\/wp-json\/wp\/v2\/types\/page"}],"author":[{"embeddable":true,"href":"https:\/\/www.lekogroup.fi\/www\/wp-json\/wp\/v2\/users\/1"}],"replies":[{"embeddable":true,"href":"https:\/\/www.lekogroup.fi\/www\/wp-json\/wp\/v2\/comments?post=11693"}],"version-history":[{"count":4,"href":"https:\/\/www.lekogroup.fi\/www\/wp-json\/wp\/v2\/pages\/11693\/revisions"}],"predecessor-version":[{"id":16553,"href":"https:\/\/www.lekogroup.fi\/www\/wp-json\/wp\/v2\/pages\/11693\/revisions\/16553"}],"wp:attachment":[{"href":"https:\/\/www.lekogroup.fi\/www\/wp-json\/wp\/v2\/media?parent=11693"}],"curies":[{"name":"wp","href":"https:\/\/api.w.org\/{rel}","templated":true}]}}