{"id":11699,"date":"2019-06-04T09:20:05","date_gmt":"2019-06-04T06:20:05","guid":{"rendered":"https:\/\/www.lekogroup.fi\/www\/?page_id=11699"},"modified":"2025-06-02T11:35:56","modified_gmt":"2025-06-02T08:35:56","slug":"nachhaltigkeit","status":"publish","type":"page","link":"https:\/\/www.lekogroup.fi\/www\/de\/nachhaltigkeit\/","title":{"rendered":"Nachhaltigkeit"},"content":{"rendered":"<p><img decoding=\"async\" class=\"alignnone size-full wp-image-10852 lazyload\" data-src=\"https:\/\/www.lekogroup.fi\/www\/wp-content\/uploads\/2019\/04\/LEKO_GROUP_KESTAVAKEHITYS.jpg\" alt=\"\" width=\"1000\" height=\"468\" data-srcset=\"https:\/\/www.lekogroup.fi\/www\/wp-content\/uploads\/2019\/04\/LEKO_GROUP_KESTAVAKEHITYS.jpg 1000w, https:\/\/www.lekogroup.fi\/www\/wp-content\/uploads\/2019\/04\/LEKO_GROUP_KESTAVAKEHITYS-300x140.jpg 300w, https:\/\/www.lekogroup.fi\/www\/wp-content\/uploads\/2019\/04\/LEKO_GROUP_KESTAVAKEHITYS-768x359.jpg 768w\" data-sizes=\"(max-width: 1000px) 100vw, 1000px\" src=\"data:image\/svg+xml;base64,PHN2ZyB3aWR0aD0iMSIgaGVpZ2h0PSIxIiB4bWxucz0iaHR0cDovL3d3dy53My5vcmcvMjAwMC9zdmciPjwvc3ZnPg==\" style=\"--smush-placeholder-width: 1000px; --smush-placeholder-aspect-ratio: 1000\/468;\" \/><\/p>\n<h1>Qualit\u00e4t, Werte und zertifizierte T\u00e4tigkeiten<\/h1>\n<p>Wahre langfristige Zusammenarbeit wird durch eingehaltene Zusagen und kompromisslose Qualit\u00e4t der Produkte kreiert. Die engagierte Entwicklung auf lange Sicht, Stabilit\u00e4t und das Vertrauen zwischen dem Personal und anderen Interessengruppen sind die Grundsteine des Unternehmens.<\/p>\n<p>Die Zertifizierung zeigt, dass ein Unternehmen erfolgreich das Ziel, ein Experte bei Qualit\u00e4t, Sicherheit, nachhaltiger Entwicklung und betrieblicher Verl\u00e4sslichkeit und Lieferzuverl\u00e4ssigkeit zu werden, erreicht hat. Von Dritten zertifizierte Betriebsabl\u00e4ufe sind ein zuverl\u00e4ssiger Indikator der aktuellen Situation und Werte eines Unternehmens.<\/p>\n<p><img decoding=\"async\" class=\"alignright size-full wp-image-16570 lazyload\" data-src=\"https:\/\/www.lekogroup.fi\/www\/wp-content\/uploads\/2024\/03\/leko-group-lehtosen-konepaja-ISO-9001-2015_ISO-3824-2-2.png\" alt=\"leko-group-lehtosen-konepaja-ISO-9001-2015_ISO-3824-2\" width=\"180\" height=\"230\" src=\"data:image\/svg+xml;base64,PHN2ZyB3aWR0aD0iMSIgaGVpZ2h0PSIxIiB4bWxucz0iaHR0cDovL3d3dy53My5vcmcvMjAwMC9zdmciPjwvc3ZnPg==\" style=\"--smush-placeholder-width: 180px; --smush-placeholder-aspect-ratio: 180\/230;\">\u2022 <span style=\"color: #005dab;\"><a style=\"color: #005dab;\" href=\"https:\/\/www.lekogroup.fi\/www\/wp-content\/uploads\/2025\/06\/ISO_9001-ENG-82878-2010-AQ-FIN-FINAS-6-20250526.pdf\" target=\"_blank\" rel=\"noopener\">Lehtosen Konepajas Betriebssystem ist nach der Norm ISO 9001:2015 zertifiziert.<\/a><\/span><br \/>\n\u2022 <a href=\"https:\/\/www.lekogroup.fi\/www\/wp-content\/uploads\/2024\/08\/ISO-3834_2_2021_LehtosenKonepajaOy_ENG_Final-20240701-ID-169182.pdf\" target=\"_blank\" rel=\"noopener\"><span style=\"color: #005dab;\">Wir setzen f\u00fcr das Schwei\u00dfen ein nach der Norm SFS-EN ISO 3834-2 zertifiziertes Qualit\u00e4tsmanagementsystem ein.<\/span><\/a><br \/>\n\u2022 <a style=\"color: #005dab;\" href=\"https:\/\/www.lekogroup.fi\/www\/wp-content\/uploads\/2024\/07\/Sertifikaatti-SFS-EN-1090-2.pdf\" target=\"_blank\" rel=\"noopener\">Konformit\u00e4tszertifikat der werkseigenen Produktionskontrolle<\/a><br \/>\n\u2022 In Bezug auf Umweltangelegenheiten basieren unsere T\u00e4tigkeiten auf der Norm SFS-EN ISO 14001.<\/p>\n<p>Wir arbeiten auch als weltweit zertifizierter Subunternehmer unserer Kunden Kongsberg Maritime Finland Oy und Siemens.<\/p>\n<h3>Ber\u00fccksichtigung der Umwelt<\/h3>\n<p>Unsere Umweltrichtlinie ist die Grundlage f\u00fcr andere Ziele und sie bestimmt die Betriebsgrunds\u00e4tze unserer Organisation. Wir ber\u00fccksichtigen bei all unseren T\u00e4tigkeiten die Umwelt und dessen Wohlbefinden sowie die nachhaltige Entwicklung, indem wir die Fertigung und Nebenaktivit\u00e4ten verbessern und laufend umweltfreundlicher machen. Wir bewerten bei der Auswahl von Subunternehmern ihren Einsatz f\u00fcr die Umwelt.<\/p>\n<h3>Kundenorientierung<\/h3>\n<p>Unsere Gesch\u00e4ftst\u00e4tigkeit beruht auf der Steigerung des Erfolgs unserer Kunden. Durch unser f\u00e4higes Personal, das geschickte Management und die moderne Ausr\u00fcstung k\u00f6nnen wir effizient und flexibel zum Nutzen unserer Kunden arbeiten. Wir liefern unseren Kunden hochwertige, wettbewerbsf\u00e4hige Produkte, die anhand ihrer Vorgaben gefertigt wurden.<\/p>\n<h3><img decoding=\"async\" class=\"alignright size-full wp-image-14443 lazyload\" data-src=\"https:\/\/www.lekogroup.fi\/www\/wp-content\/uploads\/2022\/04\/Suomen-Vahvimmat-Lehtosen-Konepaja-Oy-2022-2.jpg\" alt=\"\" width=\"209\" height=\"300\" src=\"data:image\/svg+xml;base64,PHN2ZyB3aWR0aD0iMSIgaGVpZ2h0PSIxIiB4bWxucz0iaHR0cDovL3d3dy53My5vcmcvMjAwMC9zdmciPjwvc3ZnPg==\" style=\"--smush-placeholder-width: 209px; --smush-placeholder-aspect-ratio: 209\/300;\">Verantwortung<\/h3>\n<p>Wir sind ein verl\u00e4sslicher Arbeitgeber und Gesch\u00e4ftspartner. Es ist f\u00fcr uns eine Frage der Ehre, unsere Zusagen einzuhalten. Wir sorgen uns auch um das gegenseitige Wohlbefinden und unsere Sicherheit. Wir sch\u00e4digen die Natur und die uns umgebenden Gemeinschaften so wenig wie m\u00f6glich.<\/p>\n","protected":false},"excerpt":{"rendered":"<p>Qualit\u00e4t, Werte und zertifizierte T\u00e4tigkeiten Wahre langfristige Zusammenarbeit wird durch eingehaltene Zusagen und kompromisslose Qualit\u00e4t der Produkte kreiert. Die engagierte Entwicklung auf lange Sicht, Stabilit\u00e4t und das Vertrauen zwischen dem Personal und anderen Interessengruppen sind die Grundsteine des Unternehmens. Die Zertifizierung zeigt, dass ein Unternehmen erfolgreich das Ziel, ein Experte bei Qualit\u00e4t, Sicherheit, nachhaltiger Entwicklung &hellip; <\/p>\n<p class=\"link-more\"><a href=\"https:\/\/www.lekogroup.fi\/www\/de\/nachhaltigkeit\/\" class=\"more-link\">Read More <span class=\"screen-reader-text\"> &#8221;Nachhaltigkeit&#8221;<\/span><\/a><\/p>\n","protected":false},"author":1,"featured_media":0,"parent":0,"menu_order":0,"comment_status":"closed","ping_status":"closed","template":"","meta":{"_monsterinsights_skip_tracking":false,"_monsterinsights_sitenote_active":false,"_monsterinsights_sitenote_note":"","_monsterinsights_sitenote_category":0,"ngg_post_thumbnail":0,"footnotes":""},"class_list":["post-11699","page","type-page","status-publish","hentry"],"yoast_head":"<!-- This site is optimized with the Yoast SEO plugin v27.0 - https:\/\/yoast.com\/product\/yoast-seo-wordpress\/ -->\n<title>Nachhaltigkeit - Raskaan teollisuuden monipuolinen kumppani - LekoGroup<\/title>\n<meta name=\"robots\" content=\"index, follow, max-snippet:-1, max-image-preview:large, max-video-preview:-1\" \/>\n<link rel=\"canonical\" href=\"https:\/\/www.lekogroup.fi\/www\/de\/nachhaltigkeit\/\" \/>\n<meta property=\"og:locale\" content=\"fi_FI\" \/>\n<meta property=\"og:type\" content=\"article\" \/>\n<meta property=\"og:title\" content=\"Nachhaltigkeit - Raskaan teollisuuden monipuolinen kumppani - LekoGroup\" \/>\n<meta property=\"og:description\" content=\"Qualit\u00e4t, Werte und zertifizierte T\u00e4tigkeiten Wahre langfristige Zusammenarbeit wird durch eingehaltene Zusagen und kompromisslose Qualit\u00e4t der Produkte kreiert. Die engagierte Entwicklung auf lange Sicht, Stabilit\u00e4t und das Vertrauen zwischen dem Personal und anderen Interessengruppen sind die Grundsteine des Unternehmens. Die Zertifizierung zeigt, dass ein Unternehmen erfolgreich das Ziel, ein Experte bei Qualit\u00e4t, Sicherheit, nachhaltiger Entwicklung &hellip; Read More &quot;Nachhaltigkeit&quot;\" \/>\n<meta property=\"og:url\" content=\"https:\/\/www.lekogroup.fi\/www\/de\/nachhaltigkeit\/\" \/>\n<meta property=\"og:site_name\" content=\"Raskaan teollisuuden monipuolinen kumppani - LekoGroup\" \/>\n<meta property=\"article:modified_time\" content=\"2025-06-02T08:35:56+00:00\" \/>\n<meta property=\"og:image\" content=\"https:\/\/www.lekogroup.fi\/www\/wp-content\/uploads\/2019\/04\/LEKO_GROUP_KESTAVAKEHITYS.jpg\" \/>\n\t<meta property=\"og:image:width\" content=\"1000\" \/>\n\t<meta property=\"og:image:height\" content=\"468\" \/>\n\t<meta property=\"og:image:type\" content=\"image\/jpeg\" \/>\n<meta name=\"twitter:card\" content=\"summary_large_image\" \/>\n<meta name=\"twitter:label1\" content=\"Arvioitu lukuaika\" \/>\n\t<meta name=\"twitter:data1\" content=\"3 minuuttia\" \/>\n<script type=\"application\/ld+json\" class=\"yoast-schema-graph\">{\"@context\":\"https:\/\/schema.org\",\"@graph\":[{\"@type\":\"WebPage\",\"@id\":\"https:\/\/www.lekogroup.fi\/www\/de\/nachhaltigkeit\/\",\"url\":\"https:\/\/www.lekogroup.fi\/www\/de\/nachhaltigkeit\/\",\"name\":\"Nachhaltigkeit - Raskaan teollisuuden monipuolinen kumppani - LekoGroup\",\"isPartOf\":{\"@id\":\"https:\/\/www.lekogroup.fi\/www\/#website\"},\"primaryImageOfPage\":{\"@id\":\"https:\/\/www.lekogroup.fi\/www\/de\/nachhaltigkeit\/#primaryimage\"},\"image\":{\"@id\":\"https:\/\/www.lekogroup.fi\/www\/de\/nachhaltigkeit\/#primaryimage\"},\"thumbnailUrl\":\"https:\/\/www.lekogroup.fi\/www\/wp-content\/uploads\/2019\/04\/LEKO_GROUP_KESTAVAKEHITYS.jpg\",\"datePublished\":\"2019-06-04T06:20:05+00:00\",\"dateModified\":\"2025-06-02T08:35:56+00:00\",\"breadcrumb\":{\"@id\":\"https:\/\/www.lekogroup.fi\/www\/de\/nachhaltigkeit\/#breadcrumb\"},\"inLanguage\":\"fi\",\"potentialAction\":[{\"@type\":\"ReadAction\",\"target\":[\"https:\/\/www.lekogroup.fi\/www\/de\/nachhaltigkeit\/\"]}]},{\"@type\":\"ImageObject\",\"inLanguage\":\"fi\",\"@id\":\"https:\/\/www.lekogroup.fi\/www\/de\/nachhaltigkeit\/#primaryimage\",\"url\":\"https:\/\/www.lekogroup.fi\/www\/wp-content\/uploads\/2019\/04\/LEKO_GROUP_KESTAVAKEHITYS.jpg\",\"contentUrl\":\"https:\/\/www.lekogroup.fi\/www\/wp-content\/uploads\/2019\/04\/LEKO_GROUP_KESTAVAKEHITYS.jpg\",\"width\":1000,\"height\":468},{\"@type\":\"BreadcrumbList\",\"@id\":\"https:\/\/www.lekogroup.fi\/www\/de\/nachhaltigkeit\/#breadcrumb\",\"itemListElement\":[{\"@type\":\"ListItem\",\"position\":1,\"name\":\"Home\",\"item\":\"https:\/\/www.lekogroup.fi\/www\/fi\/etusivu\/\"},{\"@type\":\"ListItem\",\"position\":2,\"name\":\"Nachhaltigkeit\"}]},{\"@type\":\"WebSite\",\"@id\":\"https:\/\/www.lekogroup.fi\/www\/#website\",\"url\":\"https:\/\/www.lekogroup.fi\/www\/\",\"name\":\"Raskaan teollisuuden monipuolinen kumppani - LekoGroup\",\"description\":\"\",\"publisher\":{\"@id\":\"https:\/\/www.lekogroup.fi\/www\/#organization\"},\"potentialAction\":[{\"@type\":\"SearchAction\",\"target\":{\"@type\":\"EntryPoint\",\"urlTemplate\":\"https:\/\/www.lekogroup.fi\/www\/?s={search_term_string}\"},\"query-input\":{\"@type\":\"PropertyValueSpecification\",\"valueRequired\":true,\"valueName\":\"search_term_string\"}}],\"inLanguage\":\"fi\"},{\"@type\":\"Organization\",\"@id\":\"https:\/\/www.lekogroup.fi\/www\/#organization\",\"name\":\"Raskaan teollisuuden monipuolinen kumppani - LekoGroup\",\"url\":\"https:\/\/www.lekogroup.fi\/www\/\",\"logo\":{\"@type\":\"ImageObject\",\"inLanguage\":\"fi\",\"@id\":\"https:\/\/www.lekogroup.fi\/www\/#\/schema\/logo\/image\/\",\"url\":\"https:\/\/www.lekogroup.fi\/www\/wp-content\/uploads\/2022\/12\/cropped-leko_group_logo.png\",\"contentUrl\":\"https:\/\/www.lekogroup.fi\/www\/wp-content\/uploads\/2022\/12\/cropped-leko_group_logo.png\",\"width\":833,\"height\":250,\"caption\":\"Raskaan teollisuuden monipuolinen kumppani - LekoGroup\"},\"image\":{\"@id\":\"https:\/\/www.lekogroup.fi\/www\/#\/schema\/logo\/image\/\"}}]}<\/script>\n<!-- \/ Yoast SEO plugin. -->","yoast_head_json":{"title":"Nachhaltigkeit - Raskaan teollisuuden monipuolinen kumppani - LekoGroup","robots":{"index":"index","follow":"follow","max-snippet":"max-snippet:-1","max-image-preview":"max-image-preview:large","max-video-preview":"max-video-preview:-1"},"canonical":"https:\/\/www.lekogroup.fi\/www\/de\/nachhaltigkeit\/","og_locale":"fi_FI","og_type":"article","og_title":"Nachhaltigkeit - Raskaan teollisuuden monipuolinen kumppani - LekoGroup","og_description":"Qualit\u00e4t, Werte und zertifizierte T\u00e4tigkeiten Wahre langfristige Zusammenarbeit wird durch eingehaltene Zusagen und kompromisslose Qualit\u00e4t der Produkte kreiert. Die engagierte Entwicklung auf lange Sicht, Stabilit\u00e4t und das Vertrauen zwischen dem Personal und anderen Interessengruppen sind die Grundsteine des Unternehmens. Die Zertifizierung zeigt, dass ein Unternehmen erfolgreich das Ziel, ein Experte bei Qualit\u00e4t, Sicherheit, nachhaltiger Entwicklung &hellip; Read More \"Nachhaltigkeit\"","og_url":"https:\/\/www.lekogroup.fi\/www\/de\/nachhaltigkeit\/","og_site_name":"Raskaan teollisuuden monipuolinen kumppani - LekoGroup","article_modified_time":"2025-06-02T08:35:56+00:00","og_image":[{"width":1000,"height":468,"url":"https:\/\/www.lekogroup.fi\/www\/wp-content\/uploads\/2019\/04\/LEKO_GROUP_KESTAVAKEHITYS.jpg","type":"image\/jpeg"}],"twitter_card":"summary_large_image","twitter_misc":{"Arvioitu lukuaika":"3 minuuttia"},"schema":{"@context":"https:\/\/schema.org","@graph":[{"@type":"WebPage","@id":"https:\/\/www.lekogroup.fi\/www\/de\/nachhaltigkeit\/","url":"https:\/\/www.lekogroup.fi\/www\/de\/nachhaltigkeit\/","name":"Nachhaltigkeit - Raskaan teollisuuden monipuolinen kumppani - LekoGroup","isPartOf":{"@id":"https:\/\/www.lekogroup.fi\/www\/#website"},"primaryImageOfPage":{"@id":"https:\/\/www.lekogroup.fi\/www\/de\/nachhaltigkeit\/#primaryimage"},"image":{"@id":"https:\/\/www.lekogroup.fi\/www\/de\/nachhaltigkeit\/#primaryimage"},"thumbnailUrl":"https:\/\/www.lekogroup.fi\/www\/wp-content\/uploads\/2019\/04\/LEKO_GROUP_KESTAVAKEHITYS.jpg","datePublished":"2019-06-04T06:20:05+00:00","dateModified":"2025-06-02T08:35:56+00:00","breadcrumb":{"@id":"https:\/\/www.lekogroup.fi\/www\/de\/nachhaltigkeit\/#breadcrumb"},"inLanguage":"fi","potentialAction":[{"@type":"ReadAction","target":["https:\/\/www.lekogroup.fi\/www\/de\/nachhaltigkeit\/"]}]},{"@type":"ImageObject","inLanguage":"fi","@id":"https:\/\/www.lekogroup.fi\/www\/de\/nachhaltigkeit\/#primaryimage","url":"https:\/\/www.lekogroup.fi\/www\/wp-content\/uploads\/2019\/04\/LEKO_GROUP_KESTAVAKEHITYS.jpg","contentUrl":"https:\/\/www.lekogroup.fi\/www\/wp-content\/uploads\/2019\/04\/LEKO_GROUP_KESTAVAKEHITYS.jpg","width":1000,"height":468},{"@type":"BreadcrumbList","@id":"https:\/\/www.lekogroup.fi\/www\/de\/nachhaltigkeit\/#breadcrumb","itemListElement":[{"@type":"ListItem","position":1,"name":"Home","item":"https:\/\/www.lekogroup.fi\/www\/fi\/etusivu\/"},{"@type":"ListItem","position":2,"name":"Nachhaltigkeit"}]},{"@type":"WebSite","@id":"https:\/\/www.lekogroup.fi\/www\/#website","url":"https:\/\/www.lekogroup.fi\/www\/","name":"Raskaan teollisuuden monipuolinen kumppani - LekoGroup","description":"","publisher":{"@id":"https:\/\/www.lekogroup.fi\/www\/#organization"},"potentialAction":[{"@type":"SearchAction","target":{"@type":"EntryPoint","urlTemplate":"https:\/\/www.lekogroup.fi\/www\/?s={search_term_string}"},"query-input":{"@type":"PropertyValueSpecification","valueRequired":true,"valueName":"search_term_string"}}],"inLanguage":"fi"},{"@type":"Organization","@id":"https:\/\/www.lekogroup.fi\/www\/#organization","name":"Raskaan teollisuuden monipuolinen kumppani - LekoGroup","url":"https:\/\/www.lekogroup.fi\/www\/","logo":{"@type":"ImageObject","inLanguage":"fi","@id":"https:\/\/www.lekogroup.fi\/www\/#\/schema\/logo\/image\/","url":"https:\/\/www.lekogroup.fi\/www\/wp-content\/uploads\/2022\/12\/cropped-leko_group_logo.png","contentUrl":"https:\/\/www.lekogroup.fi\/www\/wp-content\/uploads\/2022\/12\/cropped-leko_group_logo.png","width":833,"height":250,"caption":"Raskaan teollisuuden monipuolinen kumppani - LekoGroup"},"image":{"@id":"https:\/\/www.lekogroup.fi\/www\/#\/schema\/logo\/image\/"}}]}},"_links":{"self":[{"href":"https:\/\/www.lekogroup.fi\/www\/wp-json\/wp\/v2\/pages\/11699","targetHints":{"allow":["GET"]}}],"collection":[{"href":"https:\/\/www.lekogroup.fi\/www\/wp-json\/wp\/v2\/pages"}],"about":[{"href":"https:\/\/www.lekogroup.fi\/www\/wp-json\/wp\/v2\/types\/page"}],"author":[{"embeddable":true,"href":"https:\/\/www.lekogroup.fi\/www\/wp-json\/wp\/v2\/users\/1"}],"replies":[{"embeddable":true,"href":"https:\/\/www.lekogroup.fi\/www\/wp-json\/wp\/v2\/comments?post=11699"}],"version-history":[{"count":8,"href":"https:\/\/www.lekogroup.fi\/www\/wp-json\/wp\/v2\/pages\/11699\/revisions"}],"predecessor-version":[{"id":17724,"href":"https:\/\/www.lekogroup.fi\/www\/wp-json\/wp\/v2\/pages\/11699\/revisions\/17724"}],"wp:attachment":[{"href":"https:\/\/www.lekogroup.fi\/www\/wp-json\/wp\/v2\/media?parent=11699"}],"curies":[{"name":"wp","href":"https:\/\/api.w.org\/{rel}","templated":true}]}}