{"id":11702,"date":"2019-06-04T09:28:54","date_gmt":"2019-06-04T06:28:54","guid":{"rendered":"https:\/\/www.lekogroup.fi\/www\/?page_id=11702"},"modified":"2024-03-14T13:29:07","modified_gmt":"2024-03-14T11:29:07","slug":"offene-stellen","status":"publish","type":"page","link":"https:\/\/www.lekogroup.fi\/www\/de\/offene-stellen\/","title":{"rendered":"Offene Stellen"},"content":{"rendered":"<div class=\"caldera-grid\" id=\"caldera_form_1\" data-cf-ver=\"1.9.6\" data-cf-form-id=\"CF5cf60f80a4ce0\"><div id=\"caldera_notices_1\" data-spinner=\"https:\/\/www.lekogroup.fi\/www\/wp-admin\/images\/spinner.gif\"><\/div><form data-instance=\"1\" class=\"CF5cf60f80a4ce0 caldera_forms_form cfajax-trigger\" method=\"POST\" enctype=\"multipart\/form-data\" id=\"CF5cf60f80a4ce0_1\" data-form-id=\"CF5cf60f80a4ce0\" aria-label=\"Rekrytointi ger\" data-target=\"#caldera_notices_1\" data-template=\"#cfajax_CF5cf60f80a4ce0-tmpl\" data-cfajax=\"CF5cf60f80a4ce0\" data-load-element=\"_parent\" data-load-class=\"cf_processing\" data-post-disable=\"0\" data-action=\"cf_process_ajax_submit\" data-request=\"https:\/\/www.lekogroup.fi\/www\/cf-api\/CF5cf60f80a4ce0\" data-hiderows=\"true\">\r\n<input type=\"hidden\" id=\"_cf_verify_CF5cf60f80a4ce0\" name=\"_cf_verify\" value=\"bb6966cd2c\"  data-nonce-time=\"1776378613\" \/><input type=\"hidden\" name=\"_wp_http_referer\" value=\"\/www\/wp-json\/wp\/v2\/pages\/11702\" \/><div id=\"cf2-CF5cf60f80a4ce0_1\"><\/div><input type=\"hidden\" name=\"_cf_frm_id\" value=\"CF5cf60f80a4ce0\">\r\n<input type=\"hidden\" name=\"_cf_frm_ct\" value=\"1\">\r\n<input type=\"hidden\" name=\"cfajax\" value=\"CF5cf60f80a4ce0\">\r\n<input type=\"hidden\" name=\"_cf_cr_pst\" value=\"11702\">\r\n<div class=\"hide\" style=\"display:none; overflow:hidden;height:0;width:0;\">\r\n<label>Web Site<\/label><input type=\"text\" name=\"web_site\" value=\"\" autocomplete=\"off\">\r\n<\/div><div id=\"CF5cf60f80a4ce0_1-row-1\"  class=\"row  first_row\"><div  class=\"col-sm-12  single\"><div class=\"\"><p><b>Wollen Sie Teil von Lehtosen Konepaja sein?<\/b><\/p>\n<\/div><\/div><\/div><div id=\"CF5cf60f80a4ce0_1-row-2\"  class=\"row \"><div  class=\"col-sm-6  first_col\"><div class=\"\"><p>Auch wenn wir stolz auf unsere Basis an motivierten, f\u00e4higen und verl\u00e4sslichen Mitarbeitern sind, ben\u00f6tigen wir noch tatkr\u00e4ftige Unterst\u00fctzung. Sehen Sie sich als die richtige Art von Person f\u00fcr unsere Maschinenbauwerkstatt?<\/p>\n<p>Wir suchen sorgf\u00e4ltige und anspruchsvolle Fachkr\u00e4fte mit dem Wunsch, sich selbst zu verbessern. Wir bieten allen neuen Mitarbeitern und Mitarbeiterinnen eine umfangreiche Einf\u00fchrung in ihre Aufgaben und stellen sicher, dass sie mit unseren Gepflogenheiten vertraut sind.<\/p>\n<\/div><\/div><div  class=\"col-sm-6  last_col\"><div class=\"\"><p>Sie k\u00f6nnen eine Bewerbung mittels dem offenen Formular an mikko.lehtonen@lehtosenkonepaja.fi schicken.<\/p>\n<p>Wir freuen uns immer auf gute Bewerbungen. Wir werden Sie kontaktieren, wenn wir der Ansicht sind, dass Sie sich f\u00fcr unser Team eignen.<\/p>\n<\/div><\/div><\/div><div id=\"CF5cf60f80a4ce0_1-row-3\"  class=\"row \"><div  class=\"col-sm-6  first_col\"><div data-field-wrapper=\"fld_1284761\" class=\"form-group\" id=\"fld_1284761_1-wrap\">\r\n\t<label id=\"fld_1284761Label\" for=\"fld_1284761_1\" class=\"control-label\">Name <span aria-hidden=\"true\" role=\"presentation\" class=\"field_required\" style=\"color:#ee0000;\">*<\/span><\/label>\r\n\t<div class=\"\">\r\n\t\t<input   required type=\"text\" data-field=\"fld_1284761\" class=\" form-control\" id=\"fld_1284761_1\" name=\"fld_1284761\" value=\"\" data-type=\"text\" aria-required=\"true\"   aria-labelledby=\"fld_1284761Label\" >\t\t\t<\/div>\r\n<\/div>\r\n<div data-field-wrapper=\"fld_5663281\" class=\"form-group\" id=\"fld_5663281_1-wrap\">\r\n\t<label id=\"fld_5663281Label\" for=\"fld_5663281_1\" class=\"control-label\">Telefon <span aria-hidden=\"true\" role=\"presentation\" class=\"field_required\" style=\"color:#ee0000;\">*<\/span><\/label>\r\n\t<div class=\"\">\r\n\t\t<input   required type=\"text\" data-field=\"fld_5663281\" class=\" form-control\" id=\"fld_5663281_1\" name=\"fld_5663281\" value=\"\" data-type=\"text\" aria-required=\"true\"   aria-labelledby=\"fld_5663281Label\" >\t\t\t<\/div>\r\n<\/div>\r\n<div data-field-wrapper=\"fld_8647359\" class=\"form-group\" id=\"fld_8647359_1-wrap\">\r\n\t<label id=\"fld_8647359Label\" for=\"fld_8647359_1\" class=\"control-label\">E-mail <span aria-hidden=\"true\" role=\"presentation\" class=\"field_required\" style=\"color:#ee0000;\">*<\/span><\/label>\r\n\t<div class=\"\">\r\n\t\t<input   required type=\"text\" data-field=\"fld_8647359\" class=\" form-control\" id=\"fld_8647359_1\" name=\"fld_8647359\" value=\"\" data-type=\"text\" aria-required=\"true\"   aria-labelledby=\"fld_8647359Label\" >\t\t\t<\/div>\r\n<\/div>\r\n<\/div><div  class=\"col-sm-6  last_col\"><div data-field-wrapper=\"fld_3805255\" class=\"form-group\" id=\"fld_3805255_1-wrap\">\r\n\t<label id=\"fld_3805255Label\" for=\"fld_3805255_1\" class=\"control-label\">Stra\u00dfe <span aria-hidden=\"true\" role=\"presentation\" class=\"field_required\" style=\"color:#ee0000;\">*<\/span><\/label>\r\n\t<div class=\"\">\r\n\t\t<input   required type=\"text\" data-field=\"fld_3805255\" class=\" form-control\" id=\"fld_3805255_1\" name=\"fld_3805255\" value=\"\" data-type=\"text\" aria-required=\"true\"   aria-labelledby=\"fld_3805255Label\" >\t\t\t<\/div>\r\n<\/div>\r\n<div data-field-wrapper=\"fld_2299105\" class=\"form-group\" id=\"fld_2299105_1-wrap\">\r\n\t<label id=\"fld_2299105Label\" for=\"fld_2299105_1\" class=\"control-label\">Ort <span aria-hidden=\"true\" role=\"presentation\" class=\"field_required\" style=\"color:#ee0000;\">*<\/span><\/label>\r\n\t<div class=\"\">\r\n\t\t<input   required type=\"text\" data-field=\"fld_2299105\" class=\" form-control\" id=\"fld_2299105_1\" name=\"fld_2299105\" value=\"\" data-type=\"text\" aria-required=\"true\"   aria-labelledby=\"fld_2299105Label\" >\t\t\t<\/div>\r\n<\/div>\r\n<div data-field-wrapper=\"fld_660307\" class=\"form-group\" id=\"fld_660307_1-wrap\">\r\n\t<label id=\"fld_660307Label\" for=\"fld_660307_1\" class=\"control-label\">Postleitzahl <span aria-hidden=\"true\" role=\"presentation\" class=\"field_required\" style=\"color:#ee0000;\">*<\/span><\/label>\r\n\t<div class=\"\">\r\n\t\t<input   required type=\"text\" data-field=\"fld_660307\" class=\" form-control\" id=\"fld_660307_1\" name=\"fld_660307\" value=\"\" data-type=\"text\" aria-required=\"true\"   aria-labelledby=\"fld_660307Label\" >\t\t\t<\/div>\r\n<\/div>\r\n<\/div><\/div><div id=\"CF5cf60f80a4ce0_1-row-4\"  class=\"row \"><div  class=\"col-sm-12  single\"><div class=\"\"><\/div><\/div><\/div><div id=\"CF5cf60f80a4ce0_1-row-5\"  class=\"row \"><div  class=\"col-sm-6  first_col\"><div data-field-wrapper=\"fld_2546066\" class=\"form-group\" id=\"fld_2546066_1-wrap\">\r\n<label id=\"fld_2546066Label\" for=\"fld_2546066_1\" class=\"control-label\">Schichtarbeit <span aria-hidden=\"true\" role=\"presentation\" class=\"field_required\" style=\"color:#ee0000;\">*<\/span><\/label>\r\n<div class=\"\">\r\n\t\t\t\t\t<div class=\"radio\">\n\t\t\t\t<label data-label=\"Schichtarbeit\" for=\"fld_2546066_1_opt1254908\"><input type=\"radio\" id=\"fld_2546066_1_opt1254908\" data-field=\"fld_2546066\" class=\"fld_2546066_1 option-required\" name=\"fld_2546066\" value=\"Schichtarbeit\"   required=\"required\" data-radio-field=\"fld_2546066_1\" data-type=\"radio\" data-calc-value=\"Schichtarbeit\" \/>\n\t\t\tSchichtarbeit\t\t<\/label>\n\t\t\t\t\t<\/div>\n\t\t\t\t\t\t\t\t\t<div class=\"radio\">\n\t\t\t\t<label data-label=\"Nur tags\u00fcber\" for=\"fld_2546066_1_opt1264725\"><input type=\"radio\" id=\"fld_2546066_1_opt1264725\" data-field=\"fld_2546066\" class=\"fld_2546066_1 option-required\" name=\"fld_2546066\" value=\"Nur tags\u00fcber\"   required=\"required\" data-radio-field=\"fld_2546066_1\" data-type=\"radio\" data-calc-value=\"Nur tags\u00fcber\" \/>\n\t\t\tNur tags\u00fcber\t\t<\/label>\n\t\t\t\t\t<\/div>\n\t\t\t\t<\/div>\r\n<\/div>\r\n<div data-field-wrapper=\"fld_2646385\" class=\"form-group\" id=\"fld_2646385_1-wrap\">\r\n<label id=\"fld_2646385Label\" for=\"fld_2646385_1\" class=\"control-label\">Ich k\u00f6nnte die Stelle antreten <span aria-hidden=\"true\" role=\"presentation\" class=\"field_required\" style=\"color:#ee0000;\">*<\/span><\/label>\r\n<div class=\"\">\r\n\t\t\t\t\t<div class=\"radio\">\n\t\t\t\t<label data-label=\"Sofort\" for=\"fld_2646385_1_opt1208511\"><input type=\"radio\" id=\"fld_2646385_1_opt1208511\" data-field=\"fld_2646385\" class=\"fld_2646385_1 option-required\" name=\"fld_2646385\" value=\"Sofort\"   required=\"required\" data-radio-field=\"fld_2646385_1\" data-type=\"radio\" data-calc-value=\"Sofort\" \/>\n\t\t\tSofort\t\t<\/label>\n\t\t\t\t\t<\/div>\n\t\t\t\t\t\t\t\t\t<div class=\"radio\">\n\t\t\t\t<label data-label=\"Startdatum\" for=\"fld_2646385_1_opt1637478\"><input type=\"radio\" id=\"fld_2646385_1_opt1637478\" data-field=\"fld_2646385\" class=\"fld_2646385_1 option-required\" name=\"fld_2646385\" value=\"Startdatum\"   required=\"required\" data-radio-field=\"fld_2646385_1\" data-type=\"radio\" data-calc-value=\"Startdatum\" \/>\n\t\t\tStartdatum\t\t<\/label>\n\t\t\t\t\t<\/div>\n\t\t\t\t<\/div>\r\n<\/div>\r\n<div data-field-wrapper=\"fld_9875106\" class=\"form-group\" id=\"fld_9875106_1-wrap\">\r\n\t<label id=\"fld_9875106Label\" for=\"fld_9875106_1\" class=\"control-label screen-reader-text sr-only\">Voisin ottaa ty\u00f6paikan vastaan alkaen<\/label>\r\n\t<div class=\"\">\r\n\t\t<input placeholder=\"xx.xx.xxxx\" data-inputmask=\"'mask': '99.99.9999'\"   type=\"text\" data-field=\"fld_9875106\" class=\" form-control\" id=\"fld_9875106_1\" name=\"fld_9875106\" value=\"\" data-type=\"text\"   aria-labelledby=\"fld_9875106Label\" >\t\t\t<\/div>\r\n<\/div>\r\n<\/div><div  class=\"col-sm-6  last_col\"><style>\n#s2id_fld_7361320_1.ccselect2-container.ccselect2-dropdown-open .ccselect2-choice,\n#s2id_fld_7361320_1.ccselect2-container.ccselect2-dropdown-open .ccselect2-choices,\n.s2id_fld_7361320_1.ccselect2-drop-active,\n.s2id_fld_7361320_1.ccselect2-drop.ccselect2-drop-above.ccselect2-drop-active,\n.s2id_fld_7361320_1.ccselect2-container-active .ccselect2-choice,\n.s2id_fld_7361320_1.ccselect2-container-active .ccselect2-choices,\n.s2id_fld_7361320_1.ccselect2-dropdown-open.ccselect2-drop-above .ccselect2-choice,\n.s2id_fld_7361320_1.ccselect2-dropdown-open.ccselect2-drop-above .ccselect2-choices,\n.s2id_fld_7361320_1.ccselect2-container-multi.ccselect2-container-active .ccselect2-choices,\n.s2id_fld_7361320_1.ccselect2-container-multi .ccselect2-choices .ccselect2-search-choice-focus{\n    border-color: #4b8dc9 !important;\n}\n.s2id_fld_7361320_1 .ccselect2-results .ccselect2-highlighted,\n.s2id_fld_7361320_1 .ccselect2-container-multi .ccselect2-choices .ccselect2-search-choice-focus{\n\tbackground: #5b9dd9 !important;\n}\n.has-error .s2id_fld_7361320_1 .ccselect2-container .ccselect2-choice {\n\tborder-color: #dd4b39 !important;\n\tbackground-color: #f2dede !important;\n\tbackground-image: none;\n}\n<\/style>\n<script>\nwindow.addEventListener('DOMContentLoaded', function(){\n\tjQuery( function($){\n\t\t\t\n\t\tvar opts = {};\n\t\t\n\t\t$(document).on('cf.bind', '#fld_7361320_1', function() {\n\t\t\t$(this).select2( opts );\n\t\t});\n\t});\n});\n<\/script>\n<div data-field-wrapper=\"fld_7361320\" class=\"form-group\" id=\"fld_7361320_1-wrap\">\r\n\t<label id=\"fld_7361320Label\" for=\"fld_7361320_1\" class=\"control-label\">Unternehmen, f\u00fcr das Sie sich bewerben <span aria-hidden=\"true\" role=\"presentation\" class=\"field_required\" style=\"color:#ee0000;\">*<\/span><\/label>\r\n\t<div class=\"\">\r\n\t\t\t\t<select  id=\"fld_7361320_1\" multiple=\"multiple\" data-select-two=\"true\" data-field=\"fld_7361320\" class=\"form-control\" name=\"fld_7361320[]\" required=\"required\" data-placeholder=\"&lt; Select company &gt;\">\n\t\t<option value=\"\"><\/option>\t\t\t\t<option\n\t\t\t\t\tdata-calc-value=\"Lehtosen Konepaja (Kokem\u00e4ki)\"\n\t\t\t\t\tvalue=\"Lehtosen Konepaja (Kokem\u00e4ki)\"\n\t\t\t\t\t\t\t\t\t\t>\n\t\t\t\t\tLehtosen Konepaja (Kokem\u00e4ki)\t\t\t\t<\/option>\n\t\t\t\t\t\t\t\t<option\n\t\t\t\t\tdata-calc-value=\"Siirtoruuvi (Riihikoski)\"\n\t\t\t\t\tvalue=\"Siirtoruuvi (Riihikoski)\"\n\t\t\t\t\t\t\t\t\t\t>\n\t\t\t\t\tSiirtoruuvi (Riihikoski)\t\t\t\t<\/option>\n\t\t\t\t\t\t\t\t<option\n\t\t\t\t\tdata-calc-value=\"TK-Vilmet (M\u00e4ntt\u00e4-Vilppula)\"\n\t\t\t\t\tvalue=\"Vilmet (M\u00e4ntt\u00e4-Vilppula)\"\n\t\t\t\t\t\t\t\t\t\t>\n\t\t\t\t\tVilmet (M\u00e4ntt\u00e4-Vilppula)\t\t\t\t<\/option>\n\t\t\t\t\t\t\t\t<option\n\t\t\t\t\tdata-calc-value=\"LEKO Fans (Kokem\u00e4ki)\"\n\t\t\t\t\tvalue=\"LEKO Fans (Kokem\u00e4ki)\"\n\t\t\t\t\t\t\t\t\t\t>\n\t\t\t\t\tLEKO Fans (Kokem\u00e4ki)\t\t\t\t<\/option>\n\t\t\t\t\t\t<\/select>\n\t\t\t\t<span id=\"fld_7361320Caption\" class=\"help-block\">Sie k\u00f6nnen mehr als ein Unternehmen ausw\u00e4hlen<\/span>\r\n\t<\/div>\r\n<\/div>\r\n\n<\/div><\/div><div id=\"CF5cf60f80a4ce0_1-row-6\"  class=\"row \"><div  class=\"col-sm-12  single\"><div class=\"\"><\/div><\/div><\/div><div id=\"CF5cf60f80a4ce0_1-row-7\"  class=\"row \"><div  class=\"col-sm-12  single\"><div data-field-wrapper=\"fld_7586476\" class=\"form-group\" id=\"fld_7586476_1-wrap\">\r\n\t<label id=\"fld_7586476Label\" for=\"fld_7586476_1\" class=\"control-label\">Bildung<\/label>\r\n\t<div class=\"\">\r\n\t\t<textarea name=\"fld_7586476\" value=\"\" data-field=\"fld_7586476\" class=\"form-control\" id=\"fld_7586476_1\" rows=\"6\"    aria-labelledby=\"fld_7586476Label\" ><\/textarea>\n\t\t\t<\/div>\r\n<\/div>\r\n<\/div><\/div><div id=\"CF5cf60f80a4ce0_1-row-8\"  class=\"row \"><div  class=\"col-sm-12  single\"><div data-field-wrapper=\"fld_1053416\" class=\"form-group\" id=\"fld_1053416_1-wrap\">\r\n\t<label id=\"fld_1053416Label\" for=\"fld_1053416_1\" class=\"control-label\">Arbeitserfahrung<\/label>\r\n\t<div class=\"\">\r\n\t\t<textarea name=\"fld_1053416\" value=\"\" data-field=\"fld_1053416\" class=\"form-control\" id=\"fld_1053416_1\" rows=\"6\"    aria-labelledby=\"fld_1053416Label\" ><\/textarea>\n\t\t\t<\/div>\r\n<\/div>\r\n<\/div><\/div><div id=\"CF5cf60f80a4ce0_1-row-9\"  class=\"row \"><div  class=\"col-sm-12  single\"><div data-field-wrapper=\"fld_9366088\" class=\"form-group\" id=\"fld_9366088_1-wrap\">\r\n\t<label id=\"fld_9366088Label\" for=\"fld_9366088_1\" class=\"control-label\">Weitere Informationen<\/label>\r\n\t<div class=\"\">\r\n\t\t<textarea name=\"fld_9366088\" value=\"\" data-field=\"fld_9366088\" class=\"form-control\" id=\"fld_9366088_1\" rows=\"6\"    aria-labelledby=\"fld_9366088Label\" ><\/textarea>\n\t\t\t<\/div>\r\n<\/div>\r\n<\/div><\/div><div id=\"CF5cf60f80a4ce0_1-row-10\"  class=\"row \"><div  class=\"col-sm-6  first_col\"><div data-field-wrapper=\"fld_7741116\" class=\"form-group\" id=\"fld_7741116_1-wrap\">\r\n\t<label id=\"fld_7741116Label\" for=\"fld_7741116_1\" class=\"control-label\">Sie k\u00f6nnen Ihren Lebenslauf als PDF hochladen<\/label>\r\n\t<div class=\"file-prevent-overflow\">\r\n\t\t<div id=\"fld_7741116_1_file_list\" class=\"cf-multi-uploader-list\"><\/div>\n\t\t\t\t<input type=\"file\" name=\"fld_7741116\" value=\"\" data-field=\"fld_7741116\" class=\"\" id=\"fld_7741116_1\" data-controlid=\"trupl69e162f597dc6\"      aria-labelledby=\"fld_7741116Label\">\n\t\t<input type=\"hidden\" name=\"fld_7741116\" value=\"trupl69e162f597dc6\">\n\t\t\t<\/div>\r\n<\/div>\r\n<div class=\"\"><\/div><div data-field-wrapper=\"fld_3307879\" class=\"form-group\" id=\"fld_3307879_1-wrap\">\r\n<label id=\"fld_3307879Label\" for=\"fld_3307879_1\" class=\"control-label\">Ich habe die Aussage zum Register gelesen <span aria-hidden=\"true\" role=\"presentation\" class=\"field_required\" style=\"color:#ee0000;\">*<\/span><\/label>\r\n<div class=\"\">\r\n\t\t\t\t\t<div class=\"radio\">\n\t\t\t\t<label data-label=\"Ja\" for=\"fld_3307879_1_opt1937415\"><input type=\"radio\" id=\"fld_3307879_1_opt1937415\" data-field=\"fld_3307879\" class=\"fld_3307879_1 option-required\" name=\"fld_3307879\" value=\"Ja\"   required=\"required\" data-radio-field=\"fld_3307879_1\" data-type=\"radio\" data-calc-value=\"Ja\" \/>\n\t\t\tJa\t\t<\/label>\n\t\t\t\t\t<\/div>\n\t\t\t\t<\/div>\r\n<\/div>\r\n<div class=\"\"><p>&raquo; <a href=\"https:\/\/www.lekogroup.fi\/www\/en\/register-statement\/\" target=\"_blank\">Aussage zum Register<\/a><\/p>\n<\/div><div class=\"\"><\/div><\/div><div  class=\"col-sm-6  last_col\"><\/div><\/div><div id=\"CF5cf60f80a4ce0_1-row-11\"  class=\"row \"><div  class=\"col-sm-6  first_col\"><div data-field-wrapper=\"fld_4947756\" class=\"form-group\" id=\"fld_4947756_1-wrap\">\r\n<div class=\"\">\r\n\t<input  class=\"btn btn-default\" type=\"submit\" name=\"fld_4947756\" id=\"fld_4947756_1\" value=\"Bewerbung abschicken\" data-field=\"fld_4947756\"  >\n<\/div>\r\n<\/div>\r\n\t<input class=\"button_trigger_1\" type=\"hidden\" name=\"fld_4947756\" id=\"fld_4947756_1_btn\" value=\"\" data-field=\"fld_4947756\"  \/>\n<\/div><div  class=\"col-sm-6  last_col\"><div data-field-wrapper=\"fld_3296238\" class=\"form-group\" id=\"fld_3296238_1-wrap\">\r\n<div class=\"\">\r\n\t<input  class=\"btn btn-default\" type=\"reset\" name=\"fld_3296238\" id=\"fld_3296238_1\" value=\"Formular zur\u00fccksetzen\" data-field=\"fld_3296238\"  >\n<\/div>\r\n<\/div>\r\n\t<input class=\"button_trigger_1\" type=\"hidden\" name=\"fld_3296238\" id=\"fld_3296238_1_btn\" value=\"\" data-field=\"fld_3296238\"  \/>\n<\/div><\/div><div id=\"CF5cf60f80a4ce0_1-row-12\"  class=\"row  last_row\"><div  class=\"col-sm-12  single\"><\/div><\/div><\/form>\r\n<\/div>\r\n\n","protected":false},"excerpt":{"rendered":"","protected":false},"author":1,"featured_media":0,"parent":0,"menu_order":0,"comment_status":"closed","ping_status":"closed","template":"","meta":{"_monsterinsights_skip_tracking":false,"_monsterinsights_sitenote_active":false,"_monsterinsights_sitenote_note":"","_monsterinsights_sitenote_category":0,"ngg_post_thumbnail":0,"footnotes":""},"class_list":["post-11702","page","type-page","status-publish","hentry"],"yoast_head":"<!-- This site is optimized with the Yoast SEO plugin v27.0 - https:\/\/yoast.com\/product\/yoast-seo-wordpress\/ -->\n<title>Offene Stellen - Raskaan teollisuuden monipuolinen kumppani - LekoGroup<\/title>\n<meta name=\"robots\" content=\"index, follow, max-snippet:-1, max-image-preview:large, max-video-preview:-1\" \/>\n<link rel=\"canonical\" href=\"https:\/\/www.lekogroup.fi\/www\/de\/offene-stellen\/\" \/>\n<meta property=\"og:locale\" content=\"fi_FI\" \/>\n<meta property=\"og:type\" content=\"article\" \/>\n<meta property=\"og:title\" content=\"Offene Stellen - Raskaan teollisuuden monipuolinen kumppani - LekoGroup\" \/>\n<meta property=\"og:url\" content=\"https:\/\/www.lekogroup.fi\/www\/de\/offene-stellen\/\" \/>\n<meta property=\"og:site_name\" content=\"Raskaan teollisuuden monipuolinen kumppani - LekoGroup\" \/>\n<meta property=\"article:modified_time\" content=\"2024-03-14T11:29:07+00:00\" \/>\n<meta name=\"twitter:card\" content=\"summary_large_image\" \/>\n<meta name=\"twitter:label1\" content=\"Arvioitu lukuaika\" \/>\n\t<meta name=\"twitter:data1\" content=\"1 minuutti\" \/>\n<script type=\"application\/ld+json\" class=\"yoast-schema-graph\">{\"@context\":\"https:\/\/schema.org\",\"@graph\":[{\"@type\":\"WebPage\",\"@id\":\"https:\/\/www.lekogroup.fi\/www\/de\/offene-stellen\/\",\"url\":\"https:\/\/www.lekogroup.fi\/www\/de\/offene-stellen\/\",\"name\":\"Offene Stellen - Raskaan teollisuuden monipuolinen kumppani - LekoGroup\",\"isPartOf\":{\"@id\":\"https:\/\/www.lekogroup.fi\/www\/#website\"},\"datePublished\":\"2019-06-04T06:28:54+00:00\",\"dateModified\":\"2024-03-14T11:29:07+00:00\",\"breadcrumb\":{\"@id\":\"https:\/\/www.lekogroup.fi\/www\/de\/offene-stellen\/#breadcrumb\"},\"inLanguage\":\"fi\",\"potentialAction\":[{\"@type\":\"ReadAction\",\"target\":[\"https:\/\/www.lekogroup.fi\/www\/de\/offene-stellen\/\"]}]},{\"@type\":\"BreadcrumbList\",\"@id\":\"https:\/\/www.lekogroup.fi\/www\/de\/offene-stellen\/#breadcrumb\",\"itemListElement\":[{\"@type\":\"ListItem\",\"position\":1,\"name\":\"Home\",\"item\":\"https:\/\/www.lekogroup.fi\/www\/fi\/etusivu\/\"},{\"@type\":\"ListItem\",\"position\":2,\"name\":\"Offene Stellen\"}]},{\"@type\":\"WebSite\",\"@id\":\"https:\/\/www.lekogroup.fi\/www\/#website\",\"url\":\"https:\/\/www.lekogroup.fi\/www\/\",\"name\":\"Raskaan teollisuuden monipuolinen kumppani - LekoGroup\",\"description\":\"\",\"publisher\":{\"@id\":\"https:\/\/www.lekogroup.fi\/www\/#organization\"},\"potentialAction\":[{\"@type\":\"SearchAction\",\"target\":{\"@type\":\"EntryPoint\",\"urlTemplate\":\"https:\/\/www.lekogroup.fi\/www\/?s={search_term_string}\"},\"query-input\":{\"@type\":\"PropertyValueSpecification\",\"valueRequired\":true,\"valueName\":\"search_term_string\"}}],\"inLanguage\":\"fi\"},{\"@type\":\"Organization\",\"@id\":\"https:\/\/www.lekogroup.fi\/www\/#organization\",\"name\":\"Raskaan teollisuuden monipuolinen kumppani - LekoGroup\",\"url\":\"https:\/\/www.lekogroup.fi\/www\/\",\"logo\":{\"@type\":\"ImageObject\",\"inLanguage\":\"fi\",\"@id\":\"https:\/\/www.lekogroup.fi\/www\/#\/schema\/logo\/image\/\",\"url\":\"https:\/\/www.lekogroup.fi\/www\/wp-content\/uploads\/2022\/12\/cropped-leko_group_logo.png\",\"contentUrl\":\"https:\/\/www.lekogroup.fi\/www\/wp-content\/uploads\/2022\/12\/cropped-leko_group_logo.png\",\"width\":833,\"height\":250,\"caption\":\"Raskaan teollisuuden monipuolinen kumppani - LekoGroup\"},\"image\":{\"@id\":\"https:\/\/www.lekogroup.fi\/www\/#\/schema\/logo\/image\/\"}}]}<\/script>\n<!-- \/ Yoast SEO plugin. -->","yoast_head_json":{"title":"Offene Stellen - Raskaan teollisuuden monipuolinen kumppani - LekoGroup","robots":{"index":"index","follow":"follow","max-snippet":"max-snippet:-1","max-image-preview":"max-image-preview:large","max-video-preview":"max-video-preview:-1"},"canonical":"https:\/\/www.lekogroup.fi\/www\/de\/offene-stellen\/","og_locale":"fi_FI","og_type":"article","og_title":"Offene Stellen - Raskaan teollisuuden monipuolinen kumppani - LekoGroup","og_url":"https:\/\/www.lekogroup.fi\/www\/de\/offene-stellen\/","og_site_name":"Raskaan teollisuuden monipuolinen kumppani - LekoGroup","article_modified_time":"2024-03-14T11:29:07+00:00","twitter_card":"summary_large_image","twitter_misc":{"Arvioitu lukuaika":"1 minuutti"},"schema":{"@context":"https:\/\/schema.org","@graph":[{"@type":"WebPage","@id":"https:\/\/www.lekogroup.fi\/www\/de\/offene-stellen\/","url":"https:\/\/www.lekogroup.fi\/www\/de\/offene-stellen\/","name":"Offene Stellen - Raskaan teollisuuden monipuolinen kumppani - LekoGroup","isPartOf":{"@id":"https:\/\/www.lekogroup.fi\/www\/#website"},"datePublished":"2019-06-04T06:28:54+00:00","dateModified":"2024-03-14T11:29:07+00:00","breadcrumb":{"@id":"https:\/\/www.lekogroup.fi\/www\/de\/offene-stellen\/#breadcrumb"},"inLanguage":"fi","potentialAction":[{"@type":"ReadAction","target":["https:\/\/www.lekogroup.fi\/www\/de\/offene-stellen\/"]}]},{"@type":"BreadcrumbList","@id":"https:\/\/www.lekogroup.fi\/www\/de\/offene-stellen\/#breadcrumb","itemListElement":[{"@type":"ListItem","position":1,"name":"Home","item":"https:\/\/www.lekogroup.fi\/www\/fi\/etusivu\/"},{"@type":"ListItem","position":2,"name":"Offene Stellen"}]},{"@type":"WebSite","@id":"https:\/\/www.lekogroup.fi\/www\/#website","url":"https:\/\/www.lekogroup.fi\/www\/","name":"Raskaan teollisuuden monipuolinen kumppani - LekoGroup","description":"","publisher":{"@id":"https:\/\/www.lekogroup.fi\/www\/#organization"},"potentialAction":[{"@type":"SearchAction","target":{"@type":"EntryPoint","urlTemplate":"https:\/\/www.lekogroup.fi\/www\/?s={search_term_string}"},"query-input":{"@type":"PropertyValueSpecification","valueRequired":true,"valueName":"search_term_string"}}],"inLanguage":"fi"},{"@type":"Organization","@id":"https:\/\/www.lekogroup.fi\/www\/#organization","name":"Raskaan teollisuuden monipuolinen kumppani - LekoGroup","url":"https:\/\/www.lekogroup.fi\/www\/","logo":{"@type":"ImageObject","inLanguage":"fi","@id":"https:\/\/www.lekogroup.fi\/www\/#\/schema\/logo\/image\/","url":"https:\/\/www.lekogroup.fi\/www\/wp-content\/uploads\/2022\/12\/cropped-leko_group_logo.png","contentUrl":"https:\/\/www.lekogroup.fi\/www\/wp-content\/uploads\/2022\/12\/cropped-leko_group_logo.png","width":833,"height":250,"caption":"Raskaan teollisuuden monipuolinen kumppani - LekoGroup"},"image":{"@id":"https:\/\/www.lekogroup.fi\/www\/#\/schema\/logo\/image\/"}}]}},"_links":{"self":[{"href":"https:\/\/www.lekogroup.fi\/www\/wp-json\/wp\/v2\/pages\/11702","targetHints":{"allow":["GET"]}}],"collection":[{"href":"https:\/\/www.lekogroup.fi\/www\/wp-json\/wp\/v2\/pages"}],"about":[{"href":"https:\/\/www.lekogroup.fi\/www\/wp-json\/wp\/v2\/types\/page"}],"author":[{"embeddable":true,"href":"https:\/\/www.lekogroup.fi\/www\/wp-json\/wp\/v2\/users\/1"}],"replies":[{"embeddable":true,"href":"https:\/\/www.lekogroup.fi\/www\/wp-json\/wp\/v2\/comments?post=11702"}],"version-history":[{"count":2,"href":"https:\/\/www.lekogroup.fi\/www\/wp-json\/wp\/v2\/pages\/11702\/revisions"}],"predecessor-version":[{"id":16552,"href":"https:\/\/www.lekogroup.fi\/www\/wp-json\/wp\/v2\/pages\/11702\/revisions\/16552"}],"wp:attachment":[{"href":"https:\/\/www.lekogroup.fi\/www\/wp-json\/wp\/v2\/media?parent=11702"}],"curies":[{"name":"wp","href":"https:\/\/api.w.org\/{rel}","templated":true}]}}