{"id":11734,"date":"2019-06-04T13:07:16","date_gmt":"2019-06-04T10:07:16","guid":{"rendered":"https:\/\/www.lekogroup.fi\/www\/?page_id=11734"},"modified":"2024-03-14T13:30:39","modified_gmt":"2024-03-14T11:30:39","slug":"entwurf-und-beratung","status":"publish","type":"page","link":"https:\/\/www.lekogroup.fi\/www\/de\/entwurf-und-beratung\/","title":{"rendered":"Entwurf und Beratung"},"content":{"rendered":"\t\t<div data-elementor-type=\"wp-post\" data-elementor-id=\"11734\" class=\"elementor elementor-11734\">\n\t\t\t\t\t\t<section class=\"elementor-section elementor-top-section elementor-element elementor-element-4ba842a elementor-section-boxed elementor-section-height-default elementor-section-height-default\" data-id=\"4ba842a\" data-element_type=\"section\" data-e-type=\"section\">\n\t\t\t\t\t\t<div class=\"elementor-container elementor-column-gap-default\">\n\t\t\t\t\t<div class=\"elementor-column elementor-col-100 elementor-top-column elementor-element elementor-element-6a469546\" data-id=\"6a469546\" data-element_type=\"column\" data-e-type=\"column\">\n\t\t\t<div class=\"elementor-widget-wrap elementor-element-populated\">\n\t\t\t\t\t\t<div class=\"elementor-element elementor-element-1de6f739 elementor-widget elementor-widget-text-editor\" data-id=\"1de6f739\" data-element_type=\"widget\" data-e-type=\"widget\" data-widget_type=\"text-editor.default\">\n\t\t\t\t<div class=\"elementor-widget-container\">\n\t\t\t\t\t\t\t\t\t<p><img decoding=\"async\" class=\"alignnone size-full wp-image-10864 lazyload\" data-src=\"https:\/\/www.lekogroup.fi\/www\/wp-content\/uploads\/2019\/04\/lekogroup-suunnittelu-konsultointi.jpg\" alt=\"\" width=\"1000\" height=\"468\" data-srcset=\"https:\/\/www.lekogroup.fi\/www\/wp-content\/uploads\/2019\/04\/lekogroup-suunnittelu-konsultointi.jpg 1000w, https:\/\/www.lekogroup.fi\/www\/wp-content\/uploads\/2019\/04\/lekogroup-suunnittelu-konsultointi-300x140.jpg 300w, https:\/\/www.lekogroup.fi\/www\/wp-content\/uploads\/2019\/04\/lekogroup-suunnittelu-konsultointi-768x359.jpg 768w\" data-sizes=\"(max-width: 1000px) 100vw, 1000px\" src=\"data:image\/svg+xml;base64,PHN2ZyB3aWR0aD0iMSIgaGVpZ2h0PSIxIiB4bWxucz0iaHR0cDovL3d3dy53My5vcmcvMjAwMC9zdmciPjwvc3ZnPg==\" style=\"--smush-placeholder-width: 1000px; --smush-placeholder-aspect-ratio: 1000\/468;\" \/><\/p>\n<h1>Expertise und Beratungsdienste<\/h1>\n<p>Es kommt selten vor, dass ein Kunde die fertigen Zeichnungen oder Pl\u00e4ne hat, anhand denen wir arbeiten k\u00f6nnen. Teil unserer T\u00e4tigkeiten ist es, diese beruhend auf unserem eigenen Fachwissen zu erstellen. In anderen Worten, wir machen nicht einfach die Arbeit, die uns aufgetragen wird, sondern sind auch f\u00fcr die Funktionalit\u00e4t des endg\u00fcltigen Produkts verantwortlich. Die Grundpfeiler f\u00fcr effektiven Entwurf ist es, die Prozesse und Wertsch\u00f6pfungskette des Kunden zu verstehen. Das Endergebnis von gr\u00fcndlicher Hintergrundarbeit und Fertigung ist ein \u00e4u\u00dferst funktionelles und verl\u00e4ssliches Produkt, das sich ideal f\u00fcr die Prozesse des Kunden eignet.<\/p>\n<p>Die langj\u00e4hrige Erfahrung bei Entwurf, Konstruktion und Herstellung ist eine wertvolle Hilfe bei Ihrer Entwicklung von Fertigungsprozessen, dem Entwurf neuer Produkte und Systemanwendungen sowie beim Projektmanagement und der Lieferung von schl\u00fcsselfertigen Systemen. Unser konstruktive Entwurfsarbeit ist kundenorientiert, modern und erfinderisch. Jedes von uns entworfene Produkt wird sorgf\u00e4ltig am Verwendungszweck und auf maximale Langlebigkeit und Funktionalit\u00e4t ausgerichtet.<\/p>\n<h3>Produktentwurf<\/h3>\n<p>Die eigenen Produkte von LEKO umfassen: verschiedene Arten von F\u00f6rderschnecken, Industrieventilatoren und F\u00f6rderer f\u00fcr H\u00e4fen und die Industrie. Unser Entwurfsprozess beruht auf unserem intensiven Know-how und dem Dialog mit dem Kunden.<\/p>\n<p>Wir studieren den Materialfluss und die allgemeinen Prozesse beim Kunden. Wir bewerten beruhend auf unserem umfangreichen Fachwissen verschiedene Methoden der Implementation und erstellen einen Projektplan.<\/p>\n<p>Die von uns benutzte 3D-Technologie erm\u00f6glicht verschiedene Simulationen zur Entwicklung der bestm\u00f6glichen L\u00f6sung. Wir nutzen unsere standardisierten Grundl\u00f6sungen, Modularit\u00e4t und Automation zur Beschleunigung der Vorlaufzeiten, Senkung der Lieferzeit und verbesserter Kosteneffizienz.<\/p>\n<p>&nbsp;<\/p>\t\t\t\t\t\t\t\t<\/div>\n\t\t\t\t<\/div>\n\t\t\t\t\t<\/div>\n\t\t<\/div>\n\t\t\t\t\t<\/div>\n\t\t<\/section>\n\t\t\t\t<\/div>\n\t\t","protected":false},"excerpt":{"rendered":"<p>Expertise und Beratungsdienste Es kommt selten vor, dass ein Kunde die fertigen Zeichnungen oder Pl\u00e4ne hat, anhand denen wir arbeiten k\u00f6nnen. Teil unserer T\u00e4tigkeiten ist es, diese beruhend auf unserem eigenen Fachwissen zu erstellen. In anderen Worten, wir machen nicht einfach die Arbeit, die uns aufgetragen wird, sondern sind auch f\u00fcr die Funktionalit\u00e4t des endg\u00fcltigen &hellip; <\/p>\n<p class=\"link-more\"><a href=\"https:\/\/www.lekogroup.fi\/www\/de\/entwurf-und-beratung\/\" class=\"more-link\">Read More <span class=\"screen-reader-text\"> &#8221;Entwurf und Beratung&#8221;<\/span><\/a><\/p>\n","protected":false},"author":1,"featured_media":0,"parent":0,"menu_order":0,"comment_status":"closed","ping_status":"closed","template":"","meta":{"_monsterinsights_skip_tracking":false,"_monsterinsights_sitenote_active":false,"_monsterinsights_sitenote_note":"","_monsterinsights_sitenote_category":0,"ngg_post_thumbnail":0,"footnotes":""},"class_list":["post-11734","page","type-page","status-publish","hentry"],"yoast_head":"<!-- This site is optimized with the Yoast SEO plugin v27.0 - https:\/\/yoast.com\/product\/yoast-seo-wordpress\/ -->\n<title>Entwurf und Beratung - Raskaan teollisuuden monipuolinen kumppani - LekoGroup<\/title>\n<meta name=\"robots\" content=\"index, follow, max-snippet:-1, max-image-preview:large, max-video-preview:-1\" \/>\n<link rel=\"canonical\" href=\"https:\/\/www.lekogroup.fi\/www\/de\/entwurf-und-beratung\/\" \/>\n<meta property=\"og:locale\" content=\"fi_FI\" \/>\n<meta property=\"og:type\" content=\"article\" \/>\n<meta property=\"og:title\" content=\"Entwurf und Beratung - Raskaan teollisuuden monipuolinen kumppani - LekoGroup\" \/>\n<meta property=\"og:description\" content=\"Expertise und Beratungsdienste Es kommt selten vor, dass ein Kunde die fertigen Zeichnungen oder Pl\u00e4ne hat, anhand denen wir arbeiten k\u00f6nnen. Teil unserer T\u00e4tigkeiten ist es, diese beruhend auf unserem eigenen Fachwissen zu erstellen. In anderen Worten, wir machen nicht einfach die Arbeit, die uns aufgetragen wird, sondern sind auch f\u00fcr die Funktionalit\u00e4t des endg\u00fcltigen &hellip; Read More &quot;Entwurf und Beratung&quot;\" \/>\n<meta property=\"og:url\" content=\"https:\/\/www.lekogroup.fi\/www\/de\/entwurf-und-beratung\/\" \/>\n<meta property=\"og:site_name\" content=\"Raskaan teollisuuden monipuolinen kumppani - LekoGroup\" \/>\n<meta property=\"article:modified_time\" content=\"2024-03-14T11:30:39+00:00\" \/>\n<meta property=\"og:image\" content=\"https:\/\/www.lekogroup.fi\/www\/wp-content\/uploads\/2019\/04\/lekogroup-suunnittelu-konsultointi.jpg\" \/>\n<meta name=\"twitter:card\" content=\"summary_large_image\" \/>\n<meta name=\"twitter:label1\" content=\"Arvioitu lukuaika\" \/>\n\t<meta name=\"twitter:data1\" content=\"2 minuuttia\" \/>\n<script type=\"application\/ld+json\" class=\"yoast-schema-graph\">{\"@context\":\"https:\/\/schema.org\",\"@graph\":[{\"@type\":\"WebPage\",\"@id\":\"https:\/\/www.lekogroup.fi\/www\/de\/entwurf-und-beratung\/\",\"url\":\"https:\/\/www.lekogroup.fi\/www\/de\/entwurf-und-beratung\/\",\"name\":\"Entwurf und Beratung - Raskaan teollisuuden monipuolinen kumppani - LekoGroup\",\"isPartOf\":{\"@id\":\"https:\/\/www.lekogroup.fi\/www\/#website\"},\"primaryImageOfPage\":{\"@id\":\"https:\/\/www.lekogroup.fi\/www\/de\/entwurf-und-beratung\/#primaryimage\"},\"image\":{\"@id\":\"https:\/\/www.lekogroup.fi\/www\/de\/entwurf-und-beratung\/#primaryimage\"},\"thumbnailUrl\":\"https:\/\/www.lekogroup.fi\/www\/wp-content\/uploads\/2019\/04\/lekogroup-suunnittelu-konsultointi.jpg\",\"datePublished\":\"2019-06-04T10:07:16+00:00\",\"dateModified\":\"2024-03-14T11:30:39+00:00\",\"breadcrumb\":{\"@id\":\"https:\/\/www.lekogroup.fi\/www\/de\/entwurf-und-beratung\/#breadcrumb\"},\"inLanguage\":\"fi\",\"potentialAction\":[{\"@type\":\"ReadAction\",\"target\":[\"https:\/\/www.lekogroup.fi\/www\/de\/entwurf-und-beratung\/\"]}]},{\"@type\":\"ImageObject\",\"inLanguage\":\"fi\",\"@id\":\"https:\/\/www.lekogroup.fi\/www\/de\/entwurf-und-beratung\/#primaryimage\",\"url\":\"https:\/\/www.lekogroup.fi\/www\/wp-content\/uploads\/2019\/04\/lekogroup-suunnittelu-konsultointi.jpg\",\"contentUrl\":\"https:\/\/www.lekogroup.fi\/www\/wp-content\/uploads\/2019\/04\/lekogroup-suunnittelu-konsultointi.jpg\",\"width\":1000,\"height\":468},{\"@type\":\"BreadcrumbList\",\"@id\":\"https:\/\/www.lekogroup.fi\/www\/de\/entwurf-und-beratung\/#breadcrumb\",\"itemListElement\":[{\"@type\":\"ListItem\",\"position\":1,\"name\":\"Home\",\"item\":\"https:\/\/www.lekogroup.fi\/www\/fi\/etusivu\/\"},{\"@type\":\"ListItem\",\"position\":2,\"name\":\"Entwurf und Beratung\"}]},{\"@type\":\"WebSite\",\"@id\":\"https:\/\/www.lekogroup.fi\/www\/#website\",\"url\":\"https:\/\/www.lekogroup.fi\/www\/\",\"name\":\"Raskaan teollisuuden monipuolinen kumppani - LekoGroup\",\"description\":\"\",\"publisher\":{\"@id\":\"https:\/\/www.lekogroup.fi\/www\/#organization\"},\"potentialAction\":[{\"@type\":\"SearchAction\",\"target\":{\"@type\":\"EntryPoint\",\"urlTemplate\":\"https:\/\/www.lekogroup.fi\/www\/?s={search_term_string}\"},\"query-input\":{\"@type\":\"PropertyValueSpecification\",\"valueRequired\":true,\"valueName\":\"search_term_string\"}}],\"inLanguage\":\"fi\"},{\"@type\":\"Organization\",\"@id\":\"https:\/\/www.lekogroup.fi\/www\/#organization\",\"name\":\"Raskaan teollisuuden monipuolinen kumppani - LekoGroup\",\"url\":\"https:\/\/www.lekogroup.fi\/www\/\",\"logo\":{\"@type\":\"ImageObject\",\"inLanguage\":\"fi\",\"@id\":\"https:\/\/www.lekogroup.fi\/www\/#\/schema\/logo\/image\/\",\"url\":\"https:\/\/www.lekogroup.fi\/www\/wp-content\/uploads\/2022\/12\/cropped-leko_group_logo.png\",\"contentUrl\":\"https:\/\/www.lekogroup.fi\/www\/wp-content\/uploads\/2022\/12\/cropped-leko_group_logo.png\",\"width\":833,\"height\":250,\"caption\":\"Raskaan teollisuuden monipuolinen kumppani - LekoGroup\"},\"image\":{\"@id\":\"https:\/\/www.lekogroup.fi\/www\/#\/schema\/logo\/image\/\"}}]}<\/script>\n<!-- \/ Yoast SEO plugin. -->","yoast_head_json":{"title":"Entwurf und Beratung - Raskaan teollisuuden monipuolinen kumppani - LekoGroup","robots":{"index":"index","follow":"follow","max-snippet":"max-snippet:-1","max-image-preview":"max-image-preview:large","max-video-preview":"max-video-preview:-1"},"canonical":"https:\/\/www.lekogroup.fi\/www\/de\/entwurf-und-beratung\/","og_locale":"fi_FI","og_type":"article","og_title":"Entwurf und Beratung - Raskaan teollisuuden monipuolinen kumppani - LekoGroup","og_description":"Expertise und Beratungsdienste Es kommt selten vor, dass ein Kunde die fertigen Zeichnungen oder Pl\u00e4ne hat, anhand denen wir arbeiten k\u00f6nnen. Teil unserer T\u00e4tigkeiten ist es, diese beruhend auf unserem eigenen Fachwissen zu erstellen. In anderen Worten, wir machen nicht einfach die Arbeit, die uns aufgetragen wird, sondern sind auch f\u00fcr die Funktionalit\u00e4t des endg\u00fcltigen &hellip; Read More \"Entwurf und Beratung\"","og_url":"https:\/\/www.lekogroup.fi\/www\/de\/entwurf-und-beratung\/","og_site_name":"Raskaan teollisuuden monipuolinen kumppani - LekoGroup","article_modified_time":"2024-03-14T11:30:39+00:00","og_image":[{"url":"https:\/\/www.lekogroup.fi\/www\/wp-content\/uploads\/2019\/04\/lekogroup-suunnittelu-konsultointi.jpg","type":"","width":"","height":""}],"twitter_card":"summary_large_image","twitter_misc":{"Arvioitu lukuaika":"2 minuuttia"},"schema":{"@context":"https:\/\/schema.org","@graph":[{"@type":"WebPage","@id":"https:\/\/www.lekogroup.fi\/www\/de\/entwurf-und-beratung\/","url":"https:\/\/www.lekogroup.fi\/www\/de\/entwurf-und-beratung\/","name":"Entwurf und Beratung - Raskaan teollisuuden monipuolinen kumppani - LekoGroup","isPartOf":{"@id":"https:\/\/www.lekogroup.fi\/www\/#website"},"primaryImageOfPage":{"@id":"https:\/\/www.lekogroup.fi\/www\/de\/entwurf-und-beratung\/#primaryimage"},"image":{"@id":"https:\/\/www.lekogroup.fi\/www\/de\/entwurf-und-beratung\/#primaryimage"},"thumbnailUrl":"https:\/\/www.lekogroup.fi\/www\/wp-content\/uploads\/2019\/04\/lekogroup-suunnittelu-konsultointi.jpg","datePublished":"2019-06-04T10:07:16+00:00","dateModified":"2024-03-14T11:30:39+00:00","breadcrumb":{"@id":"https:\/\/www.lekogroup.fi\/www\/de\/entwurf-und-beratung\/#breadcrumb"},"inLanguage":"fi","potentialAction":[{"@type":"ReadAction","target":["https:\/\/www.lekogroup.fi\/www\/de\/entwurf-und-beratung\/"]}]},{"@type":"ImageObject","inLanguage":"fi","@id":"https:\/\/www.lekogroup.fi\/www\/de\/entwurf-und-beratung\/#primaryimage","url":"https:\/\/www.lekogroup.fi\/www\/wp-content\/uploads\/2019\/04\/lekogroup-suunnittelu-konsultointi.jpg","contentUrl":"https:\/\/www.lekogroup.fi\/www\/wp-content\/uploads\/2019\/04\/lekogroup-suunnittelu-konsultointi.jpg","width":1000,"height":468},{"@type":"BreadcrumbList","@id":"https:\/\/www.lekogroup.fi\/www\/de\/entwurf-und-beratung\/#breadcrumb","itemListElement":[{"@type":"ListItem","position":1,"name":"Home","item":"https:\/\/www.lekogroup.fi\/www\/fi\/etusivu\/"},{"@type":"ListItem","position":2,"name":"Entwurf und Beratung"}]},{"@type":"WebSite","@id":"https:\/\/www.lekogroup.fi\/www\/#website","url":"https:\/\/www.lekogroup.fi\/www\/","name":"Raskaan teollisuuden monipuolinen kumppani - LekoGroup","description":"","publisher":{"@id":"https:\/\/www.lekogroup.fi\/www\/#organization"},"potentialAction":[{"@type":"SearchAction","target":{"@type":"EntryPoint","urlTemplate":"https:\/\/www.lekogroup.fi\/www\/?s={search_term_string}"},"query-input":{"@type":"PropertyValueSpecification","valueRequired":true,"valueName":"search_term_string"}}],"inLanguage":"fi"},{"@type":"Organization","@id":"https:\/\/www.lekogroup.fi\/www\/#organization","name":"Raskaan teollisuuden monipuolinen kumppani - LekoGroup","url":"https:\/\/www.lekogroup.fi\/www\/","logo":{"@type":"ImageObject","inLanguage":"fi","@id":"https:\/\/www.lekogroup.fi\/www\/#\/schema\/logo\/image\/","url":"https:\/\/www.lekogroup.fi\/www\/wp-content\/uploads\/2022\/12\/cropped-leko_group_logo.png","contentUrl":"https:\/\/www.lekogroup.fi\/www\/wp-content\/uploads\/2022\/12\/cropped-leko_group_logo.png","width":833,"height":250,"caption":"Raskaan teollisuuden monipuolinen kumppani - LekoGroup"},"image":{"@id":"https:\/\/www.lekogroup.fi\/www\/#\/schema\/logo\/image\/"}}]}},"_links":{"self":[{"href":"https:\/\/www.lekogroup.fi\/www\/wp-json\/wp\/v2\/pages\/11734","targetHints":{"allow":["GET"]}}],"collection":[{"href":"https:\/\/www.lekogroup.fi\/www\/wp-json\/wp\/v2\/pages"}],"about":[{"href":"https:\/\/www.lekogroup.fi\/www\/wp-json\/wp\/v2\/types\/page"}],"author":[{"embeddable":true,"href":"https:\/\/www.lekogroup.fi\/www\/wp-json\/wp\/v2\/users\/1"}],"replies":[{"embeddable":true,"href":"https:\/\/www.lekogroup.fi\/www\/wp-json\/wp\/v2\/comments?post=11734"}],"version-history":[{"count":5,"href":"https:\/\/www.lekogroup.fi\/www\/wp-json\/wp\/v2\/pages\/11734\/revisions"}],"predecessor-version":[{"id":16555,"href":"https:\/\/www.lekogroup.fi\/www\/wp-json\/wp\/v2\/pages\/11734\/revisions\/16555"}],"wp:attachment":[{"href":"https:\/\/www.lekogroup.fi\/www\/wp-json\/wp\/v2\/media?parent=11734"}],"curies":[{"name":"wp","href":"https:\/\/api.w.org\/{rel}","templated":true}]}}