{"id":11738,"date":"2019-06-04T13:14:54","date_gmt":"2019-06-04T10:14:54","guid":{"rendered":"https:\/\/www.lekogroup.fi\/www\/?page_id=11738"},"modified":"2024-03-14T13:30:58","modified_gmt":"2024-03-14T11:30:58","slug":"komplettservice-als-subunternehmer-2","status":"publish","type":"page","link":"https:\/\/www.lekogroup.fi\/www\/de\/komplettservice-als-subunternehmer-2\/","title":{"rendered":"Komplettservice als Subunternehmer"},"content":{"rendered":"<h1><img decoding=\"async\" class=\"alignnone wp-image-10866 size-large lazyload\" data-src=\"https:\/\/www.lekogroup.fi\/www\/wp-content\/uploads\/2019\/04\/LEKO_GROUP_JARJESTELMATOIMITUKSET-1024x479.jpg\" alt=\"\" width=\"1024\" height=\"479\" data-srcset=\"https:\/\/www.lekogroup.fi\/www\/wp-content\/uploads\/2019\/04\/LEKO_GROUP_JARJESTELMATOIMITUKSET-1024x479.jpg 1024w, https:\/\/www.lekogroup.fi\/www\/wp-content\/uploads\/2019\/04\/LEKO_GROUP_JARJESTELMATOIMITUKSET-300x140.jpg 300w, https:\/\/www.lekogroup.fi\/www\/wp-content\/uploads\/2019\/04\/LEKO_GROUP_JARJESTELMATOIMITUKSET-768x359.jpg 768w\" data-sizes=\"(max-width: 1024px) 100vw, 1024px\" src=\"data:image\/svg+xml;base64,PHN2ZyB3aWR0aD0iMSIgaGVpZ2h0PSIxIiB4bWxucz0iaHR0cDovL3d3dy53My5vcmcvMjAwMC9zdmciPjwvc3ZnPg==\" style=\"--smush-placeholder-width: 1024px; --smush-placeholder-aspect-ratio: 1024\/479;\" \/>Lieferung und Montage von Systemen<\/h1>\n<p>Die Systemlieferung ist f\u00fcr die Kunden eine einfache und verl\u00e4ssliche Methode, die Herstellung ihrer Produkte zu organisieren. Unsere Systemlieferungen umfassen eine Auswahl an hochwertigen vorgefertigten Komponenten sowie vormontierte Module und Unterbaugruppen.<\/p>\n<p>Die LEKO Group ist auf allgemeine Unterauftragsvergabe spezialisiert. Wir agieren als Systemanbieter und fertigen f\u00fcr unsere Kunden ma\u00dfgeschneiderte Produkte, wie z. B. fertige Maschinen und andere Produkte. Wir fertigen Teile und \u00fcbernehmen die Beschaffung, Montage, Elektrifizierung und Produkttests. Wir arbeiten f\u00fcr zwei unserer Kunden, Kongsberg Maritime Finland Oy und Siemens Energy AB, weltweit als zertifizierter Subunternehmer.<\/p>\n<p>Falls erforderlich k\u00f6nnen Systemlieferungen auch die Einkaufslogistik und Lieferlogistik enthalten. Wir \u00fcbernehmen die Verantwortung f\u00fcr den Kauf von Komponenten und die direkte Lieferung an den Kunden und wir k\u00f6nnen auch die Produkte f\u00fcr sp\u00e4tere Lieferung an den Kunden lagern. Unsere langj\u00e4hrige Erfahrung mit anspruchsvollen Konfigurationen und modernen Fertigungs- und Verarbeitungsanlagen erm\u00f6glicht uns die kosteneffiziente Herstellung von gro\u00dfen Systemen sowie gro\u00dfe Produktionsvolumen.<\/p>\n<h3>Vormontage und komplette Ger\u00e4temontagen<\/h3>\n<p>Wir k\u00f6nnen f\u00fcr unsere Kunden anspruchsvolle Konfigurationen implementieren. Die Konfigurationen bestehen aus Komponenten aus unserem eigenen Fertigungsprogramm sowie standardm\u00e4\u00dfige Komponenten. Dank unserer flexiblen Arbeitsmethoden k\u00f6nnen wir sehr unterschiedlich gro\u00dfe Serien von der Vormontage bis zum endg\u00fcltigen Produkt fertigen.<\/p>\n<h3>Die Leko Group verf\u00fcgt \u00fcber ein umfangreiche Liefer- und Fertigungskette<\/h3>\n<p>Vielseitigkeit ist die gr\u00f6\u00dfte St\u00e4rke der Leko Group als Gesamt-Subunternehmer. Als Anbieter von schl\u00fcsselfertigen L\u00f6sungen k\u00f6nnen wir gro\u00dfe Projekte umsetzen, da unsere sechs Servicebereiche sich gegenseitig unterst\u00fctzen. Sie bilden gemeinsam eine Fertigungskette, wodurch sich die Kunden nicht auf mehrere Subunternehmer verlassen m\u00fcssen. Die M\u00f6glichkeit, alles von einem Anbieter zu erhalten, ist f\u00fcr Kunden immer eine sicherere, schnellere und nachhaltigere L\u00f6sung, als auf ein fragmentiertes System an mehreren Unternehmen angewiesen zu sein.<\/p>\n<p>Unser Netzwerk f\u00fcr Projektmanagement erm\u00f6glicht unseren Kunden, mittels einem designierten Ansprechpartner das Fachwissen der Leko Group voll zu nutzen. Unsere effizienten und flexiblen Fertigungsprozesse stellen f\u00fcr die Kunden eine wettbewerbsf\u00e4hige L\u00f6sung sicher. Unsere Auftragsfertigung, Designkompetenz und effizienten Fertigungsverfahren stellen sicher dass der Kunde sehr erfolgreiche Ergebnisse erh\u00e4lt.<\/p>\n<p>&nbsp;<\/p>\n","protected":false},"excerpt":{"rendered":"<p>Lieferung und Montage von Systemen Die Systemlieferung ist f\u00fcr die Kunden eine einfache und verl\u00e4ssliche Methode, die Herstellung ihrer Produkte zu organisieren. Unsere Systemlieferungen umfassen eine Auswahl an hochwertigen vorgefertigten Komponenten sowie vormontierte Module und Unterbaugruppen. Die LEKO Group ist auf allgemeine Unterauftragsvergabe spezialisiert. Wir agieren als Systemanbieter und fertigen f\u00fcr unsere Kunden ma\u00dfgeschneiderte Produkte, &hellip; <\/p>\n<p class=\"link-more\"><a href=\"https:\/\/www.lekogroup.fi\/www\/de\/komplettservice-als-subunternehmer-2\/\" class=\"more-link\">Read More <span class=\"screen-reader-text\"> &#8221;Komplettservice als Subunternehmer&#8221;<\/span><\/a><\/p>\n","protected":false},"author":1,"featured_media":0,"parent":0,"menu_order":0,"comment_status":"closed","ping_status":"closed","template":"","meta":{"_monsterinsights_skip_tracking":false,"_monsterinsights_sitenote_active":false,"_monsterinsights_sitenote_note":"","_monsterinsights_sitenote_category":0,"ngg_post_thumbnail":0,"footnotes":""},"class_list":["post-11738","page","type-page","status-publish","hentry"],"yoast_head":"<!-- This site is optimized with the Yoast SEO plugin v27.0 - https:\/\/yoast.com\/product\/yoast-seo-wordpress\/ -->\n<title>Komplettservice als Subunternehmer - Raskaan teollisuuden monipuolinen kumppani - LekoGroup<\/title>\n<meta name=\"robots\" content=\"index, follow, max-snippet:-1, max-image-preview:large, max-video-preview:-1\" \/>\n<link rel=\"canonical\" href=\"https:\/\/www.lekogroup.fi\/www\/de\/komplettservice-als-subunternehmer-2\/\" \/>\n<meta property=\"og:locale\" content=\"fi_FI\" \/>\n<meta property=\"og:type\" content=\"article\" \/>\n<meta property=\"og:title\" content=\"Komplettservice als Subunternehmer - Raskaan teollisuuden monipuolinen kumppani - LekoGroup\" \/>\n<meta property=\"og:description\" content=\"Lieferung und Montage von Systemen Die Systemlieferung ist f\u00fcr die Kunden eine einfache und verl\u00e4ssliche Methode, die Herstellung ihrer Produkte zu organisieren. Unsere Systemlieferungen umfassen eine Auswahl an hochwertigen vorgefertigten Komponenten sowie vormontierte Module und Unterbaugruppen. Die LEKO Group ist auf allgemeine Unterauftragsvergabe spezialisiert. Wir agieren als Systemanbieter und fertigen f\u00fcr unsere Kunden ma\u00dfgeschneiderte Produkte, &hellip; Read More &quot;Komplettservice als Subunternehmer&quot;\" \/>\n<meta property=\"og:url\" content=\"https:\/\/www.lekogroup.fi\/www\/de\/komplettservice-als-subunternehmer-2\/\" \/>\n<meta property=\"og:site_name\" content=\"Raskaan teollisuuden monipuolinen kumppani - LekoGroup\" \/>\n<meta property=\"article:modified_time\" content=\"2024-03-14T11:30:58+00:00\" \/>\n<meta property=\"og:image\" content=\"https:\/\/www.lekogroup.fi\/www\/wp-content\/uploads\/2019\/04\/LEKO_GROUP_JARJESTELMATOIMITUKSET-1024x479.jpg\" \/>\n<meta name=\"twitter:card\" content=\"summary_large_image\" \/>\n<meta name=\"twitter:label1\" content=\"Arvioitu lukuaika\" \/>\n\t<meta name=\"twitter:data1\" content=\"3 minuuttia\" \/>\n<script type=\"application\/ld+json\" class=\"yoast-schema-graph\">{\"@context\":\"https:\/\/schema.org\",\"@graph\":[{\"@type\":\"WebPage\",\"@id\":\"https:\/\/www.lekogroup.fi\/www\/de\/komplettservice-als-subunternehmer-2\/\",\"url\":\"https:\/\/www.lekogroup.fi\/www\/de\/komplettservice-als-subunternehmer-2\/\",\"name\":\"Komplettservice als Subunternehmer - Raskaan teollisuuden monipuolinen kumppani - LekoGroup\",\"isPartOf\":{\"@id\":\"https:\/\/www.lekogroup.fi\/www\/#website\"},\"primaryImageOfPage\":{\"@id\":\"https:\/\/www.lekogroup.fi\/www\/de\/komplettservice-als-subunternehmer-2\/#primaryimage\"},\"image\":{\"@id\":\"https:\/\/www.lekogroup.fi\/www\/de\/komplettservice-als-subunternehmer-2\/#primaryimage\"},\"thumbnailUrl\":\"https:\/\/www.lekogroup.fi\/www\/wp-content\/uploads\/2019\/04\/LEKO_GROUP_JARJESTELMATOIMITUKSET-1024x479.jpg\",\"datePublished\":\"2019-06-04T10:14:54+00:00\",\"dateModified\":\"2024-03-14T11:30:58+00:00\",\"breadcrumb\":{\"@id\":\"https:\/\/www.lekogroup.fi\/www\/de\/komplettservice-als-subunternehmer-2\/#breadcrumb\"},\"inLanguage\":\"fi\",\"potentialAction\":[{\"@type\":\"ReadAction\",\"target\":[\"https:\/\/www.lekogroup.fi\/www\/de\/komplettservice-als-subunternehmer-2\/\"]}]},{\"@type\":\"ImageObject\",\"inLanguage\":\"fi\",\"@id\":\"https:\/\/www.lekogroup.fi\/www\/de\/komplettservice-als-subunternehmer-2\/#primaryimage\",\"url\":\"https:\/\/www.lekogroup.fi\/www\/wp-content\/uploads\/2019\/04\/LEKO_GROUP_JARJESTELMATOIMITUKSET.jpg\",\"contentUrl\":\"https:\/\/www.lekogroup.fi\/www\/wp-content\/uploads\/2019\/04\/LEKO_GROUP_JARJESTELMATOIMITUKSET.jpg\",\"width\":2447,\"height\":1144},{\"@type\":\"BreadcrumbList\",\"@id\":\"https:\/\/www.lekogroup.fi\/www\/de\/komplettservice-als-subunternehmer-2\/#breadcrumb\",\"itemListElement\":[{\"@type\":\"ListItem\",\"position\":1,\"name\":\"Home\",\"item\":\"https:\/\/www.lekogroup.fi\/www\/fi\/etusivu\/\"},{\"@type\":\"ListItem\",\"position\":2,\"name\":\"Komplettservice als Subunternehmer\"}]},{\"@type\":\"WebSite\",\"@id\":\"https:\/\/www.lekogroup.fi\/www\/#website\",\"url\":\"https:\/\/www.lekogroup.fi\/www\/\",\"name\":\"Raskaan teollisuuden monipuolinen kumppani - LekoGroup\",\"description\":\"\",\"publisher\":{\"@id\":\"https:\/\/www.lekogroup.fi\/www\/#organization\"},\"potentialAction\":[{\"@type\":\"SearchAction\",\"target\":{\"@type\":\"EntryPoint\",\"urlTemplate\":\"https:\/\/www.lekogroup.fi\/www\/?s={search_term_string}\"},\"query-input\":{\"@type\":\"PropertyValueSpecification\",\"valueRequired\":true,\"valueName\":\"search_term_string\"}}],\"inLanguage\":\"fi\"},{\"@type\":\"Organization\",\"@id\":\"https:\/\/www.lekogroup.fi\/www\/#organization\",\"name\":\"Raskaan teollisuuden monipuolinen kumppani - LekoGroup\",\"url\":\"https:\/\/www.lekogroup.fi\/www\/\",\"logo\":{\"@type\":\"ImageObject\",\"inLanguage\":\"fi\",\"@id\":\"https:\/\/www.lekogroup.fi\/www\/#\/schema\/logo\/image\/\",\"url\":\"https:\/\/www.lekogroup.fi\/www\/wp-content\/uploads\/2022\/12\/cropped-leko_group_logo.png\",\"contentUrl\":\"https:\/\/www.lekogroup.fi\/www\/wp-content\/uploads\/2022\/12\/cropped-leko_group_logo.png\",\"width\":833,\"height\":250,\"caption\":\"Raskaan teollisuuden monipuolinen kumppani - LekoGroup\"},\"image\":{\"@id\":\"https:\/\/www.lekogroup.fi\/www\/#\/schema\/logo\/image\/\"}}]}<\/script>\n<!-- \/ Yoast SEO plugin. -->","yoast_head_json":{"title":"Komplettservice als Subunternehmer - Raskaan teollisuuden monipuolinen kumppani - LekoGroup","robots":{"index":"index","follow":"follow","max-snippet":"max-snippet:-1","max-image-preview":"max-image-preview:large","max-video-preview":"max-video-preview:-1"},"canonical":"https:\/\/www.lekogroup.fi\/www\/de\/komplettservice-als-subunternehmer-2\/","og_locale":"fi_FI","og_type":"article","og_title":"Komplettservice als Subunternehmer - Raskaan teollisuuden monipuolinen kumppani - LekoGroup","og_description":"Lieferung und Montage von Systemen Die Systemlieferung ist f\u00fcr die Kunden eine einfache und verl\u00e4ssliche Methode, die Herstellung ihrer Produkte zu organisieren. Unsere Systemlieferungen umfassen eine Auswahl an hochwertigen vorgefertigten Komponenten sowie vormontierte Module und Unterbaugruppen. Die LEKO Group ist auf allgemeine Unterauftragsvergabe spezialisiert. Wir agieren als Systemanbieter und fertigen f\u00fcr unsere Kunden ma\u00dfgeschneiderte Produkte, &hellip; Read More \"Komplettservice als Subunternehmer\"","og_url":"https:\/\/www.lekogroup.fi\/www\/de\/komplettservice-als-subunternehmer-2\/","og_site_name":"Raskaan teollisuuden monipuolinen kumppani - LekoGroup","article_modified_time":"2024-03-14T11:30:58+00:00","og_image":[{"url":"https:\/\/www.lekogroup.fi\/www\/wp-content\/uploads\/2019\/04\/LEKO_GROUP_JARJESTELMATOIMITUKSET-1024x479.jpg","type":"","width":"","height":""}],"twitter_card":"summary_large_image","twitter_misc":{"Arvioitu lukuaika":"3 minuuttia"},"schema":{"@context":"https:\/\/schema.org","@graph":[{"@type":"WebPage","@id":"https:\/\/www.lekogroup.fi\/www\/de\/komplettservice-als-subunternehmer-2\/","url":"https:\/\/www.lekogroup.fi\/www\/de\/komplettservice-als-subunternehmer-2\/","name":"Komplettservice als Subunternehmer - Raskaan teollisuuden monipuolinen kumppani - LekoGroup","isPartOf":{"@id":"https:\/\/www.lekogroup.fi\/www\/#website"},"primaryImageOfPage":{"@id":"https:\/\/www.lekogroup.fi\/www\/de\/komplettservice-als-subunternehmer-2\/#primaryimage"},"image":{"@id":"https:\/\/www.lekogroup.fi\/www\/de\/komplettservice-als-subunternehmer-2\/#primaryimage"},"thumbnailUrl":"https:\/\/www.lekogroup.fi\/www\/wp-content\/uploads\/2019\/04\/LEKO_GROUP_JARJESTELMATOIMITUKSET-1024x479.jpg","datePublished":"2019-06-04T10:14:54+00:00","dateModified":"2024-03-14T11:30:58+00:00","breadcrumb":{"@id":"https:\/\/www.lekogroup.fi\/www\/de\/komplettservice-als-subunternehmer-2\/#breadcrumb"},"inLanguage":"fi","potentialAction":[{"@type":"ReadAction","target":["https:\/\/www.lekogroup.fi\/www\/de\/komplettservice-als-subunternehmer-2\/"]}]},{"@type":"ImageObject","inLanguage":"fi","@id":"https:\/\/www.lekogroup.fi\/www\/de\/komplettservice-als-subunternehmer-2\/#primaryimage","url":"https:\/\/www.lekogroup.fi\/www\/wp-content\/uploads\/2019\/04\/LEKO_GROUP_JARJESTELMATOIMITUKSET.jpg","contentUrl":"https:\/\/www.lekogroup.fi\/www\/wp-content\/uploads\/2019\/04\/LEKO_GROUP_JARJESTELMATOIMITUKSET.jpg","width":2447,"height":1144},{"@type":"BreadcrumbList","@id":"https:\/\/www.lekogroup.fi\/www\/de\/komplettservice-als-subunternehmer-2\/#breadcrumb","itemListElement":[{"@type":"ListItem","position":1,"name":"Home","item":"https:\/\/www.lekogroup.fi\/www\/fi\/etusivu\/"},{"@type":"ListItem","position":2,"name":"Komplettservice als Subunternehmer"}]},{"@type":"WebSite","@id":"https:\/\/www.lekogroup.fi\/www\/#website","url":"https:\/\/www.lekogroup.fi\/www\/","name":"Raskaan teollisuuden monipuolinen kumppani - LekoGroup","description":"","publisher":{"@id":"https:\/\/www.lekogroup.fi\/www\/#organization"},"potentialAction":[{"@type":"SearchAction","target":{"@type":"EntryPoint","urlTemplate":"https:\/\/www.lekogroup.fi\/www\/?s={search_term_string}"},"query-input":{"@type":"PropertyValueSpecification","valueRequired":true,"valueName":"search_term_string"}}],"inLanguage":"fi"},{"@type":"Organization","@id":"https:\/\/www.lekogroup.fi\/www\/#organization","name":"Raskaan teollisuuden monipuolinen kumppani - LekoGroup","url":"https:\/\/www.lekogroup.fi\/www\/","logo":{"@type":"ImageObject","inLanguage":"fi","@id":"https:\/\/www.lekogroup.fi\/www\/#\/schema\/logo\/image\/","url":"https:\/\/www.lekogroup.fi\/www\/wp-content\/uploads\/2022\/12\/cropped-leko_group_logo.png","contentUrl":"https:\/\/www.lekogroup.fi\/www\/wp-content\/uploads\/2022\/12\/cropped-leko_group_logo.png","width":833,"height":250,"caption":"Raskaan teollisuuden monipuolinen kumppani - LekoGroup"},"image":{"@id":"https:\/\/www.lekogroup.fi\/www\/#\/schema\/logo\/image\/"}}]}},"_links":{"self":[{"href":"https:\/\/www.lekogroup.fi\/www\/wp-json\/wp\/v2\/pages\/11738","targetHints":{"allow":["GET"]}}],"collection":[{"href":"https:\/\/www.lekogroup.fi\/www\/wp-json\/wp\/v2\/pages"}],"about":[{"href":"https:\/\/www.lekogroup.fi\/www\/wp-json\/wp\/v2\/types\/page"}],"author":[{"embeddable":true,"href":"https:\/\/www.lekogroup.fi\/www\/wp-json\/wp\/v2\/users\/1"}],"replies":[{"embeddable":true,"href":"https:\/\/www.lekogroup.fi\/www\/wp-json\/wp\/v2\/comments?post=11738"}],"version-history":[{"count":1,"href":"https:\/\/www.lekogroup.fi\/www\/wp-json\/wp\/v2\/pages\/11738\/revisions"}],"predecessor-version":[{"id":15568,"href":"https:\/\/www.lekogroup.fi\/www\/wp-json\/wp\/v2\/pages\/11738\/revisions\/15568"}],"wp:attachment":[{"href":"https:\/\/www.lekogroup.fi\/www\/wp-json\/wp\/v2\/media?parent=11738"}],"curies":[{"name":"wp","href":"https:\/\/api.w.org\/{rel}","templated":true}]}}