{"id":11747,"date":"2019-06-04T13:23:58","date_gmt":"2019-06-04T10:23:58","guid":{"rendered":"https:\/\/www.lekogroup.fi\/www\/?page_id=11747"},"modified":"2024-03-14T13:31:31","modified_gmt":"2024-03-14T11:31:31","slug":"eigene-produktfertigung","status":"publish","type":"page","link":"https:\/\/www.lekogroup.fi\/www\/de\/eigene-produktfertigung\/","title":{"rendered":"Eigene Produktfertigung"},"content":{"rendered":"<h1><img decoding=\"async\" class=\"alignnone size-full wp-image-10871 lazyload\" data-src=\"https:\/\/www.lekogroup.fi\/www\/wp-content\/uploads\/2019\/04\/LEKO_GROUP_OMATUOTANTO.jpg\" alt=\"\" width=\"1000\" height=\"468\" data-srcset=\"https:\/\/www.lekogroup.fi\/www\/wp-content\/uploads\/2019\/04\/LEKO_GROUP_OMATUOTANTO.jpg 1000w, https:\/\/www.lekogroup.fi\/www\/wp-content\/uploads\/2019\/04\/LEKO_GROUP_OMATUOTANTO-300x140.jpg 300w, https:\/\/www.lekogroup.fi\/www\/wp-content\/uploads\/2019\/04\/LEKO_GROUP_OMATUOTANTO-768x359.jpg 768w\" data-sizes=\"(max-width: 1000px) 100vw, 1000px\" src=\"data:image\/svg+xml;base64,PHN2ZyB3aWR0aD0iMSIgaGVpZ2h0PSIxIiB4bWxucz0iaHR0cDovL3d3dy53My5vcmcvMjAwMC9zdmciPjwvc3ZnPg==\" style=\"--smush-placeholder-width: 1000px; --smush-placeholder-aspect-ratio: 1000\/468;\" \/><\/h1>\n<h1>Lekos eigene Produktfertigung<\/h1>\n<p>Abgesehen von Kundenprodukten fertigen wir auch Produkte f\u00fcr unser eigenes Programm, wie z. B. verschiedene bearbeitete Werkst\u00fccke, Industrieventilatoren, F\u00f6rderschnecken, Schneckenf\u00f6rderer, Schraubpumpen und verschiedene F\u00f6rderband-L\u00f6sungen f\u00fcr H\u00e4fen, Minen, S\u00e4gewerke und andere Zwecke.<\/p>\n<h3>Leko-Ventilatoren und Industrieventilatoren<\/h3>\n<p>LEKO Fans Gmbh produziert in separaten Produktionslinien Zentrifugalventilatoren f\u00fcr verschiedene Industrien sowie Ventilatoren aus Spezialmaterialien, wie z. B. Duplexstahl her.<\/p>\n<p><a href=\"https:\/\/www.lekogroup.fi\/www\/de\/leko-fans-2\/\">\u203a WEITERE INFORMATIONEN<\/a><\/p>\n<hr>\n<h3>F\u00f6rderschnecken von Siirtoruuvi<\/h3>\n<p>Unser Produktsortiment an F\u00f6rderschnecken umfasst standardm\u00e4\u00dfige und kundenspezifische F\u00f6rderschnecken, Schraubpumpen, Schneckenf\u00f6rderer, Vertikalschnecken, Verd\u00fcnnungsschnecken, Spiralschnecken und Zerkleinerungsschnecken. Erfahren Sie mehr \u00fcber die Produkte und Services auf der Website von Siirtoruuvi.<\/p>\n<p>Die Produkte umfassen F\u00f6rderb\u00e4nder, Kettenf\u00f6rderer, Aufz\u00fcge, Auffangbeh\u00e4lter, Trichter, Siebe, Silos, Schiffsbelade- und Entladeger\u00e4te, Rampen, St\u00fctzkonstruktionen und leicht und schwere Betriebsbr\u00fccken. In der Regel liefern wir komplette L\u00f6sungen f\u00fcr F\u00f6rderprozesse, aber wir k\u00f6nnen auch als Teil der Modernisierung von Fabriken einzelne F\u00f6rderer liefern.<\/p>\n<p><a href=\"https:\/\/www.lekogroup.fi\/www\/de\/siirtoruuvi-2-2\/\">\u203a WEITERE INFORMATIONEN<\/a><\/p>\n","protected":false},"excerpt":{"rendered":"<p>Lekos eigene Produktfertigung Abgesehen von Kundenprodukten fertigen wir auch Produkte f\u00fcr unser eigenes Programm, wie z. B. verschiedene bearbeitete Werkst\u00fccke, Industrieventilatoren, F\u00f6rderschnecken, Schneckenf\u00f6rderer, Schraubpumpen und verschiedene F\u00f6rderband-L\u00f6sungen f\u00fcr H\u00e4fen, Minen, S\u00e4gewerke und andere Zwecke. Leko-Ventilatoren und Industrieventilatoren LEKO Fans Gmbh produziert in separaten Produktionslinien Zentrifugalventilatoren f\u00fcr verschiedene Industrien sowie Ventilatoren aus Spezialmaterialien, wie z. B. &hellip; <\/p>\n<p class=\"link-more\"><a href=\"https:\/\/www.lekogroup.fi\/www\/de\/eigene-produktfertigung\/\" class=\"more-link\">Read More <span class=\"screen-reader-text\"> &#8221;Eigene Produktfertigung&#8221;<\/span><\/a><\/p>\n","protected":false},"author":1,"featured_media":0,"parent":0,"menu_order":0,"comment_status":"closed","ping_status":"closed","template":"","meta":{"_monsterinsights_skip_tracking":false,"_monsterinsights_sitenote_active":false,"_monsterinsights_sitenote_note":"","_monsterinsights_sitenote_category":0,"ngg_post_thumbnail":0,"footnotes":""},"class_list":["post-11747","page","type-page","status-publish","hentry"],"yoast_head":"<!-- This site is optimized with the Yoast SEO plugin v27.0 - https:\/\/yoast.com\/product\/yoast-seo-wordpress\/ -->\n<title>Eigene Produktfertigung - Raskaan teollisuuden monipuolinen kumppani - LekoGroup<\/title>\n<meta name=\"robots\" content=\"index, follow, max-snippet:-1, max-image-preview:large, max-video-preview:-1\" \/>\n<link rel=\"canonical\" href=\"https:\/\/www.lekogroup.fi\/www\/de\/eigene-produktfertigung\/\" \/>\n<meta property=\"og:locale\" content=\"fi_FI\" \/>\n<meta property=\"og:type\" content=\"article\" \/>\n<meta property=\"og:title\" content=\"Eigene Produktfertigung - Raskaan teollisuuden monipuolinen kumppani - LekoGroup\" \/>\n<meta property=\"og:description\" content=\"Lekos eigene Produktfertigung Abgesehen von Kundenprodukten fertigen wir auch Produkte f\u00fcr unser eigenes Programm, wie z. B. verschiedene bearbeitete Werkst\u00fccke, Industrieventilatoren, F\u00f6rderschnecken, Schneckenf\u00f6rderer, Schraubpumpen und verschiedene F\u00f6rderband-L\u00f6sungen f\u00fcr H\u00e4fen, Minen, S\u00e4gewerke und andere Zwecke. Leko-Ventilatoren und Industrieventilatoren LEKO Fans Gmbh produziert in separaten Produktionslinien Zentrifugalventilatoren f\u00fcr verschiedene Industrien sowie Ventilatoren aus Spezialmaterialien, wie z. B. &hellip; Read More &quot;Eigene Produktfertigung&quot;\" \/>\n<meta property=\"og:url\" content=\"https:\/\/www.lekogroup.fi\/www\/de\/eigene-produktfertigung\/\" \/>\n<meta property=\"og:site_name\" content=\"Raskaan teollisuuden monipuolinen kumppani - LekoGroup\" \/>\n<meta property=\"article:modified_time\" content=\"2024-03-14T11:31:31+00:00\" \/>\n<meta property=\"og:image\" content=\"https:\/\/www.lekogroup.fi\/www\/wp-content\/uploads\/2019\/04\/LEKO_GROUP_OMATUOTANTO.jpg\" \/>\n<meta name=\"twitter:card\" content=\"summary_large_image\" \/>\n<meta name=\"twitter:label1\" content=\"Arvioitu lukuaika\" \/>\n\t<meta name=\"twitter:data1\" content=\"2 minuuttia\" \/>\n<script type=\"application\/ld+json\" class=\"yoast-schema-graph\">{\"@context\":\"https:\/\/schema.org\",\"@graph\":[{\"@type\":\"WebPage\",\"@id\":\"https:\/\/www.lekogroup.fi\/www\/de\/eigene-produktfertigung\/\",\"url\":\"https:\/\/www.lekogroup.fi\/www\/de\/eigene-produktfertigung\/\",\"name\":\"Eigene Produktfertigung - Raskaan teollisuuden monipuolinen kumppani - LekoGroup\",\"isPartOf\":{\"@id\":\"https:\/\/www.lekogroup.fi\/www\/#website\"},\"primaryImageOfPage\":{\"@id\":\"https:\/\/www.lekogroup.fi\/www\/de\/eigene-produktfertigung\/#primaryimage\"},\"image\":{\"@id\":\"https:\/\/www.lekogroup.fi\/www\/de\/eigene-produktfertigung\/#primaryimage\"},\"thumbnailUrl\":\"https:\/\/www.lekogroup.fi\/www\/wp-content\/uploads\/2019\/04\/LEKO_GROUP_OMATUOTANTO.jpg\",\"datePublished\":\"2019-06-04T10:23:58+00:00\",\"dateModified\":\"2024-03-14T11:31:31+00:00\",\"breadcrumb\":{\"@id\":\"https:\/\/www.lekogroup.fi\/www\/de\/eigene-produktfertigung\/#breadcrumb\"},\"inLanguage\":\"fi\",\"potentialAction\":[{\"@type\":\"ReadAction\",\"target\":[\"https:\/\/www.lekogroup.fi\/www\/de\/eigene-produktfertigung\/\"]}]},{\"@type\":\"ImageObject\",\"inLanguage\":\"fi\",\"@id\":\"https:\/\/www.lekogroup.fi\/www\/de\/eigene-produktfertigung\/#primaryimage\",\"url\":\"https:\/\/www.lekogroup.fi\/www\/wp-content\/uploads\/2019\/04\/LEKO_GROUP_OMATUOTANTO.jpg\",\"contentUrl\":\"https:\/\/www.lekogroup.fi\/www\/wp-content\/uploads\/2019\/04\/LEKO_GROUP_OMATUOTANTO.jpg\",\"width\":1000,\"height\":468},{\"@type\":\"BreadcrumbList\",\"@id\":\"https:\/\/www.lekogroup.fi\/www\/de\/eigene-produktfertigung\/#breadcrumb\",\"itemListElement\":[{\"@type\":\"ListItem\",\"position\":1,\"name\":\"Home\",\"item\":\"https:\/\/www.lekogroup.fi\/www\/fi\/etusivu\/\"},{\"@type\":\"ListItem\",\"position\":2,\"name\":\"Eigene Produktfertigung\"}]},{\"@type\":\"WebSite\",\"@id\":\"https:\/\/www.lekogroup.fi\/www\/#website\",\"url\":\"https:\/\/www.lekogroup.fi\/www\/\",\"name\":\"Raskaan teollisuuden monipuolinen kumppani - LekoGroup\",\"description\":\"\",\"publisher\":{\"@id\":\"https:\/\/www.lekogroup.fi\/www\/#organization\"},\"potentialAction\":[{\"@type\":\"SearchAction\",\"target\":{\"@type\":\"EntryPoint\",\"urlTemplate\":\"https:\/\/www.lekogroup.fi\/www\/?s={search_term_string}\"},\"query-input\":{\"@type\":\"PropertyValueSpecification\",\"valueRequired\":true,\"valueName\":\"search_term_string\"}}],\"inLanguage\":\"fi\"},{\"@type\":\"Organization\",\"@id\":\"https:\/\/www.lekogroup.fi\/www\/#organization\",\"name\":\"Raskaan teollisuuden monipuolinen kumppani - LekoGroup\",\"url\":\"https:\/\/www.lekogroup.fi\/www\/\",\"logo\":{\"@type\":\"ImageObject\",\"inLanguage\":\"fi\",\"@id\":\"https:\/\/www.lekogroup.fi\/www\/#\/schema\/logo\/image\/\",\"url\":\"https:\/\/www.lekogroup.fi\/www\/wp-content\/uploads\/2022\/12\/cropped-leko_group_logo.png\",\"contentUrl\":\"https:\/\/www.lekogroup.fi\/www\/wp-content\/uploads\/2022\/12\/cropped-leko_group_logo.png\",\"width\":833,\"height\":250,\"caption\":\"Raskaan teollisuuden monipuolinen kumppani - LekoGroup\"},\"image\":{\"@id\":\"https:\/\/www.lekogroup.fi\/www\/#\/schema\/logo\/image\/\"}}]}<\/script>\n<!-- \/ Yoast SEO plugin. -->","yoast_head_json":{"title":"Eigene Produktfertigung - Raskaan teollisuuden monipuolinen kumppani - LekoGroup","robots":{"index":"index","follow":"follow","max-snippet":"max-snippet:-1","max-image-preview":"max-image-preview:large","max-video-preview":"max-video-preview:-1"},"canonical":"https:\/\/www.lekogroup.fi\/www\/de\/eigene-produktfertigung\/","og_locale":"fi_FI","og_type":"article","og_title":"Eigene Produktfertigung - Raskaan teollisuuden monipuolinen kumppani - LekoGroup","og_description":"Lekos eigene Produktfertigung Abgesehen von Kundenprodukten fertigen wir auch Produkte f\u00fcr unser eigenes Programm, wie z. B. verschiedene bearbeitete Werkst\u00fccke, Industrieventilatoren, F\u00f6rderschnecken, Schneckenf\u00f6rderer, Schraubpumpen und verschiedene F\u00f6rderband-L\u00f6sungen f\u00fcr H\u00e4fen, Minen, S\u00e4gewerke und andere Zwecke. Leko-Ventilatoren und Industrieventilatoren LEKO Fans Gmbh produziert in separaten Produktionslinien Zentrifugalventilatoren f\u00fcr verschiedene Industrien sowie Ventilatoren aus Spezialmaterialien, wie z. B. &hellip; Read More \"Eigene Produktfertigung\"","og_url":"https:\/\/www.lekogroup.fi\/www\/de\/eigene-produktfertigung\/","og_site_name":"Raskaan teollisuuden monipuolinen kumppani - LekoGroup","article_modified_time":"2024-03-14T11:31:31+00:00","og_image":[{"url":"https:\/\/www.lekogroup.fi\/www\/wp-content\/uploads\/2019\/04\/LEKO_GROUP_OMATUOTANTO.jpg","type":"","width":"","height":""}],"twitter_card":"summary_large_image","twitter_misc":{"Arvioitu lukuaika":"2 minuuttia"},"schema":{"@context":"https:\/\/schema.org","@graph":[{"@type":"WebPage","@id":"https:\/\/www.lekogroup.fi\/www\/de\/eigene-produktfertigung\/","url":"https:\/\/www.lekogroup.fi\/www\/de\/eigene-produktfertigung\/","name":"Eigene Produktfertigung - Raskaan teollisuuden monipuolinen kumppani - LekoGroup","isPartOf":{"@id":"https:\/\/www.lekogroup.fi\/www\/#website"},"primaryImageOfPage":{"@id":"https:\/\/www.lekogroup.fi\/www\/de\/eigene-produktfertigung\/#primaryimage"},"image":{"@id":"https:\/\/www.lekogroup.fi\/www\/de\/eigene-produktfertigung\/#primaryimage"},"thumbnailUrl":"https:\/\/www.lekogroup.fi\/www\/wp-content\/uploads\/2019\/04\/LEKO_GROUP_OMATUOTANTO.jpg","datePublished":"2019-06-04T10:23:58+00:00","dateModified":"2024-03-14T11:31:31+00:00","breadcrumb":{"@id":"https:\/\/www.lekogroup.fi\/www\/de\/eigene-produktfertigung\/#breadcrumb"},"inLanguage":"fi","potentialAction":[{"@type":"ReadAction","target":["https:\/\/www.lekogroup.fi\/www\/de\/eigene-produktfertigung\/"]}]},{"@type":"ImageObject","inLanguage":"fi","@id":"https:\/\/www.lekogroup.fi\/www\/de\/eigene-produktfertigung\/#primaryimage","url":"https:\/\/www.lekogroup.fi\/www\/wp-content\/uploads\/2019\/04\/LEKO_GROUP_OMATUOTANTO.jpg","contentUrl":"https:\/\/www.lekogroup.fi\/www\/wp-content\/uploads\/2019\/04\/LEKO_GROUP_OMATUOTANTO.jpg","width":1000,"height":468},{"@type":"BreadcrumbList","@id":"https:\/\/www.lekogroup.fi\/www\/de\/eigene-produktfertigung\/#breadcrumb","itemListElement":[{"@type":"ListItem","position":1,"name":"Home","item":"https:\/\/www.lekogroup.fi\/www\/fi\/etusivu\/"},{"@type":"ListItem","position":2,"name":"Eigene Produktfertigung"}]},{"@type":"WebSite","@id":"https:\/\/www.lekogroup.fi\/www\/#website","url":"https:\/\/www.lekogroup.fi\/www\/","name":"Raskaan teollisuuden monipuolinen kumppani - LekoGroup","description":"","publisher":{"@id":"https:\/\/www.lekogroup.fi\/www\/#organization"},"potentialAction":[{"@type":"SearchAction","target":{"@type":"EntryPoint","urlTemplate":"https:\/\/www.lekogroup.fi\/www\/?s={search_term_string}"},"query-input":{"@type":"PropertyValueSpecification","valueRequired":true,"valueName":"search_term_string"}}],"inLanguage":"fi"},{"@type":"Organization","@id":"https:\/\/www.lekogroup.fi\/www\/#organization","name":"Raskaan teollisuuden monipuolinen kumppani - LekoGroup","url":"https:\/\/www.lekogroup.fi\/www\/","logo":{"@type":"ImageObject","inLanguage":"fi","@id":"https:\/\/www.lekogroup.fi\/www\/#\/schema\/logo\/image\/","url":"https:\/\/www.lekogroup.fi\/www\/wp-content\/uploads\/2022\/12\/cropped-leko_group_logo.png","contentUrl":"https:\/\/www.lekogroup.fi\/www\/wp-content\/uploads\/2022\/12\/cropped-leko_group_logo.png","width":833,"height":250,"caption":"Raskaan teollisuuden monipuolinen kumppani - LekoGroup"},"image":{"@id":"https:\/\/www.lekogroup.fi\/www\/#\/schema\/logo\/image\/"}}]}},"_links":{"self":[{"href":"https:\/\/www.lekogroup.fi\/www\/wp-json\/wp\/v2\/pages\/11747","targetHints":{"allow":["GET"]}}],"collection":[{"href":"https:\/\/www.lekogroup.fi\/www\/wp-json\/wp\/v2\/pages"}],"about":[{"href":"https:\/\/www.lekogroup.fi\/www\/wp-json\/wp\/v2\/types\/page"}],"author":[{"embeddable":true,"href":"https:\/\/www.lekogroup.fi\/www\/wp-json\/wp\/v2\/users\/1"}],"replies":[{"embeddable":true,"href":"https:\/\/www.lekogroup.fi\/www\/wp-json\/wp\/v2\/comments?post=11747"}],"version-history":[{"count":1,"href":"https:\/\/www.lekogroup.fi\/www\/wp-json\/wp\/v2\/pages\/11747\/revisions"}],"predecessor-version":[{"id":15025,"href":"https:\/\/www.lekogroup.fi\/www\/wp-json\/wp\/v2\/pages\/11747\/revisions\/15025"}],"wp:attachment":[{"href":"https:\/\/www.lekogroup.fi\/www\/wp-json\/wp\/v2\/media?parent=11747"}],"curies":[{"name":"wp","href":"https:\/\/api.w.org\/{rel}","templated":true}]}}