{"id":3220,"date":"2017-10-30T11:43:26","date_gmt":"2017-10-30T09:43:26","guid":{"rendered":"https:\/\/www.lekogroup.fi\/?page_id=3220"},"modified":"2026-03-02T12:20:38","modified_gmt":"2026-03-02T10:20:38","slug":"rekisteriseloste","status":"publish","type":"page","link":"https:\/\/www.lekogroup.fi\/www\/fi\/rekisteriseloste\/","title":{"rendered":"Rekisteriseloste"},"content":{"rendered":"<p>&nbsp;<\/p>\n<h3><b>Henkil\u00f6tietolain (523\/99) 10 \u00a7:n mukainen rekisteriseloste<\/b><\/h3>\n<p><strong>1. Rekisterinpit\u00e4j\u00e4<\/strong><br \/>\nLehtosen Konepaja Oy<br \/>\nY-tunnus 0134132-5<br \/>\nLekokatu 4<br \/>\n32810 Peipohja<\/p>\n<p><strong>2. Rekisteriasioiden yhteyshenkil\u00f6<\/strong><br \/>\nAnu Lehtonen<\/p>\n<p><strong>3. Rekisterin nimi<\/strong><br \/>\nLEKO Group asiakas- ja markkinointirekisteri<\/p>\n<p data-reactid=\"55\"><strong data-reactid=\"54\">4. Rekisterin pit\u00e4misen peruste<br \/>\n<\/strong>Henkil\u00f6\/yritys on LEKO Groupin liiketoimintayksik\u00f6n potentiaalinen, tuleva tai nykyinen asiakas, yhteisty\u00f6kumppani tai muu sidosryhm\u00e4\u00e4n kuuluva kontakti.<\/p>\n<p><strong>5. Henkil\u00f6tietojen k\u00e4sittelyn tarkoitus<\/strong><br \/>\nK\u00e4sittelyn tarkoituksena on asiakassuhteen hoitaminen, asiakkaan ja rekisterinpit\u00e4j\u00e4n oikeuksien ja velvollisuuksien toteuttaminen sek\u00e4 henkil\u00f6tietolain mukainen henkil\u00f6tietojen k\u00e4sittely verkkopalveluihin liittyviin tarkoituksiin, tutkimustoimintaan, rekisterinpit\u00e4j\u00e4n ja\/tai sen yhteisty\u00f6kumppaneiden mainonnan ja\/tai suoramarkkinoinnin suuntaaminen asiakastietojen perusteella rekisterinpit\u00e4j\u00e4n viestimien ja palvelujen kautta luovuttamatta henkil\u00f6tietoja ulkopuoliselle taholle.<\/p>\n<p><strong>6. Rekisterin tietosis\u00e4lt\u00f6<\/strong><br \/>\nRekisteri voi sis\u00e4lt\u00e4\u00e4 seuraavia tietoja asiakkaista:<br \/>\n\u00b7 Nimi<br \/>\n\u00b7 S\u00e4hk\u00f6postiosoite<br \/>\n\u00b7 Matka- ja\/tai muu puhelinnumero<br \/>\n\u00b7 Organisaatio ja asema<br \/>\n\u00b7 Organisaation osoitetiedot<br \/>\n\u00b7 Yhteysloki<\/p>\n<p><strong>7. Rekisterin s\u00e4\u00e4nn\u00f6nmukaiset tietol\u00e4hteet<\/strong><br \/>\nRekisteri koostetaan rekisterinpit\u00e4j\u00e4n asiakastietoj\u00e4rjestelm\u00e4st\u00e4, yleisesti saatavilla olevista internetl\u00e4hteist\u00e4, sek\u00e4 mahdollisista muista julkisista l\u00e4hteist\u00e4 sek\u00e4 rekisterinpit\u00e4j\u00e4n j\u00e4rjest\u00e4mien kamppanjoiden pohjalta. P\u00e4\u00e4s\u00e4\u00e4nt\u00f6isesti osoitel\u00e4hteet on eritelty mik\u00e4li ne ovat muita kuin ensiksi mainittuja.<\/p>\n<p><strong>8. S\u00e4\u00e4nn\u00f6nmukaiset tietojen luovutukset<\/strong><br \/>\nRekisterinpit\u00e4j\u00e4 ei luovuta asiakkaiden henkil\u00f6tietoja ulkopuolisille, paitsi Suomen viranomaistoimien niin edellytt\u00e4ess\u00e4.<\/p>\n<p><strong>9. Tietojen poistaminen<\/strong><br \/>\nTietoja voidaan poistaa henkil\u00f6n vaatimuksesta tai asiakassuhteen loppumisen vuoksi.<\/p>\n<p><strong>10. Rekisterin suojauksen periaatteet<\/strong><br \/>\nHenkil\u00f6tiedot s\u00e4ilytet\u00e4\u00e4n luottamuksellisina. Rekisterinpit\u00e4j\u00e4n ja sen mahdollisten tietotekniikkakumppanien tietoverkko ja laitteisto, jolla rekisteri sijaitsee, on suojattu palomuurilla ja muilla tarvittavilla teknisill\u00e4 toimenpiteill\u00e4.<\/p>\n<p><strong>11. Kielto-oikeus<\/strong><br \/>\nAsiakkaalla on oikeus kielt\u00e4\u00e4 tietojensa luovuttaminen ja k\u00e4sittely suoramainontaa ja muuta markkinointia varten. S\u00e4hk\u00f6postituslistalta on mahdollista itsen\u00e4isesti poistua milloin tahansa.<\/p>\n","protected":false},"excerpt":{"rendered":"<p>&nbsp; Henkil\u00f6tietolain (523\/99) 10 \u00a7:n mukainen rekisteriseloste 1. Rekisterinpit\u00e4j\u00e4 Lehtosen Konepaja Oy Y-tunnus 0134132-5 Lekokatu 4 32810 Peipohja 2. Rekisteriasioiden yhteyshenkil\u00f6 Anu Lehtonen 3. Rekisterin nimi LEKO Group asiakas- ja markkinointirekisteri 4. Rekisterin pit\u00e4misen peruste Henkil\u00f6\/yritys on LEKO Groupin liiketoimintayksik\u00f6n potentiaalinen, tuleva tai nykyinen asiakas, yhteisty\u00f6kumppani tai muu sidosryhm\u00e4\u00e4n kuuluva kontakti. 5. Henkil\u00f6tietojen k\u00e4sittelyn tarkoitus &hellip; <\/p>\n<p class=\"link-more\"><a href=\"https:\/\/www.lekogroup.fi\/www\/fi\/rekisteriseloste\/\" class=\"more-link\">Read More <span class=\"screen-reader-text\"> &#8221;Rekisteriseloste&#8221;<\/span><\/a><\/p>\n","protected":false},"author":1,"featured_media":0,"parent":0,"menu_order":0,"comment_status":"closed","ping_status":"closed","template":"","meta":{"_monsterinsights_skip_tracking":false,"_monsterinsights_sitenote_active":false,"_monsterinsights_sitenote_note":"","_monsterinsights_sitenote_category":0,"ngg_post_thumbnail":0,"footnotes":""},"class_list":["post-3220","page","type-page","status-publish","hentry"],"yoast_head":"<!-- This site is optimized with the Yoast SEO plugin v27.0 - https:\/\/yoast.com\/product\/yoast-seo-wordpress\/ -->\n<title>Rekisteriseloste - Raskaan teollisuuden monipuolinen kumppani - LekoGroup<\/title>\n<meta name=\"robots\" content=\"index, follow, max-snippet:-1, max-image-preview:large, max-video-preview:-1\" \/>\n<link rel=\"canonical\" href=\"https:\/\/www.lekogroup.fi\/www\/fi\/rekisteriseloste\/\" \/>\n<meta property=\"og:locale\" content=\"fi_FI\" \/>\n<meta property=\"og:type\" content=\"article\" \/>\n<meta property=\"og:title\" content=\"Rekisteriseloste - Raskaan teollisuuden monipuolinen kumppani - LekoGroup\" \/>\n<meta property=\"og:description\" content=\"&nbsp; Henkil\u00f6tietolain (523\/99) 10 \u00a7:n mukainen rekisteriseloste 1. Rekisterinpit\u00e4j\u00e4 Lehtosen Konepaja Oy Y-tunnus 0134132-5 Lekokatu 4 32810 Peipohja 2. Rekisteriasioiden yhteyshenkil\u00f6 Anu Lehtonen 3. Rekisterin nimi LEKO Group asiakas- ja markkinointirekisteri 4. Rekisterin pit\u00e4misen peruste Henkil\u00f6\/yritys on LEKO Groupin liiketoimintayksik\u00f6n potentiaalinen, tuleva tai nykyinen asiakas, yhteisty\u00f6kumppani tai muu sidosryhm\u00e4\u00e4n kuuluva kontakti. 5. Henkil\u00f6tietojen k\u00e4sittelyn tarkoitus &hellip; Read More &quot;Rekisteriseloste&quot;\" \/>\n<meta property=\"og:url\" content=\"https:\/\/www.lekogroup.fi\/www\/fi\/rekisteriseloste\/\" \/>\n<meta property=\"og:site_name\" content=\"Raskaan teollisuuden monipuolinen kumppani - LekoGroup\" \/>\n<meta property=\"article:modified_time\" content=\"2026-03-02T10:20:38+00:00\" \/>\n<meta name=\"twitter:card\" content=\"summary_large_image\" \/>\n<meta name=\"twitter:label1\" content=\"Arvioitu lukuaika\" \/>\n\t<meta name=\"twitter:data1\" content=\"2 minuuttia\" \/>\n<script type=\"application\/ld+json\" class=\"yoast-schema-graph\">{\"@context\":\"https:\/\/schema.org\",\"@graph\":[{\"@type\":\"WebPage\",\"@id\":\"https:\/\/www.lekogroup.fi\/www\/fi\/rekisteriseloste\/\",\"url\":\"https:\/\/www.lekogroup.fi\/www\/fi\/rekisteriseloste\/\",\"name\":\"Rekisteriseloste - Raskaan teollisuuden monipuolinen kumppani - LekoGroup\",\"isPartOf\":{\"@id\":\"https:\/\/www.lekogroup.fi\/www\/#website\"},\"datePublished\":\"2017-10-30T09:43:26+00:00\",\"dateModified\":\"2026-03-02T10:20:38+00:00\",\"breadcrumb\":{\"@id\":\"https:\/\/www.lekogroup.fi\/www\/fi\/rekisteriseloste\/#breadcrumb\"},\"inLanguage\":\"fi\",\"potentialAction\":[{\"@type\":\"ReadAction\",\"target\":[\"https:\/\/www.lekogroup.fi\/www\/fi\/rekisteriseloste\/\"]}]},{\"@type\":\"BreadcrumbList\",\"@id\":\"https:\/\/www.lekogroup.fi\/www\/fi\/rekisteriseloste\/#breadcrumb\",\"itemListElement\":[{\"@type\":\"ListItem\",\"position\":1,\"name\":\"Home\",\"item\":\"https:\/\/www.lekogroup.fi\/www\/fi\/etusivu\/\"},{\"@type\":\"ListItem\",\"position\":2,\"name\":\"Rekisteriseloste\"}]},{\"@type\":\"WebSite\",\"@id\":\"https:\/\/www.lekogroup.fi\/www\/#website\",\"url\":\"https:\/\/www.lekogroup.fi\/www\/\",\"name\":\"Raskaan teollisuuden monipuolinen kumppani - LekoGroup\",\"description\":\"\",\"publisher\":{\"@id\":\"https:\/\/www.lekogroup.fi\/www\/#organization\"},\"potentialAction\":[{\"@type\":\"SearchAction\",\"target\":{\"@type\":\"EntryPoint\",\"urlTemplate\":\"https:\/\/www.lekogroup.fi\/www\/?s={search_term_string}\"},\"query-input\":{\"@type\":\"PropertyValueSpecification\",\"valueRequired\":true,\"valueName\":\"search_term_string\"}}],\"inLanguage\":\"fi\"},{\"@type\":\"Organization\",\"@id\":\"https:\/\/www.lekogroup.fi\/www\/#organization\",\"name\":\"Raskaan teollisuuden monipuolinen kumppani - LekoGroup\",\"url\":\"https:\/\/www.lekogroup.fi\/www\/\",\"logo\":{\"@type\":\"ImageObject\",\"inLanguage\":\"fi\",\"@id\":\"https:\/\/www.lekogroup.fi\/www\/#\/schema\/logo\/image\/\",\"url\":\"https:\/\/www.lekogroup.fi\/www\/wp-content\/uploads\/2022\/12\/cropped-leko_group_logo.png\",\"contentUrl\":\"https:\/\/www.lekogroup.fi\/www\/wp-content\/uploads\/2022\/12\/cropped-leko_group_logo.png\",\"width\":833,\"height\":250,\"caption\":\"Raskaan teollisuuden monipuolinen kumppani - LekoGroup\"},\"image\":{\"@id\":\"https:\/\/www.lekogroup.fi\/www\/#\/schema\/logo\/image\/\"}}]}<\/script>\n<!-- \/ Yoast SEO plugin. -->","yoast_head_json":{"title":"Rekisteriseloste - Raskaan teollisuuden monipuolinen kumppani - LekoGroup","robots":{"index":"index","follow":"follow","max-snippet":"max-snippet:-1","max-image-preview":"max-image-preview:large","max-video-preview":"max-video-preview:-1"},"canonical":"https:\/\/www.lekogroup.fi\/www\/fi\/rekisteriseloste\/","og_locale":"fi_FI","og_type":"article","og_title":"Rekisteriseloste - Raskaan teollisuuden monipuolinen kumppani - LekoGroup","og_description":"&nbsp; Henkil\u00f6tietolain (523\/99) 10 \u00a7:n mukainen rekisteriseloste 1. Rekisterinpit\u00e4j\u00e4 Lehtosen Konepaja Oy Y-tunnus 0134132-5 Lekokatu 4 32810 Peipohja 2. Rekisteriasioiden yhteyshenkil\u00f6 Anu Lehtonen 3. Rekisterin nimi LEKO Group asiakas- ja markkinointirekisteri 4. Rekisterin pit\u00e4misen peruste Henkil\u00f6\/yritys on LEKO Groupin liiketoimintayksik\u00f6n potentiaalinen, tuleva tai nykyinen asiakas, yhteisty\u00f6kumppani tai muu sidosryhm\u00e4\u00e4n kuuluva kontakti. 5. Henkil\u00f6tietojen k\u00e4sittelyn tarkoitus &hellip; Read More \"Rekisteriseloste\"","og_url":"https:\/\/www.lekogroup.fi\/www\/fi\/rekisteriseloste\/","og_site_name":"Raskaan teollisuuden monipuolinen kumppani - LekoGroup","article_modified_time":"2026-03-02T10:20:38+00:00","twitter_card":"summary_large_image","twitter_misc":{"Arvioitu lukuaika":"2 minuuttia"},"schema":{"@context":"https:\/\/schema.org","@graph":[{"@type":"WebPage","@id":"https:\/\/www.lekogroup.fi\/www\/fi\/rekisteriseloste\/","url":"https:\/\/www.lekogroup.fi\/www\/fi\/rekisteriseloste\/","name":"Rekisteriseloste - Raskaan teollisuuden monipuolinen kumppani - LekoGroup","isPartOf":{"@id":"https:\/\/www.lekogroup.fi\/www\/#website"},"datePublished":"2017-10-30T09:43:26+00:00","dateModified":"2026-03-02T10:20:38+00:00","breadcrumb":{"@id":"https:\/\/www.lekogroup.fi\/www\/fi\/rekisteriseloste\/#breadcrumb"},"inLanguage":"fi","potentialAction":[{"@type":"ReadAction","target":["https:\/\/www.lekogroup.fi\/www\/fi\/rekisteriseloste\/"]}]},{"@type":"BreadcrumbList","@id":"https:\/\/www.lekogroup.fi\/www\/fi\/rekisteriseloste\/#breadcrumb","itemListElement":[{"@type":"ListItem","position":1,"name":"Home","item":"https:\/\/www.lekogroup.fi\/www\/fi\/etusivu\/"},{"@type":"ListItem","position":2,"name":"Rekisteriseloste"}]},{"@type":"WebSite","@id":"https:\/\/www.lekogroup.fi\/www\/#website","url":"https:\/\/www.lekogroup.fi\/www\/","name":"Raskaan teollisuuden monipuolinen kumppani - LekoGroup","description":"","publisher":{"@id":"https:\/\/www.lekogroup.fi\/www\/#organization"},"potentialAction":[{"@type":"SearchAction","target":{"@type":"EntryPoint","urlTemplate":"https:\/\/www.lekogroup.fi\/www\/?s={search_term_string}"},"query-input":{"@type":"PropertyValueSpecification","valueRequired":true,"valueName":"search_term_string"}}],"inLanguage":"fi"},{"@type":"Organization","@id":"https:\/\/www.lekogroup.fi\/www\/#organization","name":"Raskaan teollisuuden monipuolinen kumppani - LekoGroup","url":"https:\/\/www.lekogroup.fi\/www\/","logo":{"@type":"ImageObject","inLanguage":"fi","@id":"https:\/\/www.lekogroup.fi\/www\/#\/schema\/logo\/image\/","url":"https:\/\/www.lekogroup.fi\/www\/wp-content\/uploads\/2022\/12\/cropped-leko_group_logo.png","contentUrl":"https:\/\/www.lekogroup.fi\/www\/wp-content\/uploads\/2022\/12\/cropped-leko_group_logo.png","width":833,"height":250,"caption":"Raskaan teollisuuden monipuolinen kumppani - LekoGroup"},"image":{"@id":"https:\/\/www.lekogroup.fi\/www\/#\/schema\/logo\/image\/"}}]}},"_links":{"self":[{"href":"https:\/\/www.lekogroup.fi\/www\/wp-json\/wp\/v2\/pages\/3220","targetHints":{"allow":["GET"]}}],"collection":[{"href":"https:\/\/www.lekogroup.fi\/www\/wp-json\/wp\/v2\/pages"}],"about":[{"href":"https:\/\/www.lekogroup.fi\/www\/wp-json\/wp\/v2\/types\/page"}],"author":[{"embeddable":true,"href":"https:\/\/www.lekogroup.fi\/www\/wp-json\/wp\/v2\/users\/1"}],"replies":[{"embeddable":true,"href":"https:\/\/www.lekogroup.fi\/www\/wp-json\/wp\/v2\/comments?post=3220"}],"version-history":[{"count":4,"href":"https:\/\/www.lekogroup.fi\/www\/wp-json\/wp\/v2\/pages\/3220\/revisions"}],"predecessor-version":[{"id":18468,"href":"https:\/\/www.lekogroup.fi\/www\/wp-json\/wp\/v2\/pages\/3220\/revisions\/18468"}],"wp:attachment":[{"href":"https:\/\/www.lekogroup.fi\/www\/wp-json\/wp\/v2\/media?parent=3220"}],"curies":[{"name":"wp","href":"https:\/\/api.w.org\/{rel}","templated":true}]}}