{"id":3467,"date":"2018-02-01T10:23:58","date_gmt":"2018-02-01T08:23:58","guid":{"rendered":"https:\/\/www.lekogroup.fi\/?page_id=3467"},"modified":"2024-04-08T08:58:13","modified_gmt":"2024-04-08T05:58:13","slug":"media","status":"publish","type":"page","link":"https:\/\/www.lekogroup.fi\/www\/fi\/media\/","title":{"rendered":"Media"},"content":{"rendered":"<div class=\"rivi\">\n<div class=\"sarake\"><b>Lis\u00e4tietoja LEKO Groupin markkinointimateriaaleista <a href=\"mailto:raija@jips.fi\">raija@jips.fi<\/a><\/b><\/div>\n<\/div>\n<p>&nbsp;<\/p>\n<div class=\"rivi\">\n<h3><b>LEKO Group<\/b><\/h3>\n<\/div>\n<div class=\"rivi\">\n<div class=\"sarake\" style=\"background-color: #f6f6f6;\">\n<h6>Web 150dpi<\/h6>\n<p><a href=\"https:\/\/www.lekogroup.fi\/www\/wp-content\/uploads\/2019\/04\/leko-group-3d-web.jpg\" target=\"_blank\" rel=\"noopener noreferrer\">\u00bb 3D logo.jpg<\/a><br \/>\n<a href=\"https:\/\/www.lekogroup.fi\/www\/wp-content\/uploads\/2019\/04\/leko-group-2D-web.jpg\" target=\"_blank\" rel=\"noopener noreferrer\">\u00bb 2D logo.jpg<\/a><br \/>\n<a href=\"https:\/\/www.lekogroup.fi\/www\/wp-content\/uploads\/2019\/04\/Leko-group-nega-web.png\" target=\"_blank\" rel=\"noopener noreferrer\">\u00bb White logo.png<\/a><\/p>\n<h6>Print 300dpi<\/h6>\n<p><a href=\"https:\/\/www.lekogroup.fi\/www\/wp-content\/uploads\/2019\/04\/lekogroup-print-3D.jpg\" target=\"_blank\" rel=\"noopener noreferrer\">\u00bb 3D logo.jpg<\/a><br \/>\n<a href=\"https:\/\/www.lekogroup.fi\/www\/wp-content\/uploads\/2019\/04\/lekogroup-2D-print.jpg\" target=\"_blank\" rel=\"noopener noreferrer\">\u00bb 2D logo.jpg<\/a><br \/>\n<a href=\"https:\/\/www.lekogroup.fi\/www\/wp-content\/uploads\/2019\/04\/leko-group-nega-print.png\" target=\"_blank\" rel=\"noopener noreferrer\">\u00bb White logo.png<\/a><\/p>\n<h6>Vector<\/h6>\n<p><a href=\"https:\/\/www.lekogroup.fi\/www\/wp-content\/uploads\/2019\/04\/lekogroup-2D.eps\" target=\"_blank\" rel=\"noopener noreferrer\">\u00bb 2D logo.eps<\/a><\/p>\n<p><small>Klikkaa logon linkki\u00e4 oikealla hiiren painikkeella ja valitse &#8221;Tallenna kohde&#8230;&#8221;<\/small><\/p>\n<\/div>\n<div class=\"sarake\" style=\"background-color: #f1f1f1;\">\n<h5>Esitteet<\/h5>\n<h6>LEKO Group &#8211; RAUTAINEN OTE TULEVAISUUTEEN<\/h6>\n<p><img decoding=\"async\" class=\"alignleft wp-image-3643 size-full lazyload\" data-src=\"https:\/\/www.lekogroup.fi\/www\/wp-content\/uploads\/2019\/04\/lekogroup-pulpaper.jpg\" alt=\"\" width=\"177\" height=\"177\" src=\"data:image\/svg+xml;base64,PHN2ZyB3aWR0aD0iMSIgaGVpZ2h0PSIxIiB4bWxucz0iaHR0cDovL3d3dy53My5vcmcvMjAwMC9zdmciPjwvc3ZnPg==\" style=\"--smush-placeholder-width: 177px; --smush-placeholder-aspect-ratio: 177\/177;\"><br \/>\n\u00bb <a href=\"https:\/\/www.lekogroup.fi\/lekogroup\/\" target=\"_blank\" rel=\"noopener noreferrer\">Selaa esitett\u00e4<\/a><br \/>\n\u00bb <a href=\"https:\/\/www.lekogroup.fi\/www\/wp-content\/uploads\/2019\/10\/Lekogroup-pulpaper-web.pdf\" target=\"_blank\" rel=\"noopener noreferrer\">Lataa pdf-tiedosto<\/a><\/p>\n<p>&nbsp;<br \/>\n&nbsp;<\/p>\n<h6>LEKO Group &#8211; esite<\/h6>\n<p><a href=\"https:\/\/www.lekogroup.fi\/www\/wp-content\/uploads\/2019\/08\/LEKO-Group-esite-2019-fi.pdf\" target=\"_blank\" rel=\"noopener noreferrer\"><img decoding=\"async\" class=\"size-full wp-image-16425 alignleft lazyload\" data-src=\"https:\/\/www.lekogroup.fi\/www\/wp-content\/uploads\/2024\/03\/LEKO-Group-esite-1-fi.jpg\" alt=\"\" width=\"250\" height=\"177\" src=\"data:image\/svg+xml;base64,PHN2ZyB3aWR0aD0iMSIgaGVpZ2h0PSIxIiB4bWxucz0iaHR0cDovL3d3dy53My5vcmcvMjAwMC9zdmciPjwvc3ZnPg==\" style=\"--smush-placeholder-width: 250px; --smush-placeholder-aspect-ratio: 250\/177;\"><\/a><br \/>\n\u00bb <a href=\"https:\/\/www.lekogroup.fi\/www\/wp-content\/uploads\/2019\/08\/LEKO-Group-esite-2019-fi.pdf\" target=\"_blank\" rel=\"noopener noreferrer\">Lataa pdf-tiedosto<\/a><\/p>\n<\/div>\n<\/div>\n<div class=\"rivi\">\n<div class=\"sarake\" style=\"background-color: #f6f6f6;\">\n<h4>Videot<\/h4>\n<p><iframe data-src=\"https:\/\/www.youtube.com\/embed\/mc_QwnOihvQ\" width=\"280\" height=\"158\" frameborder=\"0\" allowfullscreen=\"allowfullscreen\" src=\"data:image\/svg+xml;base64,PHN2ZyB3aWR0aD0iMSIgaGVpZ2h0PSIxIiB4bWxucz0iaHR0cDovL3d3dy53My5vcmcvMjAwMC9zdmciPjwvc3ZnPg==\" class=\"lazyload\" data-load-mode=\"1\"><\/iframe> <iframe data-src=\"https:\/\/www.youtube.com\/embed\/dyoM4CBf_gY\" width=\"280\" height=\"158\" frameborder=\"0\" allowfullscreen=\"allowfullscreen\" src=\"data:image\/svg+xml;base64,PHN2ZyB3aWR0aD0iMSIgaGVpZ2h0PSIxIiB4bWxucz0iaHR0cDovL3d3dy53My5vcmcvMjAwMC9zdmciPjwvc3ZnPg==\" class=\"lazyload\" data-load-mode=\"1\"><\/iframe><\/p>\n<\/div>\n<\/div>\n<p>&nbsp;<\/p>\n<div class=\"rivi\">\n<h3><b>Lehtosen Konepaja<\/b><\/h3>\n<\/div>\n<div class=\"rivi\">\n<div class=\"sarake\" style=\"background-color: #f6f6f6;\">\n<h5>Logot<\/h5>\n<h6>Web 150dpi<\/h6>\n<p><a href=\"https:\/\/www.lekogroup.fi\/www\/wp-content\/uploads\/2024\/03\/lehtosen-konepaja-print.jpg\" target=\"_blank\" rel=\"noopener noreferrer\">\u00bb Logo.jpg<\/a><br \/>\n<a href=\"https:\/\/www.lekogroup.fi\/www\/wp-content\/uploads\/2024\/03\/lehtosen-konepaja-nega-print.png\" target=\"_blank\" rel=\"noopener noreferrer\">\u00bb White logo.png<\/a><\/p>\n<p><small>Klikkaa logon linkki\u00e4 oikealla hiiren painikkeella ja valitse &#8221;Tallenna kohde&#8230;&#8221;<\/small><\/p>\n<\/div>\n<div class=\"sarake\" style=\"background-color: #f1f1f1;\">\n<h6>Print 300dpi<\/h6>\n<p><a href=\"https:\/\/www.lekogroup.fi\/www\/wp-content\/uploads\/2019\/04\/lehtosen-konepaja-print.jpg\" target=\"_blank\" rel=\"noopener noreferrer\">\u00bb Logo.jpg<\/a><br \/>\n<a href=\"https:\/\/www.lekogroup.fi\/www\/wp-content\/uploads\/2019\/04\/lehtosen-konepaja-nega-print.png\" target=\"_blank\" rel=\"noopener noreferrer\">\u00bb White logo.png<\/a><\/p>\n<h6>Vector<\/h6>\n<p><a href=\"https:\/\/www.lekogroup.fi\/www\/wp-content\/uploads\/2019\/04\/lehtosen-konepaja-01.eps\" target=\"_blank\" rel=\"noopener noreferrer\">\u00bb Logo.eps<\/a><\/p>\n<\/div>\n<\/div>\n<div class=\"rivi\">\n<div class=\"sarake\" style=\"background-color: #f6f6f6;\">\n<h4>Videot<\/h4>\n<p><iframe data-src=\"https:\/\/www.youtube.com\/embed\/DQDF7tm7NFk\" width=\"280\" height=\"158\" frameborder=\"0\" allowfullscreen=\"allowfullscreen\" src=\"data:image\/svg+xml;base64,PHN2ZyB3aWR0aD0iMSIgaGVpZ2h0PSIxIiB4bWxucz0iaHR0cDovL3d3dy53My5vcmcvMjAwMC9zdmciPjwvc3ZnPg==\" class=\"lazyload\" data-load-mode=\"1\"><\/iframe> <iframe data-src=\"https:\/\/www.youtube.com\/embed\/_-XBQbaRYUk\" width=\"280\" height=\"158\" frameborder=\"0\" allowfullscreen=\"allowfullscreen\" src=\"data:image\/svg+xml;base64,PHN2ZyB3aWR0aD0iMSIgaGVpZ2h0PSIxIiB4bWxucz0iaHR0cDovL3d3dy53My5vcmcvMjAwMC9zdmciPjwvc3ZnPg==\" class=\"lazyload\" data-load-mode=\"1\"><\/iframe> <iframe data-src=\"https:\/\/www.youtube.com\/embed\/OcZvve-cqbE\" width=\"280\" height=\"158\" frameborder=\"0\" allowfullscreen=\"allowfullscreen\" src=\"data:image\/svg+xml;base64,PHN2ZyB3aWR0aD0iMSIgaGVpZ2h0PSIxIiB4bWxucz0iaHR0cDovL3d3dy53My5vcmcvMjAwMC9zdmciPjwvc3ZnPg==\" class=\"lazyload\" data-load-mode=\"1\"><\/iframe> <iframe data-src=\"https:\/\/www.youtube.com\/embed\/TPxEnXoSiHM\" width=\"280\" height=\"158\" frameborder=\"0\" allowfullscreen=\"allowfullscreen\" src=\"data:image\/svg+xml;base64,PHN2ZyB3aWR0aD0iMSIgaGVpZ2h0PSIxIiB4bWxucz0iaHR0cDovL3d3dy53My5vcmcvMjAwMC9zdmciPjwvc3ZnPg==\" class=\"lazyload\" data-load-mode=\"1\"><\/iframe><\/p>\n<\/div>\n<\/div>\n<p>&nbsp;<\/p>\n<div class=\"rivi\">\n<h3><b>Vilmet<\/b><\/h3>\n<\/div>\n<div class=\"rivi\">\n<div class=\"sarake\" style=\"background-color: #f6f6f6;\">\n<h5>Logot<\/h5>\n<h6>Web 150dpi<\/h6>\n<p><a href=\"https:\/\/www.lekogroup.fi\/www\/wp-content\/uploads\/2024\/03\/vilmet-web.jpg\" target=\"_blank\" rel=\"noopener noreferrer\">\u00bb Logo.jpg<\/a><br \/>\n<a href=\"https:\/\/www.lekogroup.fi\/www\/wp-content\/uploads\/2019\/04\/vilmet-nega-web.png\" target=\"_blank\" rel=\"noopener noreferrer\">\u00bb White logo.png<\/a><\/p>\n<p><small>Klikkaa logon linkki\u00e4 oikealla hiiren painikkeella ja valitse &#8221;Tallenna kohde&#8230;&#8221;<\/small><\/p>\n<\/div>\n<div class=\"sarake\" style=\"background-color: #f1f1f1;\">\n<h6>Print 300dpi<\/h6>\n<p><a href=\"https:\/\/www.lekogroup.fi\/www\/wp-content\/uploads\/2019\/04\/vilmet-print.jpg\" target=\"_blank\" rel=\"noopener noreferrer\">\u00bb Logo.jpg<\/a><br \/>\n<a href=\"https:\/\/www.lekogroup.fi\/www\/wp-content\/uploads\/2019\/04\/vilmet-nega-print.png\" target=\"_blank\" rel=\"noopener noreferrer\">\u00bb White logo.png<\/a><\/p>\n<h6>Vector<\/h6>\n<p><a href=\"https:\/\/www.lekogroup.fi\/www\/wp-content\/uploads\/2019\/04\/vilmet-01.eps\" target=\"_blank\" rel=\"noopener noreferrer\">\u00bb Logo.eps<\/a><\/p>\n<\/div>\n<\/div>\n<div class=\"rivi\">\n<div class=\"sarake\" style=\"background-color: #f6f6f6;\">\n<h4>Videot<\/h4>\n<p><iframe data-src=\"https:\/\/www.youtube.com\/embed\/rG1kp2QoiKM\" width=\"280\" height=\"158\" frameborder=\"0\" allowfullscreen=\"allowfullscreen\" src=\"data:image\/svg+xml;base64,PHN2ZyB3aWR0aD0iMSIgaGVpZ2h0PSIxIiB4bWxucz0iaHR0cDovL3d3dy53My5vcmcvMjAwMC9zdmciPjwvc3ZnPg==\" class=\"lazyload\" data-load-mode=\"1\"><\/iframe><\/p>\n<\/div>\n<\/div>\n<p>&nbsp;<\/p>\n<div class=\"rivi\">\n<h3><b>Siirtoruuvi<\/b><\/h3>\n<\/div>\n<div class=\"rivi\">\n<div class=\"sarake\" style=\"background-color: #f6f6f6;\">\n<h5>Logot<\/h5>\n<h6>Web 150dpi<\/h6>\n<p><a href=\"https:\/\/www.lekogroup.fi\/www\/wp-content\/uploads\/2019\/04\/siirtoruuvi-web.jpg\" target=\"_blank\" rel=\"noopener noreferrer\">\u00bb Logo.jpg<\/a><br \/>\n<a href=\"https:\/\/www.lekogroup.fi\/www\/wp-content\/uploads\/2019\/04\/siirtoruuvi-nega-web.png\" target=\"_blank\" rel=\"noopener noreferrer\">\u00bb White logo.png<\/a><\/p>\n<p><small>Klikkaa logon linkki\u00e4 oikealla hiiren painikkeella ja valitse &#8221;Tallenna kohde&#8230;&#8221;<\/small><\/p>\n<\/div>\n<div class=\"sarake\" style=\"background-color: #f1f1f1;\">\n<h6>Print 300dpi<\/h6>\n<p><a href=\"https:\/\/www.lekogroup.fi\/www\/wp-content\/uploads\/2019\/04\/siirtoruuvi-print.jpg\" target=\"_blank\" rel=\"noopener noreferrer\">\u00bb Logo.jpg<\/a><br \/>\n<a href=\"https:\/\/www.lekogroup.fi\/www\/wp-content\/uploads\/2019\/04\/siirtoruuvi-nega-print.png\" target=\"_blank\" rel=\"noopener noreferrer\">\u00bb White logo.png<\/a><\/p>\n<h6>Vector<\/h6>\n<p><a href=\"https:\/\/www.lekogroup.fi\/www\/wp-content\/uploads\/2019\/04\/siirtoruuvi-01.eps\" target=\"_blank\" rel=\"noopener noreferrer\">\u00bb Logo.eps<\/a><\/p>\n<\/div>\n<\/div>\n<div class=\"rivi\">\n<div class=\"sarake\" style=\"background-color: #f6f6f6;\">\n<h4>Esitteet<\/h4>\n<p><a href=\"https:\/\/www.lekogroup.fi\/siirtoruuvi-leko-conveyor-solutions\/Siirtoruuvi-LEKO-Conveyor-Solutions-2022.pdf\" target=\"_blank\" rel=\"noopener\"><img decoding=\"async\" style=\"--smush-placeholder-width: 110px; --smush-placeholder-aspect-ratio: 110\/156;margin-right: 10px; float: left;\" data-src=\"https:\/\/www.lekogroup.fi\/www\/wp-content\/uploads\/2022\/06\/Siirtoruuvi-2022-brochure-conveyor-solutions.jpg\" border=\"0\" src=\"data:image\/svg+xml;base64,PHN2ZyB3aWR0aD0iMSIgaGVpZ2h0PSIxIiB4bWxucz0iaHR0cDovL3d3dy53My5vcmcvMjAwMC9zdmciPjwvc3ZnPg==\" class=\"lazyload\"><\/a>LEKO Conveyor Solutions<br \/>\n\u00bb <a href=\"https:\/\/www.lekogroup.fi\/siirtoruuvi-leko-conveyor-solutions\/\" target=\"_blank\" rel=\"noopener\">Selaa esitett\u00e4<\/a><br \/>\n\u00bb <a href=\"https:\/\/www.lekogroup.fi\/siirtoruuvi-leko-conveyor-solutions\/Siirtoruuvi-LEKO-Conveyor-Solutions-2022.pdf\" target=\"_blank\" rel=\"noopener\">Lataa esite<\/a> (.pdf)<\/p>\n<\/div>\n<div class=\"sarake\" style=\"background-color: #f6f6f6;\">\n<h4>Videot<\/h4>\n<p><iframe data-src=\"https:\/\/www.youtube.com\/embed\/jeDmzvS7WxQ\" width=\"280\" height=\"158\" frameborder=\"0\" allowfullscreen=\"allowfullscreen\" src=\"data:image\/svg+xml;base64,PHN2ZyB3aWR0aD0iMSIgaGVpZ2h0PSIxIiB4bWxucz0iaHR0cDovL3d3dy53My5vcmcvMjAwMC9zdmciPjwvc3ZnPg==\" class=\"lazyload\" data-load-mode=\"1\"><\/iframe> <iframe data-src=\"https:\/\/www.youtube.com\/embed\/1dTbrsgY3ww\" width=\"280\" height=\"158\" frameborder=\"0\" allowfullscreen=\"allowfullscreen\" src=\"data:image\/svg+xml;base64,PHN2ZyB3aWR0aD0iMSIgaGVpZ2h0PSIxIiB4bWxucz0iaHR0cDovL3d3dy53My5vcmcvMjAwMC9zdmciPjwvc3ZnPg==\" class=\"lazyload\" data-load-mode=\"1\"><\/iframe><\/p>\n<\/div>\n<\/div>\n<p>&nbsp;<\/p>\n<div class=\"rivi\">\n<h3><b>LEKO Fans<\/b><\/h3>\n<\/div>\n<div class=\"rivi\">\n<div class=\"sarake\" style=\"background-color: #f6f6f6;\">\n<h5>Logot<\/h5>\n<h6>Web 150dpi<\/h6>\n<p><a href=\"https:\/\/www.lekogroup.fi\/www\/wp-content\/uploads\/2019\/04\/leko-fans-web.jpg\" target=\"_blank\" rel=\"noopener noreferrer\">\u00bb Logo.jpg<\/a><br \/>\n<a href=\"https:\/\/www.lekogroup.fi\/www\/wp-content\/uploads\/2019\/04\/leko-fans-nega-web.png\">\u00bb White logo.png <\/a><\/p>\n<p><small>Klikkaa logon linkki\u00e4 oikealla hiiren painikkeella ja valitse &#8221;Tallenna kohde&#8230;&#8221;<\/small><\/p>\n<\/div>\n<div class=\"sarake\" style=\"background-color: #f1f1f1;\">\n<h6>Print 300dpi<\/h6>\n<p><a href=\"https:\/\/www.lekogroup.fi\/www\/wp-content\/uploads\/2019\/04\/leko-fans-print.jpg\" target=\"_blank\" rel=\"noopener noreferrer\">\u00bb Logo.jpg<\/a><br \/>\n<a href=\"https:\/\/www.lekogroup.fi\/www\/wp-content\/uploads\/2019\/04\/leko-fans-nega-print.png\">\u00bb White logo.png <\/a><\/p>\n<h6>Vector<\/h6>\n<p><a href=\"https:\/\/www.lekogroup.fi\/www\/wp-content\/uploads\/2019\/04\/leko-fans-01.eps\" target=\"_blank\" rel=\"noopener noreferrer\">\u00bb Logo.eps<\/a><\/p>\n<\/div>\n<\/div>\n<div class=\"rivi\">\n<div class=\"sarake\" style=\"background-color: #f6f6f6;\">\n<h4>Esitteet<\/h4>\n<p><a href=\"https:\/\/www.lekofans.com\/leko-fans-brochure\/LEKO-Fans-Industrial-Fan-Solutions.pdf\" target=\"_blank\" rel=\"noopener\"><img decoding=\"async\" class=\"size-full wp-image-16576 alignleft lazyload\" data-src=\"https:\/\/www.lekogroup.fi\/www\/wp-content\/uploads\/2024\/04\/LEKO-Fans-Industrial-Fan-Solutions-brochure.jpg\" alt=\"LEKO-Fans-Industrial-Fan-Solutions-brochure\" width=\"110\" height=\"155\" src=\"data:image\/svg+xml;base64,PHN2ZyB3aWR0aD0iMSIgaGVpZ2h0PSIxIiB4bWxucz0iaHR0cDovL3d3dy53My5vcmcvMjAwMC9zdmciPjwvc3ZnPg==\" style=\"--smush-placeholder-width: 110px; --smush-placeholder-aspect-ratio: 110\/155;\"><\/a>Industrial Fan Solutions<br \/>\n\u00bb <a href=\"https:\/\/www.lekofans.com\/leko-fans-brochure\/\" target=\"_blank\" rel=\"noopener\">Selaa esitett\u00e4<\/a><br \/>\n\u00bb <a href=\"https:\/\/www.lekofans.com\/leko-fans-brochure\/LEKO-Fans-Industrial-Fan-Solutions.pdf\" target=\"_blank\" rel=\"noopener\">Lataa esite<\/a> (.pdf)<\/p>\n<\/div>\n<div class=\"sarake\" style=\"background-color: #f6f6f6;\">\n<h4>Videot<\/h4>\n<p><iframe data-src=\"https:\/\/www.youtube.com\/embed\/09QsWx9DXGw\" width=\"280\" height=\"158\" frameborder=\"0\" allowfullscreen=\"allowfullscreen\" src=\"data:image\/svg+xml;base64,PHN2ZyB3aWR0aD0iMSIgaGVpZ2h0PSIxIiB4bWxucz0iaHR0cDovL3d3dy53My5vcmcvMjAwMC9zdmciPjwvc3ZnPg==\" class=\"lazyload\" data-load-mode=\"1\"><\/iframe> <iframe data-src=\"https:\/\/www.youtube.com\/embed\/F9pywkoDBlA\" width=\"280\" height=\"158\" frameborder=\"0\" allowfullscreen=\"allowfullscreen\" src=\"data:image\/svg+xml;base64,PHN2ZyB3aWR0aD0iMSIgaGVpZ2h0PSIxIiB4bWxucz0iaHR0cDovL3d3dy53My5vcmcvMjAwMC9zdmciPjwvc3ZnPg==\" class=\"lazyload\" data-load-mode=\"1\"><\/iframe> <iframe data-src=\"https:\/\/youtube.com\/embed\/PYDYmDFtbdc\" width=\"280\" height=\"158\" frameborder=\"0\" allowfullscreen=\"allowfullscreen\" src=\"data:image\/svg+xml;base64,PHN2ZyB3aWR0aD0iMSIgaGVpZ2h0PSIxIiB4bWxucz0iaHR0cDovL3d3dy53My5vcmcvMjAwMC9zdmciPjwvc3ZnPg==\" class=\"lazyload\" data-load-mode=\"1\"><\/iframe><\/p>\n<\/div>\n<\/div>\n","protected":false},"excerpt":{"rendered":"<p>Lis\u00e4tietoja LEKO Groupin markkinointimateriaaleista raija@jips.fi &nbsp; LEKO Group Web 150dpi \u00bb 3D logo.jpg \u00bb 2D logo.jpg \u00bb White logo.png Print 300dpi \u00bb 3D logo.jpg \u00bb 2D logo.jpg \u00bb White logo.png Vector \u00bb 2D logo.eps Klikkaa logon linkki\u00e4 oikealla hiiren painikkeella ja valitse &#8221;Tallenna kohde&#8230;&#8221; Esitteet LEKO Group &#8211; RAUTAINEN OTE TULEVAISUUTEEN \u00bb Selaa esitett\u00e4 \u00bb &hellip; <\/p>\n<p class=\"link-more\"><a href=\"https:\/\/www.lekogroup.fi\/www\/fi\/media\/\" class=\"more-link\">Read More <span class=\"screen-reader-text\"> &#8221;Media&#8221;<\/span><\/a><\/p>\n","protected":false},"author":1,"featured_media":0,"parent":0,"menu_order":0,"comment_status":"closed","ping_status":"closed","template":"","meta":{"_monsterinsights_skip_tracking":false,"_monsterinsights_sitenote_active":false,"_monsterinsights_sitenote_note":"","_monsterinsights_sitenote_category":0,"ngg_post_thumbnail":0,"footnotes":""},"class_list":["post-3467","page","type-page","status-publish","hentry"],"yoast_head":"<!-- This site is optimized with the Yoast SEO plugin v27.0 - https:\/\/yoast.com\/product\/yoast-seo-wordpress\/ -->\n<title>Media - Raskaan teollisuuden monipuolinen kumppani - LekoGroup<\/title>\n<meta name=\"description\" content=\"Leko Group yritysten ladattava logo- ja muu yritysmateriaali l\u00f6ytyy t\u00e4st\u00e4 osiosta. Web, print ja vektori logot ladattavissa.\" \/>\n<meta name=\"robots\" content=\"index, follow, max-snippet:-1, max-image-preview:large, max-video-preview:-1\" \/>\n<link rel=\"canonical\" href=\"https:\/\/www.lekogroup.fi\/www\/fi\/media\/\" \/>\n<meta property=\"og:locale\" content=\"fi_FI\" \/>\n<meta property=\"og:type\" content=\"article\" \/>\n<meta property=\"og:title\" content=\"Media - Raskaan teollisuuden monipuolinen kumppani - LekoGroup\" \/>\n<meta property=\"og:description\" content=\"Leko Group yritysten ladattava logo- ja muu yritysmateriaali l\u00f6ytyy t\u00e4st\u00e4 osiosta. Web, print ja vektori logot ladattavissa.\" \/>\n<meta property=\"og:url\" content=\"https:\/\/www.lekogroup.fi\/www\/fi\/media\/\" \/>\n<meta property=\"og:site_name\" content=\"Raskaan teollisuuden monipuolinen kumppani - LekoGroup\" \/>\n<meta property=\"article:modified_time\" content=\"2024-04-08T05:58:13+00:00\" \/>\n<meta property=\"og:image\" content=\"https:\/\/www.lekogroup.fi\/www\/wp-content\/uploads\/2019\/04\/lekogroup-pulpaper.jpg\" \/>\n<meta name=\"twitter:card\" content=\"summary_large_image\" \/>\n<meta name=\"twitter:label1\" content=\"Arvioitu lukuaika\" \/>\n\t<meta name=\"twitter:data1\" content=\"2 minuuttia\" \/>\n<script type=\"application\/ld+json\" class=\"yoast-schema-graph\">{\"@context\":\"https:\/\/schema.org\",\"@graph\":[{\"@type\":\"WebPage\",\"@id\":\"https:\/\/www.lekogroup.fi\/www\/fi\/media\/\",\"url\":\"https:\/\/www.lekogroup.fi\/www\/fi\/media\/\",\"name\":\"Media - Raskaan teollisuuden monipuolinen kumppani - LekoGroup\",\"isPartOf\":{\"@id\":\"https:\/\/www.lekogroup.fi\/www\/#website\"},\"primaryImageOfPage\":{\"@id\":\"https:\/\/www.lekogroup.fi\/www\/fi\/media\/#primaryimage\"},\"image\":{\"@id\":\"https:\/\/www.lekogroup.fi\/www\/fi\/media\/#primaryimage\"},\"thumbnailUrl\":\"https:\/\/www.lekogroup.fi\/www\/wp-content\/uploads\/2019\/04\/lekogroup-pulpaper.jpg\",\"datePublished\":\"2018-02-01T08:23:58+00:00\",\"dateModified\":\"2024-04-08T05:58:13+00:00\",\"description\":\"Leko Group yritysten ladattava logo- ja muu yritysmateriaali l\u00f6ytyy t\u00e4st\u00e4 osiosta. Web, print ja vektori logot ladattavissa.\",\"breadcrumb\":{\"@id\":\"https:\/\/www.lekogroup.fi\/www\/fi\/media\/#breadcrumb\"},\"inLanguage\":\"fi\",\"potentialAction\":[{\"@type\":\"ReadAction\",\"target\":[\"https:\/\/www.lekogroup.fi\/www\/fi\/media\/\"]}]},{\"@type\":\"ImageObject\",\"inLanguage\":\"fi\",\"@id\":\"https:\/\/www.lekogroup.fi\/www\/fi\/media\/#primaryimage\",\"url\":\"https:\/\/www.lekogroup.fi\/www\/wp-content\/uploads\/2019\/04\/lekogroup-pulpaper.jpg\",\"contentUrl\":\"https:\/\/www.lekogroup.fi\/www\/wp-content\/uploads\/2019\/04\/lekogroup-pulpaper.jpg\"},{\"@type\":\"BreadcrumbList\",\"@id\":\"https:\/\/www.lekogroup.fi\/www\/fi\/media\/#breadcrumb\",\"itemListElement\":[{\"@type\":\"ListItem\",\"position\":1,\"name\":\"Home\",\"item\":\"https:\/\/www.lekogroup.fi\/www\/fi\/etusivu\/\"},{\"@type\":\"ListItem\",\"position\":2,\"name\":\"Media\"}]},{\"@type\":\"WebSite\",\"@id\":\"https:\/\/www.lekogroup.fi\/www\/#website\",\"url\":\"https:\/\/www.lekogroup.fi\/www\/\",\"name\":\"Raskaan teollisuuden monipuolinen kumppani - LekoGroup\",\"description\":\"\",\"publisher\":{\"@id\":\"https:\/\/www.lekogroup.fi\/www\/#organization\"},\"potentialAction\":[{\"@type\":\"SearchAction\",\"target\":{\"@type\":\"EntryPoint\",\"urlTemplate\":\"https:\/\/www.lekogroup.fi\/www\/?s={search_term_string}\"},\"query-input\":{\"@type\":\"PropertyValueSpecification\",\"valueRequired\":true,\"valueName\":\"search_term_string\"}}],\"inLanguage\":\"fi\"},{\"@type\":\"Organization\",\"@id\":\"https:\/\/www.lekogroup.fi\/www\/#organization\",\"name\":\"Raskaan teollisuuden monipuolinen kumppani - LekoGroup\",\"url\":\"https:\/\/www.lekogroup.fi\/www\/\",\"logo\":{\"@type\":\"ImageObject\",\"inLanguage\":\"fi\",\"@id\":\"https:\/\/www.lekogroup.fi\/www\/#\/schema\/logo\/image\/\",\"url\":\"https:\/\/www.lekogroup.fi\/www\/wp-content\/uploads\/2022\/12\/cropped-leko_group_logo.png\",\"contentUrl\":\"https:\/\/www.lekogroup.fi\/www\/wp-content\/uploads\/2022\/12\/cropped-leko_group_logo.png\",\"width\":833,\"height\":250,\"caption\":\"Raskaan teollisuuden monipuolinen kumppani - LekoGroup\"},\"image\":{\"@id\":\"https:\/\/www.lekogroup.fi\/www\/#\/schema\/logo\/image\/\"}}]}<\/script>\n<!-- \/ Yoast SEO plugin. -->","yoast_head_json":{"title":"Media - Raskaan teollisuuden monipuolinen kumppani - LekoGroup","description":"Leko Group yritysten ladattava logo- ja muu yritysmateriaali l\u00f6ytyy t\u00e4st\u00e4 osiosta. Web, print ja vektori logot ladattavissa.","robots":{"index":"index","follow":"follow","max-snippet":"max-snippet:-1","max-image-preview":"max-image-preview:large","max-video-preview":"max-video-preview:-1"},"canonical":"https:\/\/www.lekogroup.fi\/www\/fi\/media\/","og_locale":"fi_FI","og_type":"article","og_title":"Media - Raskaan teollisuuden monipuolinen kumppani - LekoGroup","og_description":"Leko Group yritysten ladattava logo- ja muu yritysmateriaali l\u00f6ytyy t\u00e4st\u00e4 osiosta. Web, print ja vektori logot ladattavissa.","og_url":"https:\/\/www.lekogroup.fi\/www\/fi\/media\/","og_site_name":"Raskaan teollisuuden monipuolinen kumppani - LekoGroup","article_modified_time":"2024-04-08T05:58:13+00:00","og_image":[{"url":"https:\/\/www.lekogroup.fi\/www\/wp-content\/uploads\/2019\/04\/lekogroup-pulpaper.jpg","type":"","width":"","height":""}],"twitter_card":"summary_large_image","twitter_misc":{"Arvioitu lukuaika":"2 minuuttia"},"schema":{"@context":"https:\/\/schema.org","@graph":[{"@type":"WebPage","@id":"https:\/\/www.lekogroup.fi\/www\/fi\/media\/","url":"https:\/\/www.lekogroup.fi\/www\/fi\/media\/","name":"Media - Raskaan teollisuuden monipuolinen kumppani - LekoGroup","isPartOf":{"@id":"https:\/\/www.lekogroup.fi\/www\/#website"},"primaryImageOfPage":{"@id":"https:\/\/www.lekogroup.fi\/www\/fi\/media\/#primaryimage"},"image":{"@id":"https:\/\/www.lekogroup.fi\/www\/fi\/media\/#primaryimage"},"thumbnailUrl":"https:\/\/www.lekogroup.fi\/www\/wp-content\/uploads\/2019\/04\/lekogroup-pulpaper.jpg","datePublished":"2018-02-01T08:23:58+00:00","dateModified":"2024-04-08T05:58:13+00:00","description":"Leko Group yritysten ladattava logo- ja muu yritysmateriaali l\u00f6ytyy t\u00e4st\u00e4 osiosta. Web, print ja vektori logot ladattavissa.","breadcrumb":{"@id":"https:\/\/www.lekogroup.fi\/www\/fi\/media\/#breadcrumb"},"inLanguage":"fi","potentialAction":[{"@type":"ReadAction","target":["https:\/\/www.lekogroup.fi\/www\/fi\/media\/"]}]},{"@type":"ImageObject","inLanguage":"fi","@id":"https:\/\/www.lekogroup.fi\/www\/fi\/media\/#primaryimage","url":"https:\/\/www.lekogroup.fi\/www\/wp-content\/uploads\/2019\/04\/lekogroup-pulpaper.jpg","contentUrl":"https:\/\/www.lekogroup.fi\/www\/wp-content\/uploads\/2019\/04\/lekogroup-pulpaper.jpg"},{"@type":"BreadcrumbList","@id":"https:\/\/www.lekogroup.fi\/www\/fi\/media\/#breadcrumb","itemListElement":[{"@type":"ListItem","position":1,"name":"Home","item":"https:\/\/www.lekogroup.fi\/www\/fi\/etusivu\/"},{"@type":"ListItem","position":2,"name":"Media"}]},{"@type":"WebSite","@id":"https:\/\/www.lekogroup.fi\/www\/#website","url":"https:\/\/www.lekogroup.fi\/www\/","name":"Raskaan teollisuuden monipuolinen kumppani - LekoGroup","description":"","publisher":{"@id":"https:\/\/www.lekogroup.fi\/www\/#organization"},"potentialAction":[{"@type":"SearchAction","target":{"@type":"EntryPoint","urlTemplate":"https:\/\/www.lekogroup.fi\/www\/?s={search_term_string}"},"query-input":{"@type":"PropertyValueSpecification","valueRequired":true,"valueName":"search_term_string"}}],"inLanguage":"fi"},{"@type":"Organization","@id":"https:\/\/www.lekogroup.fi\/www\/#organization","name":"Raskaan teollisuuden monipuolinen kumppani - LekoGroup","url":"https:\/\/www.lekogroup.fi\/www\/","logo":{"@type":"ImageObject","inLanguage":"fi","@id":"https:\/\/www.lekogroup.fi\/www\/#\/schema\/logo\/image\/","url":"https:\/\/www.lekogroup.fi\/www\/wp-content\/uploads\/2022\/12\/cropped-leko_group_logo.png","contentUrl":"https:\/\/www.lekogroup.fi\/www\/wp-content\/uploads\/2022\/12\/cropped-leko_group_logo.png","width":833,"height":250,"caption":"Raskaan teollisuuden monipuolinen kumppani - LekoGroup"},"image":{"@id":"https:\/\/www.lekogroup.fi\/www\/#\/schema\/logo\/image\/"}}]}},"_links":{"self":[{"href":"https:\/\/www.lekogroup.fi\/www\/wp-json\/wp\/v2\/pages\/3467","targetHints":{"allow":["GET"]}}],"collection":[{"href":"https:\/\/www.lekogroup.fi\/www\/wp-json\/wp\/v2\/pages"}],"about":[{"href":"https:\/\/www.lekogroup.fi\/www\/wp-json\/wp\/v2\/types\/page"}],"author":[{"embeddable":true,"href":"https:\/\/www.lekogroup.fi\/www\/wp-json\/wp\/v2\/users\/1"}],"replies":[{"embeddable":true,"href":"https:\/\/www.lekogroup.fi\/www\/wp-json\/wp\/v2\/comments?post=3467"}],"version-history":[{"count":21,"href":"https:\/\/www.lekogroup.fi\/www\/wp-json\/wp\/v2\/pages\/3467\/revisions"}],"predecessor-version":[{"id":16577,"href":"https:\/\/www.lekogroup.fi\/www\/wp-json\/wp\/v2\/pages\/3467\/revisions\/16577"}],"wp:attachment":[{"href":"https:\/\/www.lekogroup.fi\/www\/wp-json\/wp\/v2\/media?parent=3467"}],"curies":[{"name":"wp","href":"https:\/\/api.w.org\/{rel}","templated":true}]}}