{"id":3884,"date":"2019-03-27T10:19:26","date_gmt":"2019-03-27T08:19:26","guid":{"rendered":"https:\/\/www.lekogroup.fi\/?page_id=3884"},"modified":"2024-03-14T10:41:18","modified_gmt":"2024-03-14T08:41:18","slug":"leko-group-konserni","status":"publish","type":"page","link":"https:\/\/www.lekogroup.fi\/www\/fi\/leko-group-konserni\/","title":{"rendered":"LEKO Group konserni"},"content":{"rendered":"<p><img decoding=\"async\" class=\"alignnone wp-image-10845 size-large lazyload\" data-src=\"https:\/\/www.lekogroup.fi\/www\/wp-content\/uploads\/2019\/04\/LEKO_GROUP_1-1-1024x456.jpg\" alt=\"\" width=\"1024\" height=\"456\" data-srcset=\"https:\/\/www.lekogroup.fi\/www\/wp-content\/uploads\/2019\/04\/LEKO_GROUP_1-1-1024x456.jpg 1024w, https:\/\/www.lekogroup.fi\/www\/wp-content\/uploads\/2019\/04\/LEKO_GROUP_1-1-300x134.jpg 300w, https:\/\/www.lekogroup.fi\/www\/wp-content\/uploads\/2019\/04\/LEKO_GROUP_1-1-768x342.jpg 768w, https:\/\/www.lekogroup.fi\/www\/wp-content\/uploads\/2019\/04\/LEKO_GROUP_1-1.jpg 1950w\" data-sizes=\"(max-width: 1024px) 100vw, 1024px\" src=\"data:image\/svg+xml;base64,PHN2ZyB3aWR0aD0iMSIgaGVpZ2h0PSIxIiB4bWxucz0iaHR0cDovL3d3dy53My5vcmcvMjAwMC9zdmciPjwvc3ZnPg==\" style=\"--smush-placeholder-width: 1024px; --smush-placeholder-aspect-ratio: 1024\/456;\" \/><\/p>\n<h1>LEKO Group konserni<\/h1>\n<p>LEKO Group Oy vastaa konsernin hallinnoinnista. LEKO Group konserni koostuu raskaan valmistuksen konepajasta Lehtosen Konepaja Oy, keskiraskaan valmistuksen konepajasta Vilmet Oy sek\u00e4 omia tuotteita valmistavista yrityksist\u00e4 Siirtoruuvi Oy ja LEKO Fans Oy. Omia tuotteitamme ovat siirtoruuvit ja ruuvikuljettimet, erilaiset LEKO kuljettimet ja kuljetinj\u00e4rjestelm\u00e4kokonaisuudet sek\u00e4 teollisuuden puhallinratkaisut.<\/p>\n<h3>Mittaviin ja haastaviin teollisuusratkaisuihin erikoistunut nelj\u00e4n palvelusegmentin ryhmittym\u00e4<\/h3>\n<p>Sama omistuspohja, yhteinen hallinto ja yhteiset liiketoiminta-alueet nivovat yhteen vahvan suuriin teollisuusratkaisuihin paneutuvan ryhm\u00e4n. LEKO Group toimii vahvassa synergiassa ja yritysten osaamisalueet ja vahvuudet tukevat toinen toisiaan. Yhdess\u00e4 kykenemme toteuttamaan haastavatkin ja monimutkaisetkin kokonaisprojektit.<\/p>\n<h3>Kest\u00e4v\u00e4\u00e4 laatua niin merelle, satamiin kuin teolliseen rakentamiseen<\/h3>\n<p>LEKO Groupilla on pitk\u00e4t perinteet vaativien asiakasprojektien hallinnasta merell\u00e4, satamissa, lannoiteteollisuudessa, fossiilisen ja uusiutuvan energian tuotannossa sek\u00e4 teollisen rakentamisen ja valmistuksen parissa.<\/p>\n<p>Meid\u00e4t tunnetaan laadusta, kest\u00e4v\u00e4st\u00e4 yhteisty\u00f6st\u00e4 ja tinkim\u00e4tt\u00f6m\u00e4st\u00e4 kehittymishalusta. Olemme suosittu ty\u00f6nantaja, luotettu kumppani ja vakavarainen tekij\u00e4. Toimimme luontoa kunnioittaen ja turvallisuutta vaalien. Rehellisyys, avoimuus ja reilunpelin s\u00e4\u00e4nn\u00f6t ovat toimintamme piirteit\u00e4. Olemme aktiivinen vaikuttaja ja tukipilari my\u00f6s yhteiskunnallisissa asioissa.<\/p>\n<p>&nbsp;<br \/>\n<iframe data-src=\"https:\/\/www.youtube.com\/embed\/mc_QwnOihvQ\" width=\"880\" height=\"495\" frameborder=\"0\" allowfullscreen=\"allowfullscreen\" src=\"data:image\/svg+xml;base64,PHN2ZyB3aWR0aD0iMSIgaGVpZ2h0PSIxIiB4bWxucz0iaHR0cDovL3d3dy53My5vcmcvMjAwMC9zdmciPjwvc3ZnPg==\" class=\"lazyload\" data-load-mode=\"1\"><\/iframe><\/p>\n","protected":false},"excerpt":{"rendered":"<p>LEKO Group konserni LEKO Group Oy vastaa konsernin hallinnoinnista. LEKO Group konserni koostuu raskaan valmistuksen konepajasta Lehtosen Konepaja Oy, keskiraskaan valmistuksen konepajasta Vilmet Oy sek\u00e4 omia tuotteita valmistavista yrityksist\u00e4 Siirtoruuvi Oy ja LEKO Fans Oy. Omia tuotteitamme ovat siirtoruuvit ja ruuvikuljettimet, erilaiset LEKO kuljettimet ja kuljetinj\u00e4rjestelm\u00e4kokonaisuudet sek\u00e4 teollisuuden puhallinratkaisut. Mittaviin ja haastaviin teollisuusratkaisuihin erikoistunut nelj\u00e4n &hellip; <\/p>\n<p class=\"link-more\"><a href=\"https:\/\/www.lekogroup.fi\/www\/fi\/leko-group-konserni\/\" class=\"more-link\">Read More <span class=\"screen-reader-text\"> &#8221;LEKO Group konserni&#8221;<\/span><\/a><\/p>\n","protected":false},"author":1,"featured_media":0,"parent":0,"menu_order":0,"comment_status":"closed","ping_status":"closed","template":"","meta":{"_monsterinsights_skip_tracking":false,"_monsterinsights_sitenote_active":false,"_monsterinsights_sitenote_note":"","_monsterinsights_sitenote_category":0,"ngg_post_thumbnail":0,"footnotes":""},"class_list":["post-3884","page","type-page","status-publish","hentry"],"yoast_head":"<!-- This site is optimized with the Yoast SEO plugin v27.0 - https:\/\/yoast.com\/product\/yoast-seo-wordpress\/ -->\n<title>LEKO Group konserni - Raskaan teollisuuden monipuolinen kumppani - LekoGroup<\/title>\n<meta name=\"robots\" content=\"index, follow, max-snippet:-1, max-image-preview:large, max-video-preview:-1\" \/>\n<link rel=\"canonical\" href=\"https:\/\/www.lekogroup.fi\/www\/fi\/leko-group-konserni\/\" \/>\n<meta property=\"og:locale\" content=\"fi_FI\" \/>\n<meta property=\"og:type\" content=\"article\" \/>\n<meta property=\"og:title\" content=\"LEKO Group konserni - Raskaan teollisuuden monipuolinen kumppani - LekoGroup\" \/>\n<meta property=\"og:description\" content=\"LEKO Group konserni LEKO Group Oy vastaa konsernin hallinnoinnista. LEKO Group konserni koostuu raskaan valmistuksen konepajasta Lehtosen Konepaja Oy, keskiraskaan valmistuksen konepajasta Vilmet Oy sek\u00e4 omia tuotteita valmistavista yrityksist\u00e4 Siirtoruuvi Oy ja LEKO Fans Oy. Omia tuotteitamme ovat siirtoruuvit ja ruuvikuljettimet, erilaiset LEKO kuljettimet ja kuljetinj\u00e4rjestelm\u00e4kokonaisuudet sek\u00e4 teollisuuden puhallinratkaisut. Mittaviin ja haastaviin teollisuusratkaisuihin erikoistunut nelj\u00e4n &hellip; Read More &quot;LEKO Group konserni&quot;\" \/>\n<meta property=\"og:url\" content=\"https:\/\/www.lekogroup.fi\/www\/fi\/leko-group-konserni\/\" \/>\n<meta property=\"og:site_name\" content=\"Raskaan teollisuuden monipuolinen kumppani - LekoGroup\" \/>\n<meta property=\"article:modified_time\" content=\"2024-03-14T08:41:18+00:00\" \/>\n<meta property=\"og:image\" content=\"https:\/\/www.lekogroup.fi\/www\/wp-content\/uploads\/2019\/04\/LEKO_GROUP_1-1-1024x456.jpg\" \/>\n<meta name=\"twitter:card\" content=\"summary_large_image\" \/>\n<meta name=\"twitter:label1\" content=\"Arvioitu lukuaika\" \/>\n\t<meta name=\"twitter:data1\" content=\"2 minuuttia\" \/>\n<script type=\"application\/ld+json\" class=\"yoast-schema-graph\">{\"@context\":\"https:\/\/schema.org\",\"@graph\":[{\"@type\":\"WebPage\",\"@id\":\"https:\/\/www.lekogroup.fi\/www\/fi\/leko-group-konserni\/\",\"url\":\"https:\/\/www.lekogroup.fi\/www\/fi\/leko-group-konserni\/\",\"name\":\"LEKO Group konserni - Raskaan teollisuuden monipuolinen kumppani - LekoGroup\",\"isPartOf\":{\"@id\":\"https:\/\/www.lekogroup.fi\/www\/#website\"},\"primaryImageOfPage\":{\"@id\":\"https:\/\/www.lekogroup.fi\/www\/fi\/leko-group-konserni\/#primaryimage\"},\"image\":{\"@id\":\"https:\/\/www.lekogroup.fi\/www\/fi\/leko-group-konserni\/#primaryimage\"},\"thumbnailUrl\":\"https:\/\/www.lekogroup.fi\/www\/wp-content\/uploads\/2019\/04\/LEKO_GROUP_1-1-1024x456.jpg\",\"datePublished\":\"2019-03-27T08:19:26+00:00\",\"dateModified\":\"2024-03-14T08:41:18+00:00\",\"breadcrumb\":{\"@id\":\"https:\/\/www.lekogroup.fi\/www\/fi\/leko-group-konserni\/#breadcrumb\"},\"inLanguage\":\"fi\",\"potentialAction\":[{\"@type\":\"ReadAction\",\"target\":[\"https:\/\/www.lekogroup.fi\/www\/fi\/leko-group-konserni\/\"]}]},{\"@type\":\"ImageObject\",\"inLanguage\":\"fi\",\"@id\":\"https:\/\/www.lekogroup.fi\/www\/fi\/leko-group-konserni\/#primaryimage\",\"url\":\"https:\/\/www.lekogroup.fi\/www\/wp-content\/uploads\/2019\/04\/LEKO_GROUP_1-1.jpg\",\"contentUrl\":\"https:\/\/www.lekogroup.fi\/www\/wp-content\/uploads\/2019\/04\/LEKO_GROUP_1-1.jpg\",\"width\":1950,\"height\":868},{\"@type\":\"BreadcrumbList\",\"@id\":\"https:\/\/www.lekogroup.fi\/www\/fi\/leko-group-konserni\/#breadcrumb\",\"itemListElement\":[{\"@type\":\"ListItem\",\"position\":1,\"name\":\"Home\",\"item\":\"https:\/\/www.lekogroup.fi\/www\/fi\/etusivu\/\"},{\"@type\":\"ListItem\",\"position\":2,\"name\":\"LEKO Group konserni\"}]},{\"@type\":\"WebSite\",\"@id\":\"https:\/\/www.lekogroup.fi\/www\/#website\",\"url\":\"https:\/\/www.lekogroup.fi\/www\/\",\"name\":\"Raskaan teollisuuden monipuolinen kumppani - LekoGroup\",\"description\":\"\",\"publisher\":{\"@id\":\"https:\/\/www.lekogroup.fi\/www\/#organization\"},\"potentialAction\":[{\"@type\":\"SearchAction\",\"target\":{\"@type\":\"EntryPoint\",\"urlTemplate\":\"https:\/\/www.lekogroup.fi\/www\/?s={search_term_string}\"},\"query-input\":{\"@type\":\"PropertyValueSpecification\",\"valueRequired\":true,\"valueName\":\"search_term_string\"}}],\"inLanguage\":\"fi\"},{\"@type\":\"Organization\",\"@id\":\"https:\/\/www.lekogroup.fi\/www\/#organization\",\"name\":\"Raskaan teollisuuden monipuolinen kumppani - LekoGroup\",\"url\":\"https:\/\/www.lekogroup.fi\/www\/\",\"logo\":{\"@type\":\"ImageObject\",\"inLanguage\":\"fi\",\"@id\":\"https:\/\/www.lekogroup.fi\/www\/#\/schema\/logo\/image\/\",\"url\":\"https:\/\/www.lekogroup.fi\/www\/wp-content\/uploads\/2022\/12\/cropped-leko_group_logo.png\",\"contentUrl\":\"https:\/\/www.lekogroup.fi\/www\/wp-content\/uploads\/2022\/12\/cropped-leko_group_logo.png\",\"width\":833,\"height\":250,\"caption\":\"Raskaan teollisuuden monipuolinen kumppani - LekoGroup\"},\"image\":{\"@id\":\"https:\/\/www.lekogroup.fi\/www\/#\/schema\/logo\/image\/\"}}]}<\/script>\n<!-- \/ Yoast SEO plugin. -->","yoast_head_json":{"title":"LEKO Group konserni - Raskaan teollisuuden monipuolinen kumppani - LekoGroup","robots":{"index":"index","follow":"follow","max-snippet":"max-snippet:-1","max-image-preview":"max-image-preview:large","max-video-preview":"max-video-preview:-1"},"canonical":"https:\/\/www.lekogroup.fi\/www\/fi\/leko-group-konserni\/","og_locale":"fi_FI","og_type":"article","og_title":"LEKO Group konserni - Raskaan teollisuuden monipuolinen kumppani - LekoGroup","og_description":"LEKO Group konserni LEKO Group Oy vastaa konsernin hallinnoinnista. LEKO Group konserni koostuu raskaan valmistuksen konepajasta Lehtosen Konepaja Oy, keskiraskaan valmistuksen konepajasta Vilmet Oy sek\u00e4 omia tuotteita valmistavista yrityksist\u00e4 Siirtoruuvi Oy ja LEKO Fans Oy. Omia tuotteitamme ovat siirtoruuvit ja ruuvikuljettimet, erilaiset LEKO kuljettimet ja kuljetinj\u00e4rjestelm\u00e4kokonaisuudet sek\u00e4 teollisuuden puhallinratkaisut. Mittaviin ja haastaviin teollisuusratkaisuihin erikoistunut nelj\u00e4n &hellip; Read More \"LEKO Group konserni\"","og_url":"https:\/\/www.lekogroup.fi\/www\/fi\/leko-group-konserni\/","og_site_name":"Raskaan teollisuuden monipuolinen kumppani - LekoGroup","article_modified_time":"2024-03-14T08:41:18+00:00","og_image":[{"url":"https:\/\/www.lekogroup.fi\/www\/wp-content\/uploads\/2019\/04\/LEKO_GROUP_1-1-1024x456.jpg","type":"","width":"","height":""}],"twitter_card":"summary_large_image","twitter_misc":{"Arvioitu lukuaika":"2 minuuttia"},"schema":{"@context":"https:\/\/schema.org","@graph":[{"@type":"WebPage","@id":"https:\/\/www.lekogroup.fi\/www\/fi\/leko-group-konserni\/","url":"https:\/\/www.lekogroup.fi\/www\/fi\/leko-group-konserni\/","name":"LEKO Group konserni - Raskaan teollisuuden monipuolinen kumppani - LekoGroup","isPartOf":{"@id":"https:\/\/www.lekogroup.fi\/www\/#website"},"primaryImageOfPage":{"@id":"https:\/\/www.lekogroup.fi\/www\/fi\/leko-group-konserni\/#primaryimage"},"image":{"@id":"https:\/\/www.lekogroup.fi\/www\/fi\/leko-group-konserni\/#primaryimage"},"thumbnailUrl":"https:\/\/www.lekogroup.fi\/www\/wp-content\/uploads\/2019\/04\/LEKO_GROUP_1-1-1024x456.jpg","datePublished":"2019-03-27T08:19:26+00:00","dateModified":"2024-03-14T08:41:18+00:00","breadcrumb":{"@id":"https:\/\/www.lekogroup.fi\/www\/fi\/leko-group-konserni\/#breadcrumb"},"inLanguage":"fi","potentialAction":[{"@type":"ReadAction","target":["https:\/\/www.lekogroup.fi\/www\/fi\/leko-group-konserni\/"]}]},{"@type":"ImageObject","inLanguage":"fi","@id":"https:\/\/www.lekogroup.fi\/www\/fi\/leko-group-konserni\/#primaryimage","url":"https:\/\/www.lekogroup.fi\/www\/wp-content\/uploads\/2019\/04\/LEKO_GROUP_1-1.jpg","contentUrl":"https:\/\/www.lekogroup.fi\/www\/wp-content\/uploads\/2019\/04\/LEKO_GROUP_1-1.jpg","width":1950,"height":868},{"@type":"BreadcrumbList","@id":"https:\/\/www.lekogroup.fi\/www\/fi\/leko-group-konserni\/#breadcrumb","itemListElement":[{"@type":"ListItem","position":1,"name":"Home","item":"https:\/\/www.lekogroup.fi\/www\/fi\/etusivu\/"},{"@type":"ListItem","position":2,"name":"LEKO Group konserni"}]},{"@type":"WebSite","@id":"https:\/\/www.lekogroup.fi\/www\/#website","url":"https:\/\/www.lekogroup.fi\/www\/","name":"Raskaan teollisuuden monipuolinen kumppani - LekoGroup","description":"","publisher":{"@id":"https:\/\/www.lekogroup.fi\/www\/#organization"},"potentialAction":[{"@type":"SearchAction","target":{"@type":"EntryPoint","urlTemplate":"https:\/\/www.lekogroup.fi\/www\/?s={search_term_string}"},"query-input":{"@type":"PropertyValueSpecification","valueRequired":true,"valueName":"search_term_string"}}],"inLanguage":"fi"},{"@type":"Organization","@id":"https:\/\/www.lekogroup.fi\/www\/#organization","name":"Raskaan teollisuuden monipuolinen kumppani - LekoGroup","url":"https:\/\/www.lekogroup.fi\/www\/","logo":{"@type":"ImageObject","inLanguage":"fi","@id":"https:\/\/www.lekogroup.fi\/www\/#\/schema\/logo\/image\/","url":"https:\/\/www.lekogroup.fi\/www\/wp-content\/uploads\/2022\/12\/cropped-leko_group_logo.png","contentUrl":"https:\/\/www.lekogroup.fi\/www\/wp-content\/uploads\/2022\/12\/cropped-leko_group_logo.png","width":833,"height":250,"caption":"Raskaan teollisuuden monipuolinen kumppani - LekoGroup"},"image":{"@id":"https:\/\/www.lekogroup.fi\/www\/#\/schema\/logo\/image\/"}}]}},"_links":{"self":[{"href":"https:\/\/www.lekogroup.fi\/www\/wp-json\/wp\/v2\/pages\/3884","targetHints":{"allow":["GET"]}}],"collection":[{"href":"https:\/\/www.lekogroup.fi\/www\/wp-json\/wp\/v2\/pages"}],"about":[{"href":"https:\/\/www.lekogroup.fi\/www\/wp-json\/wp\/v2\/types\/page"}],"author":[{"embeddable":true,"href":"https:\/\/www.lekogroup.fi\/www\/wp-json\/wp\/v2\/users\/1"}],"replies":[{"embeddable":true,"href":"https:\/\/www.lekogroup.fi\/www\/wp-json\/wp\/v2\/comments?post=3884"}],"version-history":[{"count":3,"href":"https:\/\/www.lekogroup.fi\/www\/wp-json\/wp\/v2\/pages\/3884\/revisions"}],"predecessor-version":[{"id":16536,"href":"https:\/\/www.lekogroup.fi\/www\/wp-json\/wp\/v2\/pages\/3884\/revisions\/16536"}],"wp:attachment":[{"href":"https:\/\/www.lekogroup.fi\/www\/wp-json\/wp\/v2\/media?parent=3884"}],"curies":[{"name":"wp","href":"https:\/\/api.w.org\/{rel}","templated":true}]}}