{"id":4344,"date":"2019-03-28T15:06:52","date_gmt":"2019-03-28T13:06:52","guid":{"rendered":"https:\/\/www.lekogroup.fi\/?page_id=4344"},"modified":"2024-03-14T10:40:40","modified_gmt":"2024-03-14T08:40:40","slug":"osavalmistus-ja-koneen-rungot","status":"publish","type":"page","link":"https:\/\/www.lekogroup.fi\/www\/fi\/osavalmistus-ja-koneen-rungot\/","title":{"rendered":"Osavalmistus ja koneen rungot"},"content":{"rendered":"<h1><img decoding=\"async\" class=\"alignnone size-full wp-image-11505 lazyload\" data-src=\"https:\/\/www.lekogroup.fi\/www\/wp-content\/uploads\/2019\/05\/Leko-Group-osavalmistus-metalliteollisuus-runkovalmistus.jpg\" alt=\"Leko-Group-osavalmistus-metalliteollisuus-runkovalmistus\" width=\"1000\" height=\"468\" data-srcset=\"https:\/\/www.lekogroup.fi\/www\/wp-content\/uploads\/2019\/05\/Leko-Group-osavalmistus-metalliteollisuus-runkovalmistus.jpg 1000w, https:\/\/www.lekogroup.fi\/www\/wp-content\/uploads\/2019\/05\/Leko-Group-osavalmistus-metalliteollisuus-runkovalmistus-300x140.jpg 300w, https:\/\/www.lekogroup.fi\/www\/wp-content\/uploads\/2019\/05\/Leko-Group-osavalmistus-metalliteollisuus-runkovalmistus-768x359.jpg 768w\" data-sizes=\"(max-width: 1000px) 100vw, 1000px\" src=\"data:image\/svg+xml;base64,PHN2ZyB3aWR0aD0iMSIgaGVpZ2h0PSIxIiB4bWxucz0iaHR0cDovL3d3dy53My5vcmcvMjAwMC9zdmciPjwvc3ZnPg==\" style=\"--smush-placeholder-width: 1000px; --smush-placeholder-aspect-ratio: 1000\/468;\" \/>Osakokoonpanot ja osavalmistus<\/h1>\n<p>Osien ja osakokoonpanojen valmistus joko asiakkaan tai konepajan materiaaleista. Ty\u00f6n sis\u00e4lt\u00f6 ja valmiusaste sovitaan tapauskohtaisesti, parhaimmillaan toimituksen saa l\u00e4hes avaimet k\u00e4teen -periaatteella. Valmistamme niin yksitt\u00e4isi\u00e4 tuotteita, piensarjoja kuin suurempiakin kappalem\u00e4\u00e4ri\u00e4. Teemme my\u00f6s vaihealihankintaa, koneistaen asiakkaan aihioita.<\/p>\n<p>LEKO Group panostaa m\u00e4\u00e4r\u00e4tietoisesti koneistuskapasiteettiin ja ty\u00f6skentelee kattavan tietotaidon kanssa. Pystymme lupaamaan asiakkaalle parhaan mahdollisen konepajaosaamisen ja modernin ty\u00f6nj\u00e4ljen.<\/p>\n<h3>Koneiden runkovalmistus<\/h3>\n<p>Koneen runkovalmistus koostuu tyypillisesti osavalmistuksesta, hitsauksesta, l\u00e4mp\u00f6k\u00e4sittelyst\u00e4, koneistuksesta ja pintak\u00e4sittelyst\u00e4.<\/p>\n<p>Kaikki ty\u00f6vaiheet tehd\u00e4\u00e4n moderneissa ty\u00f6tiloissa k\u00e4ytt\u00e4en nykyaikaisia ty\u00f6v\u00e4lineit\u00e4. Jokaisella osa-alueella on omat ammattilaisensa mutta erityisesti hitsaus ja pintak\u00e4sittelyosastomme ovat huippuluokkaa. Laadun takeena meill\u00e4 on SFS-EN ISO 9001:2000 laadunhallintaj\u00e4rjestelm\u00e4 sek\u00e4 hitsauksen sertifioitu laatuj\u00e4rjestelm\u00e4 SFS-EN ISO 3834-2.<\/p>\n","protected":false},"excerpt":{"rendered":"<p>Osakokoonpanot ja osavalmistus Osien ja osakokoonpanojen valmistus joko asiakkaan tai konepajan materiaaleista. Ty\u00f6n sis\u00e4lt\u00f6 ja valmiusaste sovitaan tapauskohtaisesti, parhaimmillaan toimituksen saa l\u00e4hes avaimet k\u00e4teen -periaatteella. Valmistamme niin yksitt\u00e4isi\u00e4 tuotteita, piensarjoja kuin suurempiakin kappalem\u00e4\u00e4ri\u00e4. Teemme my\u00f6s vaihealihankintaa, koneistaen asiakkaan aihioita. LEKO Group panostaa m\u00e4\u00e4r\u00e4tietoisesti koneistuskapasiteettiin ja ty\u00f6skentelee kattavan tietotaidon kanssa. Pystymme lupaamaan asiakkaalle parhaan mahdollisen konepajaosaamisen &hellip; <\/p>\n<p class=\"link-more\"><a href=\"https:\/\/www.lekogroup.fi\/www\/fi\/osavalmistus-ja-koneen-rungot\/\" class=\"more-link\">Read More <span class=\"screen-reader-text\"> &#8221;Osavalmistus ja koneen rungot&#8221;<\/span><\/a><\/p>\n","protected":false},"author":1,"featured_media":0,"parent":0,"menu_order":0,"comment_status":"closed","ping_status":"closed","template":"","meta":{"_monsterinsights_skip_tracking":false,"_monsterinsights_sitenote_active":false,"_monsterinsights_sitenote_note":"","_monsterinsights_sitenote_category":0,"ngg_post_thumbnail":0,"footnotes":""},"class_list":["post-4344","page","type-page","status-publish","hentry"],"yoast_head":"<!-- This site is optimized with the Yoast SEO plugin v27.0 - https:\/\/yoast.com\/product\/yoast-seo-wordpress\/ -->\n<title>Osavalmistus ja koneen rungot - Raskaan teollisuuden monipuolinen kumppani - LekoGroup<\/title>\n<meta name=\"robots\" content=\"index, follow, max-snippet:-1, max-image-preview:large, max-video-preview:-1\" \/>\n<link rel=\"canonical\" href=\"https:\/\/www.lekogroup.fi\/www\/fi\/osavalmistus-ja-koneen-rungot\/\" \/>\n<meta property=\"og:locale\" content=\"fi_FI\" \/>\n<meta property=\"og:type\" content=\"article\" \/>\n<meta property=\"og:title\" content=\"Osavalmistus ja koneen rungot - Raskaan teollisuuden monipuolinen kumppani - LekoGroup\" \/>\n<meta property=\"og:description\" content=\"Osakokoonpanot ja osavalmistus Osien ja osakokoonpanojen valmistus joko asiakkaan tai konepajan materiaaleista. Ty\u00f6n sis\u00e4lt\u00f6 ja valmiusaste sovitaan tapauskohtaisesti, parhaimmillaan toimituksen saa l\u00e4hes avaimet k\u00e4teen -periaatteella. Valmistamme niin yksitt\u00e4isi\u00e4 tuotteita, piensarjoja kuin suurempiakin kappalem\u00e4\u00e4ri\u00e4. Teemme my\u00f6s vaihealihankintaa, koneistaen asiakkaan aihioita. LEKO Group panostaa m\u00e4\u00e4r\u00e4tietoisesti koneistuskapasiteettiin ja ty\u00f6skentelee kattavan tietotaidon kanssa. Pystymme lupaamaan asiakkaalle parhaan mahdollisen konepajaosaamisen &hellip; Read More &quot;Osavalmistus ja koneen rungot&quot;\" \/>\n<meta property=\"og:url\" content=\"https:\/\/www.lekogroup.fi\/www\/fi\/osavalmistus-ja-koneen-rungot\/\" \/>\n<meta property=\"og:site_name\" content=\"Raskaan teollisuuden monipuolinen kumppani - LekoGroup\" \/>\n<meta property=\"article:modified_time\" content=\"2024-03-14T08:40:40+00:00\" \/>\n<meta property=\"og:image\" content=\"https:\/\/www.lekogroup.fi\/www\/wp-content\/uploads\/2019\/05\/Leko-Group-osavalmistus-metalliteollisuus-runkovalmistus.jpg\" \/>\n<meta name=\"twitter:card\" content=\"summary_large_image\" \/>\n<meta name=\"twitter:label1\" content=\"Arvioitu lukuaika\" \/>\n\t<meta name=\"twitter:data1\" content=\"1 minuutti\" \/>\n<script type=\"application\/ld+json\" class=\"yoast-schema-graph\">{\"@context\":\"https:\/\/schema.org\",\"@graph\":[{\"@type\":\"WebPage\",\"@id\":\"https:\/\/www.lekogroup.fi\/www\/fi\/osavalmistus-ja-koneen-rungot\/\",\"url\":\"https:\/\/www.lekogroup.fi\/www\/fi\/osavalmistus-ja-koneen-rungot\/\",\"name\":\"Osavalmistus ja koneen rungot - Raskaan teollisuuden monipuolinen kumppani - LekoGroup\",\"isPartOf\":{\"@id\":\"https:\/\/www.lekogroup.fi\/www\/#website\"},\"primaryImageOfPage\":{\"@id\":\"https:\/\/www.lekogroup.fi\/www\/fi\/osavalmistus-ja-koneen-rungot\/#primaryimage\"},\"image\":{\"@id\":\"https:\/\/www.lekogroup.fi\/www\/fi\/osavalmistus-ja-koneen-rungot\/#primaryimage\"},\"thumbnailUrl\":\"https:\/\/www.lekogroup.fi\/www\/wp-content\/uploads\/2019\/05\/Leko-Group-osavalmistus-metalliteollisuus-runkovalmistus.jpg\",\"datePublished\":\"2019-03-28T13:06:52+00:00\",\"dateModified\":\"2024-03-14T08:40:40+00:00\",\"breadcrumb\":{\"@id\":\"https:\/\/www.lekogroup.fi\/www\/fi\/osavalmistus-ja-koneen-rungot\/#breadcrumb\"},\"inLanguage\":\"fi\",\"potentialAction\":[{\"@type\":\"ReadAction\",\"target\":[\"https:\/\/www.lekogroup.fi\/www\/fi\/osavalmistus-ja-koneen-rungot\/\"]}]},{\"@type\":\"ImageObject\",\"inLanguage\":\"fi\",\"@id\":\"https:\/\/www.lekogroup.fi\/www\/fi\/osavalmistus-ja-koneen-rungot\/#primaryimage\",\"url\":\"https:\/\/www.lekogroup.fi\/www\/wp-content\/uploads\/2019\/05\/Leko-Group-osavalmistus-metalliteollisuus-runkovalmistus.jpg\",\"contentUrl\":\"https:\/\/www.lekogroup.fi\/www\/wp-content\/uploads\/2019\/05\/Leko-Group-osavalmistus-metalliteollisuus-runkovalmistus.jpg\",\"width\":1000,\"height\":468,\"caption\":\"Leko-Group-osavalmistus-metalliteollisuus-runkovalmistus\"},{\"@type\":\"BreadcrumbList\",\"@id\":\"https:\/\/www.lekogroup.fi\/www\/fi\/osavalmistus-ja-koneen-rungot\/#breadcrumb\",\"itemListElement\":[{\"@type\":\"ListItem\",\"position\":1,\"name\":\"Home\",\"item\":\"https:\/\/www.lekogroup.fi\/www\/fi\/etusivu\/\"},{\"@type\":\"ListItem\",\"position\":2,\"name\":\"Osavalmistus ja koneen rungot\"}]},{\"@type\":\"WebSite\",\"@id\":\"https:\/\/www.lekogroup.fi\/www\/#website\",\"url\":\"https:\/\/www.lekogroup.fi\/www\/\",\"name\":\"Raskaan teollisuuden monipuolinen kumppani - LekoGroup\",\"description\":\"\",\"publisher\":{\"@id\":\"https:\/\/www.lekogroup.fi\/www\/#organization\"},\"potentialAction\":[{\"@type\":\"SearchAction\",\"target\":{\"@type\":\"EntryPoint\",\"urlTemplate\":\"https:\/\/www.lekogroup.fi\/www\/?s={search_term_string}\"},\"query-input\":{\"@type\":\"PropertyValueSpecification\",\"valueRequired\":true,\"valueName\":\"search_term_string\"}}],\"inLanguage\":\"fi\"},{\"@type\":\"Organization\",\"@id\":\"https:\/\/www.lekogroup.fi\/www\/#organization\",\"name\":\"Raskaan teollisuuden monipuolinen kumppani - LekoGroup\",\"url\":\"https:\/\/www.lekogroup.fi\/www\/\",\"logo\":{\"@type\":\"ImageObject\",\"inLanguage\":\"fi\",\"@id\":\"https:\/\/www.lekogroup.fi\/www\/#\/schema\/logo\/image\/\",\"url\":\"https:\/\/www.lekogroup.fi\/www\/wp-content\/uploads\/2022\/12\/cropped-leko_group_logo.png\",\"contentUrl\":\"https:\/\/www.lekogroup.fi\/www\/wp-content\/uploads\/2022\/12\/cropped-leko_group_logo.png\",\"width\":833,\"height\":250,\"caption\":\"Raskaan teollisuuden monipuolinen kumppani - LekoGroup\"},\"image\":{\"@id\":\"https:\/\/www.lekogroup.fi\/www\/#\/schema\/logo\/image\/\"}}]}<\/script>\n<!-- \/ Yoast SEO plugin. -->","yoast_head_json":{"title":"Osavalmistus ja koneen rungot - Raskaan teollisuuden monipuolinen kumppani - LekoGroup","robots":{"index":"index","follow":"follow","max-snippet":"max-snippet:-1","max-image-preview":"max-image-preview:large","max-video-preview":"max-video-preview:-1"},"canonical":"https:\/\/www.lekogroup.fi\/www\/fi\/osavalmistus-ja-koneen-rungot\/","og_locale":"fi_FI","og_type":"article","og_title":"Osavalmistus ja koneen rungot - Raskaan teollisuuden monipuolinen kumppani - LekoGroup","og_description":"Osakokoonpanot ja osavalmistus Osien ja osakokoonpanojen valmistus joko asiakkaan tai konepajan materiaaleista. Ty\u00f6n sis\u00e4lt\u00f6 ja valmiusaste sovitaan tapauskohtaisesti, parhaimmillaan toimituksen saa l\u00e4hes avaimet k\u00e4teen -periaatteella. Valmistamme niin yksitt\u00e4isi\u00e4 tuotteita, piensarjoja kuin suurempiakin kappalem\u00e4\u00e4ri\u00e4. Teemme my\u00f6s vaihealihankintaa, koneistaen asiakkaan aihioita. LEKO Group panostaa m\u00e4\u00e4r\u00e4tietoisesti koneistuskapasiteettiin ja ty\u00f6skentelee kattavan tietotaidon kanssa. Pystymme lupaamaan asiakkaalle parhaan mahdollisen konepajaosaamisen &hellip; Read More \"Osavalmistus ja koneen rungot\"","og_url":"https:\/\/www.lekogroup.fi\/www\/fi\/osavalmistus-ja-koneen-rungot\/","og_site_name":"Raskaan teollisuuden monipuolinen kumppani - LekoGroup","article_modified_time":"2024-03-14T08:40:40+00:00","og_image":[{"url":"https:\/\/www.lekogroup.fi\/www\/wp-content\/uploads\/2019\/05\/Leko-Group-osavalmistus-metalliteollisuus-runkovalmistus.jpg","type":"","width":"","height":""}],"twitter_card":"summary_large_image","twitter_misc":{"Arvioitu lukuaika":"1 minuutti"},"schema":{"@context":"https:\/\/schema.org","@graph":[{"@type":"WebPage","@id":"https:\/\/www.lekogroup.fi\/www\/fi\/osavalmistus-ja-koneen-rungot\/","url":"https:\/\/www.lekogroup.fi\/www\/fi\/osavalmistus-ja-koneen-rungot\/","name":"Osavalmistus ja koneen rungot - Raskaan teollisuuden monipuolinen kumppani - LekoGroup","isPartOf":{"@id":"https:\/\/www.lekogroup.fi\/www\/#website"},"primaryImageOfPage":{"@id":"https:\/\/www.lekogroup.fi\/www\/fi\/osavalmistus-ja-koneen-rungot\/#primaryimage"},"image":{"@id":"https:\/\/www.lekogroup.fi\/www\/fi\/osavalmistus-ja-koneen-rungot\/#primaryimage"},"thumbnailUrl":"https:\/\/www.lekogroup.fi\/www\/wp-content\/uploads\/2019\/05\/Leko-Group-osavalmistus-metalliteollisuus-runkovalmistus.jpg","datePublished":"2019-03-28T13:06:52+00:00","dateModified":"2024-03-14T08:40:40+00:00","breadcrumb":{"@id":"https:\/\/www.lekogroup.fi\/www\/fi\/osavalmistus-ja-koneen-rungot\/#breadcrumb"},"inLanguage":"fi","potentialAction":[{"@type":"ReadAction","target":["https:\/\/www.lekogroup.fi\/www\/fi\/osavalmistus-ja-koneen-rungot\/"]}]},{"@type":"ImageObject","inLanguage":"fi","@id":"https:\/\/www.lekogroup.fi\/www\/fi\/osavalmistus-ja-koneen-rungot\/#primaryimage","url":"https:\/\/www.lekogroup.fi\/www\/wp-content\/uploads\/2019\/05\/Leko-Group-osavalmistus-metalliteollisuus-runkovalmistus.jpg","contentUrl":"https:\/\/www.lekogroup.fi\/www\/wp-content\/uploads\/2019\/05\/Leko-Group-osavalmistus-metalliteollisuus-runkovalmistus.jpg","width":1000,"height":468,"caption":"Leko-Group-osavalmistus-metalliteollisuus-runkovalmistus"},{"@type":"BreadcrumbList","@id":"https:\/\/www.lekogroup.fi\/www\/fi\/osavalmistus-ja-koneen-rungot\/#breadcrumb","itemListElement":[{"@type":"ListItem","position":1,"name":"Home","item":"https:\/\/www.lekogroup.fi\/www\/fi\/etusivu\/"},{"@type":"ListItem","position":2,"name":"Osavalmistus ja koneen rungot"}]},{"@type":"WebSite","@id":"https:\/\/www.lekogroup.fi\/www\/#website","url":"https:\/\/www.lekogroup.fi\/www\/","name":"Raskaan teollisuuden monipuolinen kumppani - LekoGroup","description":"","publisher":{"@id":"https:\/\/www.lekogroup.fi\/www\/#organization"},"potentialAction":[{"@type":"SearchAction","target":{"@type":"EntryPoint","urlTemplate":"https:\/\/www.lekogroup.fi\/www\/?s={search_term_string}"},"query-input":{"@type":"PropertyValueSpecification","valueRequired":true,"valueName":"search_term_string"}}],"inLanguage":"fi"},{"@type":"Organization","@id":"https:\/\/www.lekogroup.fi\/www\/#organization","name":"Raskaan teollisuuden monipuolinen kumppani - LekoGroup","url":"https:\/\/www.lekogroup.fi\/www\/","logo":{"@type":"ImageObject","inLanguage":"fi","@id":"https:\/\/www.lekogroup.fi\/www\/#\/schema\/logo\/image\/","url":"https:\/\/www.lekogroup.fi\/www\/wp-content\/uploads\/2022\/12\/cropped-leko_group_logo.png","contentUrl":"https:\/\/www.lekogroup.fi\/www\/wp-content\/uploads\/2022\/12\/cropped-leko_group_logo.png","width":833,"height":250,"caption":"Raskaan teollisuuden monipuolinen kumppani - LekoGroup"},"image":{"@id":"https:\/\/www.lekogroup.fi\/www\/#\/schema\/logo\/image\/"}}]}},"_links":{"self":[{"href":"https:\/\/www.lekogroup.fi\/www\/wp-json\/wp\/v2\/pages\/4344","targetHints":{"allow":["GET"]}}],"collection":[{"href":"https:\/\/www.lekogroup.fi\/www\/wp-json\/wp\/v2\/pages"}],"about":[{"href":"https:\/\/www.lekogroup.fi\/www\/wp-json\/wp\/v2\/types\/page"}],"author":[{"embeddable":true,"href":"https:\/\/www.lekogroup.fi\/www\/wp-json\/wp\/v2\/users\/1"}],"replies":[{"embeddable":true,"href":"https:\/\/www.lekogroup.fi\/www\/wp-json\/wp\/v2\/comments?post=4344"}],"version-history":[{"count":1,"href":"https:\/\/www.lekogroup.fi\/www\/wp-json\/wp\/v2\/pages\/4344\/revisions"}],"predecessor-version":[{"id":16535,"href":"https:\/\/www.lekogroup.fi\/www\/wp-json\/wp\/v2\/pages\/4344\/revisions\/16535"}],"wp:attachment":[{"href":"https:\/\/www.lekogroup.fi\/www\/wp-json\/wp\/v2\/media?parent=4344"}],"curies":[{"name":"wp","href":"https:\/\/api.w.org\/{rel}","templated":true}]}}