{"id":4372,"date":"2019-03-29T10:50:26","date_gmt":"2019-03-29T08:50:26","guid":{"rendered":"https:\/\/www.lekogroup.fi\/?page_id=4372"},"modified":"2024-03-14T10:40:04","modified_gmt":"2024-03-14T08:40:04","slug":"jarjestelmatoimitukset-ja-kokoonpano","status":"publish","type":"page","link":"https:\/\/www.lekogroup.fi\/www\/fi\/jarjestelmatoimitukset-ja-kokoonpano\/","title":{"rendered":"J\u00e4rjestelm\u00e4toimitukset ja kokoonpano"},"content":{"rendered":"<h1><img decoding=\"async\" class=\"alignnone wp-image-10866 size-large lazyload\" data-src=\"https:\/\/www.lekogroup.fi\/www\/wp-content\/uploads\/2019\/04\/LEKO_GROUP_JARJESTELMATOIMITUKSET-1024x479.jpg\" alt=\"\" width=\"1024\" height=\"479\" data-srcset=\"https:\/\/www.lekogroup.fi\/www\/wp-content\/uploads\/2019\/04\/LEKO_GROUP_JARJESTELMATOIMITUKSET-1024x479.jpg 1024w, https:\/\/www.lekogroup.fi\/www\/wp-content\/uploads\/2019\/04\/LEKO_GROUP_JARJESTELMATOIMITUKSET-300x140.jpg 300w, https:\/\/www.lekogroup.fi\/www\/wp-content\/uploads\/2019\/04\/LEKO_GROUP_JARJESTELMATOIMITUKSET-768x359.jpg 768w\" data-sizes=\"(max-width: 1024px) 100vw, 1024px\" src=\"data:image\/svg+xml;base64,PHN2ZyB3aWR0aD0iMSIgaGVpZ2h0PSIxIiB4bWxucz0iaHR0cDovL3d3dy53My5vcmcvMjAwMC9zdmciPjwvc3ZnPg==\" style=\"--smush-placeholder-width: 1024px; --smush-placeholder-aspect-ratio: 1024\/479;\" \/>J\u00e4rjestelm\u00e4toimitukset ja kokoonpano<\/h1>\n<p>J\u00e4rjestelm\u00e4toimitus on asiakkaalle helppo ja luotettava tapa organisoida tuotteen valmistus. J\u00e4rjestelm\u00e4toimituksiimme kuuluu erilaiset laadukkaat asennusvalmiit osat sek\u00e4 valmiiksi kootut moduulit ja osakokoonpanot.&nbsp;<\/p>\n<p>LEKO Groupin erikoisosaamisalue on kokonaisalihankinta. Toimimme j\u00e4rjestelm\u00e4toimittajana tuottaen asiakkaan yksil\u00f6lliset tuotteet valmiiksi tuotteeksi ja koneeksi. Valmistamme osat, teemme hankinnat, suoritamme kokoonpanon, s\u00e4hk\u00f6ist\u00e4mme ja testaamme tuotteet. Toimimme globaalisti sertifoituna alihankkijana asiakkaillemme Kongsberg Maritime Finland Oy:lle ja Siemens Energy AB:lle.<\/p>\n<p>J\u00e4rjestelm\u00e4toimitukset sis\u00e4lt\u00e4v\u00e4t tarvittaessa my\u00f6s osto- ja toimituslogistiikan. Vastaamme komponenttien hankinnasta sek\u00e4 toimittamisesta suoraan asiakkaalle, tarvittaessa voimme my\u00f6s varastoida asiakkaan tuotteita my\u00f6hemp\u00e4\u00e4 toimitusta varten. Kokemuksemme vaativista kokoonpanoista ja modernit tuotanto- ja jatkok\u00e4sittelytilamme antavat valmiudet laajojen j\u00e4rjestelmien ja suurten tuotantom\u00e4\u00e4rien valmistamiseen kustannustehokkaasti.<\/p>\n<h3>Osakokoonpanot ja kokonaisten laitteiden kokoonpanot<\/h3>\n<p>Toteutamme asiakkaillemme vaativia kokoonpanoja. Kokoonpanot koostuvat sek\u00e4 oman valmistusohjelmamme komponenteista ett\u00e4 standardikomponenteista.&nbsp; Joustava toimintatapamme mahdollistaa sarjakoot pienist\u00e4 suuriin sarjoihin sek\u00e4 osakokoonpanosta valmiiseen tuotteeseen.&nbsp;<\/p>\n<h3>Konsernin etuna monipuolinen toimitus- ja valmistusketju<\/h3>\n<p>Konsernimme etu kokonaisalihankinnassa on monipuolisuus. Kykenemme toimittamaan avaimet k\u00e4teen -ratkaisuna laajojakin kokonaisuuksia, sill\u00e4 kuusi eri palvelusegmentti\u00e4mme tukevat toinen toistaan. Yhdess\u00e4 muodostamme valmistusketjun, joka v\u00e4hent\u00e4\u00e4 asiakkaan tarvetta k\u00e4ytt\u00e4\u00e4 useaa alihankkijaa. Kokonaisuus saman katon alta on aina varmempi, nopeampi ja kest\u00e4v\u00e4mpi tapa kuin hajauttaminen usealle toimijalle.<\/p>\n<p>Projektinhallintaverkostomme ansiosta asiakkaamme voivat nimetyn yhteyshenkil\u00f6ns\u00e4 kautta hy\u00f6dynt\u00e4\u00e4 koko ryhmittym\u00e4n osaamisen. Tehokkaat ja joustavat tuotantoprosessimme varmistavat kilpailukykyisen kokonaisuuden. Oma osavalmistus, suunnitteluosaaminen sek\u00e4 tehokas tuotantoprosessi takaa onnistuneen kokonaisuuden.<\/p>\n","protected":false},"excerpt":{"rendered":"<p>J\u00e4rjestelm\u00e4toimitukset ja kokoonpano J\u00e4rjestelm\u00e4toimitus on asiakkaalle helppo ja luotettava tapa organisoida tuotteen valmistus. J\u00e4rjestelm\u00e4toimituksiimme kuuluu erilaiset laadukkaat asennusvalmiit osat sek\u00e4 valmiiksi kootut moduulit ja osakokoonpanot.&nbsp; LEKO Groupin erikoisosaamisalue on kokonaisalihankinta. Toimimme j\u00e4rjestelm\u00e4toimittajana tuottaen asiakkaan yksil\u00f6lliset tuotteet valmiiksi tuotteeksi ja koneeksi. Valmistamme osat, teemme hankinnat, suoritamme kokoonpanon, s\u00e4hk\u00f6ist\u00e4mme ja testaamme tuotteet. Toimimme globaalisti sertifoituna alihankkijana asiakkaillemme &hellip; <\/p>\n<p class=\"link-more\"><a href=\"https:\/\/www.lekogroup.fi\/www\/fi\/jarjestelmatoimitukset-ja-kokoonpano\/\" class=\"more-link\">Read More <span class=\"screen-reader-text\"> &#8221;J\u00e4rjestelm\u00e4toimitukset ja kokoonpano&#8221;<\/span><\/a><\/p>\n","protected":false},"author":1,"featured_media":0,"parent":0,"menu_order":0,"comment_status":"closed","ping_status":"closed","template":"","meta":{"_monsterinsights_skip_tracking":false,"_monsterinsights_sitenote_active":false,"_monsterinsights_sitenote_note":"","_monsterinsights_sitenote_category":0,"ngg_post_thumbnail":0,"footnotes":""},"class_list":["post-4372","page","type-page","status-publish","hentry"],"yoast_head":"<!-- This site is optimized with the Yoast SEO plugin v27.0 - https:\/\/yoast.com\/product\/yoast-seo-wordpress\/ -->\n<title>J\u00e4rjestelm\u00e4toimitukset ja kokoonpano - Raskaan teollisuuden monipuolinen kumppani - LekoGroup<\/title>\n<meta name=\"robots\" content=\"index, follow, max-snippet:-1, max-image-preview:large, max-video-preview:-1\" \/>\n<link rel=\"canonical\" href=\"https:\/\/www.lekogroup.fi\/www\/fi\/jarjestelmatoimitukset-ja-kokoonpano\/\" \/>\n<meta property=\"og:locale\" content=\"fi_FI\" \/>\n<meta property=\"og:type\" content=\"article\" \/>\n<meta property=\"og:title\" content=\"J\u00e4rjestelm\u00e4toimitukset ja kokoonpano - Raskaan teollisuuden monipuolinen kumppani - LekoGroup\" \/>\n<meta property=\"og:description\" content=\"J\u00e4rjestelm\u00e4toimitukset ja kokoonpano J\u00e4rjestelm\u00e4toimitus on asiakkaalle helppo ja luotettava tapa organisoida tuotteen valmistus. J\u00e4rjestelm\u00e4toimituksiimme kuuluu erilaiset laadukkaat asennusvalmiit osat sek\u00e4 valmiiksi kootut moduulit ja osakokoonpanot.&nbsp; LEKO Groupin erikoisosaamisalue on kokonaisalihankinta. Toimimme j\u00e4rjestelm\u00e4toimittajana tuottaen asiakkaan yksil\u00f6lliset tuotteet valmiiksi tuotteeksi ja koneeksi. Valmistamme osat, teemme hankinnat, suoritamme kokoonpanon, s\u00e4hk\u00f6ist\u00e4mme ja testaamme tuotteet. Toimimme globaalisti sertifoituna alihankkijana asiakkaillemme &hellip; Read More &quot;J\u00e4rjestelm\u00e4toimitukset ja kokoonpano&quot;\" \/>\n<meta property=\"og:url\" content=\"https:\/\/www.lekogroup.fi\/www\/fi\/jarjestelmatoimitukset-ja-kokoonpano\/\" \/>\n<meta property=\"og:site_name\" content=\"Raskaan teollisuuden monipuolinen kumppani - LekoGroup\" \/>\n<meta property=\"article:modified_time\" content=\"2024-03-14T08:40:04+00:00\" \/>\n<meta property=\"og:image\" content=\"https:\/\/www.lekogroup.fi\/www\/wp-content\/uploads\/2019\/04\/LEKO_GROUP_JARJESTELMATOIMITUKSET-1024x479.jpg\" \/>\n<meta name=\"twitter:card\" content=\"summary_large_image\" \/>\n<meta name=\"twitter:label1\" content=\"Arvioitu lukuaika\" \/>\n\t<meta name=\"twitter:data1\" content=\"2 minuuttia\" \/>\n<script type=\"application\/ld+json\" class=\"yoast-schema-graph\">{\"@context\":\"https:\/\/schema.org\",\"@graph\":[{\"@type\":\"WebPage\",\"@id\":\"https:\/\/www.lekogroup.fi\/www\/fi\/jarjestelmatoimitukset-ja-kokoonpano\/\",\"url\":\"https:\/\/www.lekogroup.fi\/www\/fi\/jarjestelmatoimitukset-ja-kokoonpano\/\",\"name\":\"J\u00e4rjestelm\u00e4toimitukset ja kokoonpano - Raskaan teollisuuden monipuolinen kumppani - LekoGroup\",\"isPartOf\":{\"@id\":\"https:\/\/www.lekogroup.fi\/www\/#website\"},\"primaryImageOfPage\":{\"@id\":\"https:\/\/www.lekogroup.fi\/www\/fi\/jarjestelmatoimitukset-ja-kokoonpano\/#primaryimage\"},\"image\":{\"@id\":\"https:\/\/www.lekogroup.fi\/www\/fi\/jarjestelmatoimitukset-ja-kokoonpano\/#primaryimage\"},\"thumbnailUrl\":\"https:\/\/www.lekogroup.fi\/www\/wp-content\/uploads\/2019\/04\/LEKO_GROUP_JARJESTELMATOIMITUKSET-1024x479.jpg\",\"datePublished\":\"2019-03-29T08:50:26+00:00\",\"dateModified\":\"2024-03-14T08:40:04+00:00\",\"breadcrumb\":{\"@id\":\"https:\/\/www.lekogroup.fi\/www\/fi\/jarjestelmatoimitukset-ja-kokoonpano\/#breadcrumb\"},\"inLanguage\":\"fi\",\"potentialAction\":[{\"@type\":\"ReadAction\",\"target\":[\"https:\/\/www.lekogroup.fi\/www\/fi\/jarjestelmatoimitukset-ja-kokoonpano\/\"]}]},{\"@type\":\"ImageObject\",\"inLanguage\":\"fi\",\"@id\":\"https:\/\/www.lekogroup.fi\/www\/fi\/jarjestelmatoimitukset-ja-kokoonpano\/#primaryimage\",\"url\":\"https:\/\/www.lekogroup.fi\/www\/wp-content\/uploads\/2019\/04\/LEKO_GROUP_JARJESTELMATOIMITUKSET.jpg\",\"contentUrl\":\"https:\/\/www.lekogroup.fi\/www\/wp-content\/uploads\/2019\/04\/LEKO_GROUP_JARJESTELMATOIMITUKSET.jpg\",\"width\":2447,\"height\":1144},{\"@type\":\"BreadcrumbList\",\"@id\":\"https:\/\/www.lekogroup.fi\/www\/fi\/jarjestelmatoimitukset-ja-kokoonpano\/#breadcrumb\",\"itemListElement\":[{\"@type\":\"ListItem\",\"position\":1,\"name\":\"Home\",\"item\":\"https:\/\/www.lekogroup.fi\/www\/fi\/etusivu\/\"},{\"@type\":\"ListItem\",\"position\":2,\"name\":\"J\u00e4rjestelm\u00e4toimitukset ja kokoonpano\"}]},{\"@type\":\"WebSite\",\"@id\":\"https:\/\/www.lekogroup.fi\/www\/#website\",\"url\":\"https:\/\/www.lekogroup.fi\/www\/\",\"name\":\"Raskaan teollisuuden monipuolinen kumppani - LekoGroup\",\"description\":\"\",\"publisher\":{\"@id\":\"https:\/\/www.lekogroup.fi\/www\/#organization\"},\"potentialAction\":[{\"@type\":\"SearchAction\",\"target\":{\"@type\":\"EntryPoint\",\"urlTemplate\":\"https:\/\/www.lekogroup.fi\/www\/?s={search_term_string}\"},\"query-input\":{\"@type\":\"PropertyValueSpecification\",\"valueRequired\":true,\"valueName\":\"search_term_string\"}}],\"inLanguage\":\"fi\"},{\"@type\":\"Organization\",\"@id\":\"https:\/\/www.lekogroup.fi\/www\/#organization\",\"name\":\"Raskaan teollisuuden monipuolinen kumppani - LekoGroup\",\"url\":\"https:\/\/www.lekogroup.fi\/www\/\",\"logo\":{\"@type\":\"ImageObject\",\"inLanguage\":\"fi\",\"@id\":\"https:\/\/www.lekogroup.fi\/www\/#\/schema\/logo\/image\/\",\"url\":\"https:\/\/www.lekogroup.fi\/www\/wp-content\/uploads\/2022\/12\/cropped-leko_group_logo.png\",\"contentUrl\":\"https:\/\/www.lekogroup.fi\/www\/wp-content\/uploads\/2022\/12\/cropped-leko_group_logo.png\",\"width\":833,\"height\":250,\"caption\":\"Raskaan teollisuuden monipuolinen kumppani - LekoGroup\"},\"image\":{\"@id\":\"https:\/\/www.lekogroup.fi\/www\/#\/schema\/logo\/image\/\"}}]}<\/script>\n<!-- \/ Yoast SEO plugin. -->","yoast_head_json":{"title":"J\u00e4rjestelm\u00e4toimitukset ja kokoonpano - Raskaan teollisuuden monipuolinen kumppani - LekoGroup","robots":{"index":"index","follow":"follow","max-snippet":"max-snippet:-1","max-image-preview":"max-image-preview:large","max-video-preview":"max-video-preview:-1"},"canonical":"https:\/\/www.lekogroup.fi\/www\/fi\/jarjestelmatoimitukset-ja-kokoonpano\/","og_locale":"fi_FI","og_type":"article","og_title":"J\u00e4rjestelm\u00e4toimitukset ja kokoonpano - Raskaan teollisuuden monipuolinen kumppani - LekoGroup","og_description":"J\u00e4rjestelm\u00e4toimitukset ja kokoonpano J\u00e4rjestelm\u00e4toimitus on asiakkaalle helppo ja luotettava tapa organisoida tuotteen valmistus. J\u00e4rjestelm\u00e4toimituksiimme kuuluu erilaiset laadukkaat asennusvalmiit osat sek\u00e4 valmiiksi kootut moduulit ja osakokoonpanot.&nbsp; LEKO Groupin erikoisosaamisalue on kokonaisalihankinta. Toimimme j\u00e4rjestelm\u00e4toimittajana tuottaen asiakkaan yksil\u00f6lliset tuotteet valmiiksi tuotteeksi ja koneeksi. Valmistamme osat, teemme hankinnat, suoritamme kokoonpanon, s\u00e4hk\u00f6ist\u00e4mme ja testaamme tuotteet. Toimimme globaalisti sertifoituna alihankkijana asiakkaillemme &hellip; Read More \"J\u00e4rjestelm\u00e4toimitukset ja kokoonpano\"","og_url":"https:\/\/www.lekogroup.fi\/www\/fi\/jarjestelmatoimitukset-ja-kokoonpano\/","og_site_name":"Raskaan teollisuuden monipuolinen kumppani - LekoGroup","article_modified_time":"2024-03-14T08:40:04+00:00","og_image":[{"url":"https:\/\/www.lekogroup.fi\/www\/wp-content\/uploads\/2019\/04\/LEKO_GROUP_JARJESTELMATOIMITUKSET-1024x479.jpg","type":"","width":"","height":""}],"twitter_card":"summary_large_image","twitter_misc":{"Arvioitu lukuaika":"2 minuuttia"},"schema":{"@context":"https:\/\/schema.org","@graph":[{"@type":"WebPage","@id":"https:\/\/www.lekogroup.fi\/www\/fi\/jarjestelmatoimitukset-ja-kokoonpano\/","url":"https:\/\/www.lekogroup.fi\/www\/fi\/jarjestelmatoimitukset-ja-kokoonpano\/","name":"J\u00e4rjestelm\u00e4toimitukset ja kokoonpano - Raskaan teollisuuden monipuolinen kumppani - LekoGroup","isPartOf":{"@id":"https:\/\/www.lekogroup.fi\/www\/#website"},"primaryImageOfPage":{"@id":"https:\/\/www.lekogroup.fi\/www\/fi\/jarjestelmatoimitukset-ja-kokoonpano\/#primaryimage"},"image":{"@id":"https:\/\/www.lekogroup.fi\/www\/fi\/jarjestelmatoimitukset-ja-kokoonpano\/#primaryimage"},"thumbnailUrl":"https:\/\/www.lekogroup.fi\/www\/wp-content\/uploads\/2019\/04\/LEKO_GROUP_JARJESTELMATOIMITUKSET-1024x479.jpg","datePublished":"2019-03-29T08:50:26+00:00","dateModified":"2024-03-14T08:40:04+00:00","breadcrumb":{"@id":"https:\/\/www.lekogroup.fi\/www\/fi\/jarjestelmatoimitukset-ja-kokoonpano\/#breadcrumb"},"inLanguage":"fi","potentialAction":[{"@type":"ReadAction","target":["https:\/\/www.lekogroup.fi\/www\/fi\/jarjestelmatoimitukset-ja-kokoonpano\/"]}]},{"@type":"ImageObject","inLanguage":"fi","@id":"https:\/\/www.lekogroup.fi\/www\/fi\/jarjestelmatoimitukset-ja-kokoonpano\/#primaryimage","url":"https:\/\/www.lekogroup.fi\/www\/wp-content\/uploads\/2019\/04\/LEKO_GROUP_JARJESTELMATOIMITUKSET.jpg","contentUrl":"https:\/\/www.lekogroup.fi\/www\/wp-content\/uploads\/2019\/04\/LEKO_GROUP_JARJESTELMATOIMITUKSET.jpg","width":2447,"height":1144},{"@type":"BreadcrumbList","@id":"https:\/\/www.lekogroup.fi\/www\/fi\/jarjestelmatoimitukset-ja-kokoonpano\/#breadcrumb","itemListElement":[{"@type":"ListItem","position":1,"name":"Home","item":"https:\/\/www.lekogroup.fi\/www\/fi\/etusivu\/"},{"@type":"ListItem","position":2,"name":"J\u00e4rjestelm\u00e4toimitukset ja kokoonpano"}]},{"@type":"WebSite","@id":"https:\/\/www.lekogroup.fi\/www\/#website","url":"https:\/\/www.lekogroup.fi\/www\/","name":"Raskaan teollisuuden monipuolinen kumppani - LekoGroup","description":"","publisher":{"@id":"https:\/\/www.lekogroup.fi\/www\/#organization"},"potentialAction":[{"@type":"SearchAction","target":{"@type":"EntryPoint","urlTemplate":"https:\/\/www.lekogroup.fi\/www\/?s={search_term_string}"},"query-input":{"@type":"PropertyValueSpecification","valueRequired":true,"valueName":"search_term_string"}}],"inLanguage":"fi"},{"@type":"Organization","@id":"https:\/\/www.lekogroup.fi\/www\/#organization","name":"Raskaan teollisuuden monipuolinen kumppani - LekoGroup","url":"https:\/\/www.lekogroup.fi\/www\/","logo":{"@type":"ImageObject","inLanguage":"fi","@id":"https:\/\/www.lekogroup.fi\/www\/#\/schema\/logo\/image\/","url":"https:\/\/www.lekogroup.fi\/www\/wp-content\/uploads\/2022\/12\/cropped-leko_group_logo.png","contentUrl":"https:\/\/www.lekogroup.fi\/www\/wp-content\/uploads\/2022\/12\/cropped-leko_group_logo.png","width":833,"height":250,"caption":"Raskaan teollisuuden monipuolinen kumppani - LekoGroup"},"image":{"@id":"https:\/\/www.lekogroup.fi\/www\/#\/schema\/logo\/image\/"}}]}},"_links":{"self":[{"href":"https:\/\/www.lekogroup.fi\/www\/wp-json\/wp\/v2\/pages\/4372","targetHints":{"allow":["GET"]}}],"collection":[{"href":"https:\/\/www.lekogroup.fi\/www\/wp-json\/wp\/v2\/pages"}],"about":[{"href":"https:\/\/www.lekogroup.fi\/www\/wp-json\/wp\/v2\/types\/page"}],"author":[{"embeddable":true,"href":"https:\/\/www.lekogroup.fi\/www\/wp-json\/wp\/v2\/users\/1"}],"replies":[{"embeddable":true,"href":"https:\/\/www.lekogroup.fi\/www\/wp-json\/wp\/v2\/comments?post=4372"}],"version-history":[{"count":1,"href":"https:\/\/www.lekogroup.fi\/www\/wp-json\/wp\/v2\/pages\/4372\/revisions"}],"predecessor-version":[{"id":15555,"href":"https:\/\/www.lekogroup.fi\/www\/wp-json\/wp\/v2\/pages\/4372\/revisions\/15555"}],"wp:attachment":[{"href":"https:\/\/www.lekogroup.fi\/www\/wp-json\/wp\/v2\/media?parent=4372"}],"curies":[{"name":"wp","href":"https:\/\/api.w.org\/{rel}","templated":true}]}}