{"id":4391,"date":"2019-03-29T11:28:02","date_gmt":"2019-03-29T09:28:02","guid":{"rendered":"https:\/\/www.lekogroup.fi\/?page_id=4391"},"modified":"2024-03-14T10:39:52","modified_gmt":"2024-03-14T08:39:52","slug":"huolto-ja-modernisointi","status":"publish","type":"page","link":"https:\/\/www.lekogroup.fi\/www\/fi\/huolto-ja-modernisointi\/","title":{"rendered":"Huolto ja modernisointi"},"content":{"rendered":"<h1><img decoding=\"async\" class=\"alignnone size-full wp-image-10875 lazyload\" data-src=\"https:\/\/www.lekogroup.fi\/www\/wp-content\/uploads\/2019\/04\/LEKO_GROUP_HUOLTO_MODERNISOINTI.jpg\" alt=\"\" width=\"1000\" height=\"468\" data-srcset=\"https:\/\/www.lekogroup.fi\/www\/wp-content\/uploads\/2019\/04\/LEKO_GROUP_HUOLTO_MODERNISOINTI.jpg 1000w, https:\/\/www.lekogroup.fi\/www\/wp-content\/uploads\/2019\/04\/LEKO_GROUP_HUOLTO_MODERNISOINTI-300x140.jpg 300w, https:\/\/www.lekogroup.fi\/www\/wp-content\/uploads\/2019\/04\/LEKO_GROUP_HUOLTO_MODERNISOINTI-768x359.jpg 768w\" data-sizes=\"(max-width: 1000px) 100vw, 1000px\" src=\"data:image\/svg+xml;base64,PHN2ZyB3aWR0aD0iMSIgaGVpZ2h0PSIxIiB4bWxucz0iaHR0cDovL3d3dy53My5vcmcvMjAwMC9zdmciPjwvc3ZnPg==\" style=\"--smush-placeholder-width: 1000px; --smush-placeholder-aspect-ratio: 1000\/468;\" \/>Huolto ja modernisointi<\/h1>\n<p>Valmistamiimme komponentteihin, tuotteisiin ja koneen osiin tarjoamme my\u00f6s huolto- ja modernisointipalvelua. Esimerkiksi ruuvikuljettimen k\u00e4ytt\u00f6ik\u00e4\u00e4 ja toimintavarmuutta voidaan tehostaa s\u00e4\u00e4nn\u00f6llisill\u00e4 huoltotoimenpiteill\u00e4 kuten akselitiivisteiden kirist\u00e4misell\u00e4 ja mahdollisten tukkeumien puhdistamisella. Itse ruuvi on laadukkaasti suunniteltuna ja valmistettuna hyvin pitk\u00e4ik\u00e4inen mutta k\u00e4ytt\u00f6laitteet, laakeroinnit sek\u00e4 ennen kaikkea akselitiivisteet vaativat s\u00e4\u00e4nn\u00f6llist\u00e4 huoltoa.<\/p>\n<p>Teollisuuspuhaltimille tarjoamme kunnonvalvontaa, kunnossapitosuunnitelmien tekoa sek\u00e4 s\u00e4\u00e4nn\u00f6llisi\u00e4 tarkastuksia.<\/p>\n<p>Koneistettujen osien k\u00e4ytt\u00f6ik\u00e4\u00e4 voidaan lis\u00e4t\u00e4 mm. erilaisilla pintak\u00e4sittelyill\u00e4 ja mekaniikan modernisoinnilla.<\/p>\n<p>Monesti my\u00f6s asiakkaan olemassaolevaan prosessiin voidaan tehd\u00e4 parannuksia ja vanhoja j\u00e4rjestelmi\u00e4 voidaan hy\u00f6dynt\u00e4\u00e4 uuden rakentamisessa. Esimerkiksi kipsikuljettimia voidaan uusia hy\u00f6tyk\u00e4ytt\u00e4en vanhoja kuljetinlohkoja. Olemme toimineen monessa modernisointiprojektissa yhteisty\u00f6ss\u00e4 esimerkiksi kunnossapitoyritysten kanssa, mutta uudistuksia voidaan toteuttaa my\u00f6s itsen\u00e4isesti. Kaikki modernisointikohteet ovat asiakaskohtaisia projekteja ja niiden laajuus vaihtelee.<\/p>\n","protected":false},"excerpt":{"rendered":"<p>Huolto ja modernisointi Valmistamiimme komponentteihin, tuotteisiin ja koneen osiin tarjoamme my\u00f6s huolto- ja modernisointipalvelua. Esimerkiksi ruuvikuljettimen k\u00e4ytt\u00f6ik\u00e4\u00e4 ja toimintavarmuutta voidaan tehostaa s\u00e4\u00e4nn\u00f6llisill\u00e4 huoltotoimenpiteill\u00e4 kuten akselitiivisteiden kirist\u00e4misell\u00e4 ja mahdollisten tukkeumien puhdistamisella. Itse ruuvi on laadukkaasti suunniteltuna ja valmistettuna hyvin pitk\u00e4ik\u00e4inen mutta k\u00e4ytt\u00f6laitteet, laakeroinnit sek\u00e4 ennen kaikkea akselitiivisteet vaativat s\u00e4\u00e4nn\u00f6llist\u00e4 huoltoa. Teollisuuspuhaltimille tarjoamme kunnonvalvontaa, kunnossapitosuunnitelmien tekoa sek\u00e4 &hellip; <\/p>\n<p class=\"link-more\"><a href=\"https:\/\/www.lekogroup.fi\/www\/fi\/huolto-ja-modernisointi\/\" class=\"more-link\">Read More <span class=\"screen-reader-text\"> &#8221;Huolto ja modernisointi&#8221;<\/span><\/a><\/p>\n","protected":false},"author":1,"featured_media":0,"parent":0,"menu_order":0,"comment_status":"closed","ping_status":"closed","template":"","meta":{"_monsterinsights_skip_tracking":false,"_monsterinsights_sitenote_active":false,"_monsterinsights_sitenote_note":"","_monsterinsights_sitenote_category":0,"ngg_post_thumbnail":0,"footnotes":""},"class_list":["post-4391","page","type-page","status-publish","hentry"],"yoast_head":"<!-- This site is optimized with the Yoast SEO plugin v27.0 - https:\/\/yoast.com\/product\/yoast-seo-wordpress\/ -->\n<title>Huolto ja modernisointi - Raskaan teollisuuden monipuolinen kumppani - LekoGroup<\/title>\n<meta name=\"robots\" content=\"index, follow, max-snippet:-1, max-image-preview:large, max-video-preview:-1\" \/>\n<link rel=\"canonical\" href=\"https:\/\/www.lekogroup.fi\/www\/fi\/huolto-ja-modernisointi\/\" \/>\n<meta property=\"og:locale\" content=\"fi_FI\" \/>\n<meta property=\"og:type\" content=\"article\" \/>\n<meta property=\"og:title\" content=\"Huolto ja modernisointi - Raskaan teollisuuden monipuolinen kumppani - LekoGroup\" \/>\n<meta property=\"og:description\" content=\"Huolto ja modernisointi Valmistamiimme komponentteihin, tuotteisiin ja koneen osiin tarjoamme my\u00f6s huolto- ja modernisointipalvelua. Esimerkiksi ruuvikuljettimen k\u00e4ytt\u00f6ik\u00e4\u00e4 ja toimintavarmuutta voidaan tehostaa s\u00e4\u00e4nn\u00f6llisill\u00e4 huoltotoimenpiteill\u00e4 kuten akselitiivisteiden kirist\u00e4misell\u00e4 ja mahdollisten tukkeumien puhdistamisella. Itse ruuvi on laadukkaasti suunniteltuna ja valmistettuna hyvin pitk\u00e4ik\u00e4inen mutta k\u00e4ytt\u00f6laitteet, laakeroinnit sek\u00e4 ennen kaikkea akselitiivisteet vaativat s\u00e4\u00e4nn\u00f6llist\u00e4 huoltoa. Teollisuuspuhaltimille tarjoamme kunnonvalvontaa, kunnossapitosuunnitelmien tekoa sek\u00e4 &hellip; Read More &quot;Huolto ja modernisointi&quot;\" \/>\n<meta property=\"og:url\" content=\"https:\/\/www.lekogroup.fi\/www\/fi\/huolto-ja-modernisointi\/\" \/>\n<meta property=\"og:site_name\" content=\"Raskaan teollisuuden monipuolinen kumppani - LekoGroup\" \/>\n<meta property=\"article:modified_time\" content=\"2024-03-14T08:39:52+00:00\" \/>\n<meta property=\"og:image\" content=\"https:\/\/www.lekogroup.fi\/www\/wp-content\/uploads\/2019\/04\/LEKO_GROUP_HUOLTO_MODERNISOINTI.jpg\" \/>\n<meta name=\"twitter:card\" content=\"summary_large_image\" \/>\n<meta name=\"twitter:label1\" content=\"Arvioitu lukuaika\" \/>\n\t<meta name=\"twitter:data1\" content=\"1 minuutti\" \/>\n<script type=\"application\/ld+json\" class=\"yoast-schema-graph\">{\"@context\":\"https:\/\/schema.org\",\"@graph\":[{\"@type\":\"WebPage\",\"@id\":\"https:\/\/www.lekogroup.fi\/www\/fi\/huolto-ja-modernisointi\/\",\"url\":\"https:\/\/www.lekogroup.fi\/www\/fi\/huolto-ja-modernisointi\/\",\"name\":\"Huolto ja modernisointi - Raskaan teollisuuden monipuolinen kumppani - LekoGroup\",\"isPartOf\":{\"@id\":\"https:\/\/www.lekogroup.fi\/www\/#website\"},\"primaryImageOfPage\":{\"@id\":\"https:\/\/www.lekogroup.fi\/www\/fi\/huolto-ja-modernisointi\/#primaryimage\"},\"image\":{\"@id\":\"https:\/\/www.lekogroup.fi\/www\/fi\/huolto-ja-modernisointi\/#primaryimage\"},\"thumbnailUrl\":\"https:\/\/www.lekogroup.fi\/www\/wp-content\/uploads\/2019\/04\/LEKO_GROUP_HUOLTO_MODERNISOINTI.jpg\",\"datePublished\":\"2019-03-29T09:28:02+00:00\",\"dateModified\":\"2024-03-14T08:39:52+00:00\",\"breadcrumb\":{\"@id\":\"https:\/\/www.lekogroup.fi\/www\/fi\/huolto-ja-modernisointi\/#breadcrumb\"},\"inLanguage\":\"fi\",\"potentialAction\":[{\"@type\":\"ReadAction\",\"target\":[\"https:\/\/www.lekogroup.fi\/www\/fi\/huolto-ja-modernisointi\/\"]}]},{\"@type\":\"ImageObject\",\"inLanguage\":\"fi\",\"@id\":\"https:\/\/www.lekogroup.fi\/www\/fi\/huolto-ja-modernisointi\/#primaryimage\",\"url\":\"https:\/\/www.lekogroup.fi\/www\/wp-content\/uploads\/2019\/04\/LEKO_GROUP_HUOLTO_MODERNISOINTI.jpg\",\"contentUrl\":\"https:\/\/www.lekogroup.fi\/www\/wp-content\/uploads\/2019\/04\/LEKO_GROUP_HUOLTO_MODERNISOINTI.jpg\",\"width\":1000,\"height\":468},{\"@type\":\"BreadcrumbList\",\"@id\":\"https:\/\/www.lekogroup.fi\/www\/fi\/huolto-ja-modernisointi\/#breadcrumb\",\"itemListElement\":[{\"@type\":\"ListItem\",\"position\":1,\"name\":\"Home\",\"item\":\"https:\/\/www.lekogroup.fi\/www\/fi\/etusivu\/\"},{\"@type\":\"ListItem\",\"position\":2,\"name\":\"Huolto ja modernisointi\"}]},{\"@type\":\"WebSite\",\"@id\":\"https:\/\/www.lekogroup.fi\/www\/#website\",\"url\":\"https:\/\/www.lekogroup.fi\/www\/\",\"name\":\"Raskaan teollisuuden monipuolinen kumppani - LekoGroup\",\"description\":\"\",\"publisher\":{\"@id\":\"https:\/\/www.lekogroup.fi\/www\/#organization\"},\"potentialAction\":[{\"@type\":\"SearchAction\",\"target\":{\"@type\":\"EntryPoint\",\"urlTemplate\":\"https:\/\/www.lekogroup.fi\/www\/?s={search_term_string}\"},\"query-input\":{\"@type\":\"PropertyValueSpecification\",\"valueRequired\":true,\"valueName\":\"search_term_string\"}}],\"inLanguage\":\"fi\"},{\"@type\":\"Organization\",\"@id\":\"https:\/\/www.lekogroup.fi\/www\/#organization\",\"name\":\"Raskaan teollisuuden monipuolinen kumppani - LekoGroup\",\"url\":\"https:\/\/www.lekogroup.fi\/www\/\",\"logo\":{\"@type\":\"ImageObject\",\"inLanguage\":\"fi\",\"@id\":\"https:\/\/www.lekogroup.fi\/www\/#\/schema\/logo\/image\/\",\"url\":\"https:\/\/www.lekogroup.fi\/www\/wp-content\/uploads\/2022\/12\/cropped-leko_group_logo.png\",\"contentUrl\":\"https:\/\/www.lekogroup.fi\/www\/wp-content\/uploads\/2022\/12\/cropped-leko_group_logo.png\",\"width\":833,\"height\":250,\"caption\":\"Raskaan teollisuuden monipuolinen kumppani - LekoGroup\"},\"image\":{\"@id\":\"https:\/\/www.lekogroup.fi\/www\/#\/schema\/logo\/image\/\"}}]}<\/script>\n<!-- \/ Yoast SEO plugin. -->","yoast_head_json":{"title":"Huolto ja modernisointi - Raskaan teollisuuden monipuolinen kumppani - LekoGroup","robots":{"index":"index","follow":"follow","max-snippet":"max-snippet:-1","max-image-preview":"max-image-preview:large","max-video-preview":"max-video-preview:-1"},"canonical":"https:\/\/www.lekogroup.fi\/www\/fi\/huolto-ja-modernisointi\/","og_locale":"fi_FI","og_type":"article","og_title":"Huolto ja modernisointi - Raskaan teollisuuden monipuolinen kumppani - LekoGroup","og_description":"Huolto ja modernisointi Valmistamiimme komponentteihin, tuotteisiin ja koneen osiin tarjoamme my\u00f6s huolto- ja modernisointipalvelua. Esimerkiksi ruuvikuljettimen k\u00e4ytt\u00f6ik\u00e4\u00e4 ja toimintavarmuutta voidaan tehostaa s\u00e4\u00e4nn\u00f6llisill\u00e4 huoltotoimenpiteill\u00e4 kuten akselitiivisteiden kirist\u00e4misell\u00e4 ja mahdollisten tukkeumien puhdistamisella. Itse ruuvi on laadukkaasti suunniteltuna ja valmistettuna hyvin pitk\u00e4ik\u00e4inen mutta k\u00e4ytt\u00f6laitteet, laakeroinnit sek\u00e4 ennen kaikkea akselitiivisteet vaativat s\u00e4\u00e4nn\u00f6llist\u00e4 huoltoa. Teollisuuspuhaltimille tarjoamme kunnonvalvontaa, kunnossapitosuunnitelmien tekoa sek\u00e4 &hellip; Read More \"Huolto ja modernisointi\"","og_url":"https:\/\/www.lekogroup.fi\/www\/fi\/huolto-ja-modernisointi\/","og_site_name":"Raskaan teollisuuden monipuolinen kumppani - LekoGroup","article_modified_time":"2024-03-14T08:39:52+00:00","og_image":[{"url":"https:\/\/www.lekogroup.fi\/www\/wp-content\/uploads\/2019\/04\/LEKO_GROUP_HUOLTO_MODERNISOINTI.jpg","type":"","width":"","height":""}],"twitter_card":"summary_large_image","twitter_misc":{"Arvioitu lukuaika":"1 minuutti"},"schema":{"@context":"https:\/\/schema.org","@graph":[{"@type":"WebPage","@id":"https:\/\/www.lekogroup.fi\/www\/fi\/huolto-ja-modernisointi\/","url":"https:\/\/www.lekogroup.fi\/www\/fi\/huolto-ja-modernisointi\/","name":"Huolto ja modernisointi - Raskaan teollisuuden monipuolinen kumppani - LekoGroup","isPartOf":{"@id":"https:\/\/www.lekogroup.fi\/www\/#website"},"primaryImageOfPage":{"@id":"https:\/\/www.lekogroup.fi\/www\/fi\/huolto-ja-modernisointi\/#primaryimage"},"image":{"@id":"https:\/\/www.lekogroup.fi\/www\/fi\/huolto-ja-modernisointi\/#primaryimage"},"thumbnailUrl":"https:\/\/www.lekogroup.fi\/www\/wp-content\/uploads\/2019\/04\/LEKO_GROUP_HUOLTO_MODERNISOINTI.jpg","datePublished":"2019-03-29T09:28:02+00:00","dateModified":"2024-03-14T08:39:52+00:00","breadcrumb":{"@id":"https:\/\/www.lekogroup.fi\/www\/fi\/huolto-ja-modernisointi\/#breadcrumb"},"inLanguage":"fi","potentialAction":[{"@type":"ReadAction","target":["https:\/\/www.lekogroup.fi\/www\/fi\/huolto-ja-modernisointi\/"]}]},{"@type":"ImageObject","inLanguage":"fi","@id":"https:\/\/www.lekogroup.fi\/www\/fi\/huolto-ja-modernisointi\/#primaryimage","url":"https:\/\/www.lekogroup.fi\/www\/wp-content\/uploads\/2019\/04\/LEKO_GROUP_HUOLTO_MODERNISOINTI.jpg","contentUrl":"https:\/\/www.lekogroup.fi\/www\/wp-content\/uploads\/2019\/04\/LEKO_GROUP_HUOLTO_MODERNISOINTI.jpg","width":1000,"height":468},{"@type":"BreadcrumbList","@id":"https:\/\/www.lekogroup.fi\/www\/fi\/huolto-ja-modernisointi\/#breadcrumb","itemListElement":[{"@type":"ListItem","position":1,"name":"Home","item":"https:\/\/www.lekogroup.fi\/www\/fi\/etusivu\/"},{"@type":"ListItem","position":2,"name":"Huolto ja modernisointi"}]},{"@type":"WebSite","@id":"https:\/\/www.lekogroup.fi\/www\/#website","url":"https:\/\/www.lekogroup.fi\/www\/","name":"Raskaan teollisuuden monipuolinen kumppani - LekoGroup","description":"","publisher":{"@id":"https:\/\/www.lekogroup.fi\/www\/#organization"},"potentialAction":[{"@type":"SearchAction","target":{"@type":"EntryPoint","urlTemplate":"https:\/\/www.lekogroup.fi\/www\/?s={search_term_string}"},"query-input":{"@type":"PropertyValueSpecification","valueRequired":true,"valueName":"search_term_string"}}],"inLanguage":"fi"},{"@type":"Organization","@id":"https:\/\/www.lekogroup.fi\/www\/#organization","name":"Raskaan teollisuuden monipuolinen kumppani - LekoGroup","url":"https:\/\/www.lekogroup.fi\/www\/","logo":{"@type":"ImageObject","inLanguage":"fi","@id":"https:\/\/www.lekogroup.fi\/www\/#\/schema\/logo\/image\/","url":"https:\/\/www.lekogroup.fi\/www\/wp-content\/uploads\/2022\/12\/cropped-leko_group_logo.png","contentUrl":"https:\/\/www.lekogroup.fi\/www\/wp-content\/uploads\/2022\/12\/cropped-leko_group_logo.png","width":833,"height":250,"caption":"Raskaan teollisuuden monipuolinen kumppani - LekoGroup"},"image":{"@id":"https:\/\/www.lekogroup.fi\/www\/#\/schema\/logo\/image\/"}}]}},"_links":{"self":[{"href":"https:\/\/www.lekogroup.fi\/www\/wp-json\/wp\/v2\/pages\/4391","targetHints":{"allow":["GET"]}}],"collection":[{"href":"https:\/\/www.lekogroup.fi\/www\/wp-json\/wp\/v2\/pages"}],"about":[{"href":"https:\/\/www.lekogroup.fi\/www\/wp-json\/wp\/v2\/types\/page"}],"author":[{"embeddable":true,"href":"https:\/\/www.lekogroup.fi\/www\/wp-json\/wp\/v2\/users\/1"}],"replies":[{"embeddable":true,"href":"https:\/\/www.lekogroup.fi\/www\/wp-json\/wp\/v2\/comments?post=4391"}],"version-history":[{"count":1,"href":"https:\/\/www.lekogroup.fi\/www\/wp-json\/wp\/v2\/pages\/4391\/revisions"}],"predecessor-version":[{"id":16534,"href":"https:\/\/www.lekogroup.fi\/www\/wp-json\/wp\/v2\/pages\/4391\/revisions\/16534"}],"wp:attachment":[{"href":"https:\/\/www.lekogroup.fi\/www\/wp-json\/wp\/v2\/media?parent=4391"}],"curies":[{"name":"wp","href":"https:\/\/api.w.org\/{rel}","templated":true}]}}